{"id":45,"date":"2014-06-12T16:19:04","date_gmt":"2014-06-12T14:19:04","guid":{"rendered":"https:\/\/bsinternational.co.uk\/?page_id=45"},"modified":"2016-03-09T09:48:58","modified_gmt":"2016-03-09T08:48:58","slug":"speak-write-corsi-on-demand","status":"publish","type":"page","link":"https:\/\/bsinternational.co.uk\/it\/speak-write-corsi-on-demand\/","title":{"rendered":"Speak &#038; Write! \u00a9 &#8211; Corsi on demand"},"content":{"rendered":"<h2>Cosa<\/h2>\n<p><strong>Speak &amp; Write! \u00a9<\/strong>\u00a0\u00e8 l&#8217; innovativo corso di\u00a0<strong>Inglese flessibile e modulare, consigliato dal livello A 2 sino al livello C2 del<\/strong><strong><a href=\"https:\/\/it.wikipedia.org\/wiki\/Quadro_comune_europeo_di_riferimento_per_la_conoscenza_delle_lingue\"> Cefr CoE <\/a><\/strong>\u00a0per tutte quelle persone che hanno la\u00a0<strong>necessit\u00e0<\/strong>\u00a0di comunicare in lingua Inglese in modo flessibile sia in termini temporali sia in termini geografici.<\/p>\n<p>L&#8217; Utente di\u00a0<strong>Speak &amp; Write! \u00a9 <\/strong>ogni volta infatti pu\u00f2 decidere se effettuare una lezione telefonica o in aula virtuale o pu\u00f2 esercitare il proprio writing, caricando un documento da lui scritto in Inglese che verr\u00e0 successivamente rivisto e corretto da un punto di vista di costruzione linguistica da parte del Docente dedicato.<\/p>\n<p>Con\u00a0<strong>Speak &amp; Write! \u00a9 <\/strong>lo Studente fa continua attivit\u00e0 di fluency e di revisione linguistica: i Docenti British School International sono a disposizione dal Luned\u00ec al Venerd\u00ec dalle 13.00 alle 24.00 e lo Studente\u00a0anche <em>last minute<\/em> pu\u00f2 frequentare la lezione.<\/p>\n<h2>Come<\/h2>\n<p><img loading=\"lazy\" decoding=\"async\" src=\"https:\/\/bsinternational.co.uk\/wp-content\/uploads\/2014\/06\/british_class_ondemand.png\" alt=\"british_class_ondemand\" width=\"781\" height=\"255\" class=\"alignnone size-full wp-image-1526\" srcset=\"https:\/\/bsinternational.co.uk\/wp-content\/uploads\/2014\/06\/british_class_ondemand-300x98.png 300w, https:\/\/bsinternational.co.uk\/wp-content\/uploads\/2014\/06\/british_class_ondemand-768x251.png 768w, https:\/\/bsinternational.co.uk\/wp-content\/uploads\/2014\/06\/british_class_ondemand.png 781w\" sizes=\"(max-width: 781px) 100vw, 781px\" \/><\/p>\n<p>La<strong> modalit\u00e0 Individual<\/strong> consente allo Studente di scegliere ogni volta tra Telephone ( a sua discrezione potra essere contattato sul telefono fisso o sul cellulare), Virtual Classroom e Writing: i programmi e le sessioni sono personalizzati sulle esigenze dello Studente<\/p>\n<p>La <strong>modalit\u00e0 Group<\/strong> consente ad un costo estremamente contenuto di frequentare micro-classi virtuali di max 4 partecipanti, sempre con docente madrelingua; l&#8217; Utente accedendo all&#8217; Agenda pu\u00f2 scegliere non solo la classe pertinente al proprio livello ma anche l&#8217; argomento che maggiormente lo interessa.<\/p>\n<p>Nel caso della sessione telefonica il Docente contatter\u00e0 lo Studente; nel caso dell&#8217; aula virtuale lo Studente potr\u00e0 accedervi semplicemente cliccando sul link dell&#8217; Agenda: essendo il sistema in tecnologia flash player , non sar\u00e0 necessario installare nulla ma semplicemente disporre di cuffie e microfono.Nel caso del Writing lo studente potr\u00e0 semplicemente digitare il documento o fare un copy &amp; paste e cliccare &#8220;Enter&#8221; per ricevere dopo pochi giorni la correzione che evidenzier\u00e0 in rosso gli errori, in verde come avrebbe dovuto essere costruita la frase ed in blu i commenti ed il rimando al link grammaticale.<\/p>\n<h2>Quando<\/h2>\n<p>Lo Studente pu\u00f2 accedere all&#8217; area Writing 24 ore su 24, 7 gg su 7; l&#8217; Area Speaking \u00e8 invece accessibile dal Luned\u00ec al Venerd\u00ec, dalle 13.00 alle 24.00.:\u00a0basta un clic sulla\u00a0<strong>data<\/strong>\u00a0ed\u00a0<strong>ora disponibile<\/strong>\u00a0per prenotare la lezione telefonica o in aula virtuale.<\/p>\n<h2>Nota Bene<\/h2>\n<p><a href=\"https:\/\/bsinternational.co.uk\/wp-content\/uploads\/2014\/06\/EduCentre-logo011.png\"><img loading=\"lazy\" decoding=\"async\" class=\" wp-image-172 alignright\" src=\"https:\/\/bsinternational.co.uk\/wp-content\/uploads\/2014\/06\/EduCentre-logo011.png\" alt=\"[cml_media_alt id='172']EduCentre-logo01[\/cml_media_alt]\" width=\"204\" height=\"85\" srcset=\"https:\/\/bsinternational.co.uk\/wp-content\/uploads\/2014\/06\/EduCentre-logo011-300x124.png 300w, https:\/\/bsinternational.co.uk\/wp-content\/uploads\/2014\/06\/EduCentre-logo011-1024x425.png 1024w, https:\/\/bsinternational.co.uk\/wp-content\/uploads\/2014\/06\/EduCentre-logo011.png 1124w\" sizes=\"(max-width: 204px) 100vw, 204px\" \/><\/a>L&#8217; area\u00a0<strong>Speak &amp; Write! \u00a9 \u00e8<\/strong> integrata alle sezioni<strong> My Activity <strong>\u00a9\u00a0<\/strong><\/strong>e<strong> My Course\u00a0<strong>\u00a9, <\/strong><\/strong>all&#8217; interno della <strong>Piattaforma EduCentre \u00a9 <\/strong>che integra la Formazione a Distanza assistita (FADA), con i percorsi e-learning, con l&#8217; area telefonica, di aula virtuale e di aula presenziale.<br \/>\nInoltre lo Studente potr\u00e0 accedere al Laboratorio Linguistico Virtuale (<strong>My Lab\u00a0<strong>\u00a9<\/strong> <\/strong>)<strong>\u00a0fruendo<\/strong><strong>\u00a0in modo illimitato<\/strong>\u00a0e per<strong>\u00a012 mesi<\/strong>\u00a0 di attivit\u00e0 Audio &#8211; Video ed Interattive per la Listening Comprehension, il Reading, il Writing la Grammatica, il Vocabulary e la Pronunciation.<\/p>\n","protected":false},"excerpt":{"rendered":"<p>Cosa Speak &amp; Write! \u00a9\u00a0\u00e8 l&#8217; innovativo corso di\u00a0Inglese flessibile e modulare, consigliato dal livello A 2 sino al livello C2 del Cefr CoE \u00a0per tutte quelle persone che hanno la\u00a0necessit\u00e0\u00a0di comunicare in lingua Inglese in modo flessibile sia in termini temporali sia in termini geografici. L&#8217; Utente di\u00a0Speak &amp; Write! \u00a9 ogni volta infatti [&hellip;]<\/p>\n","protected":false},"author":1,"featured_media":0,"parent":0,"menu_order":0,"comment_status":"open","ping_status":"open","template":"","meta":{"footnotes":""},"class_list":["post-45","page","type-page","status-publish","hentry"],"_links":{"self":[{"href":"https:\/\/bsinternational.co.uk\/it\/wp-json\/wp\/v2\/pages\/45\/"}],"collection":[{"href":"https:\/\/bsinternational.co.uk\/it\/wp-json\/wp\/v2\/pages\/"}],"about":[{"href":"https:\/\/bsinternational.co.uk\/it\/wp-json\/wp\/v2\/types\/page\/"}],"author":[{"embeddable":true,"href":"https:\/\/bsinternational.co.uk\/it\/wp-json\/wp\/v2\/users\/1\/"}],"replies":[{"embeddable":true,"href":"https:\/\/bsinternational.co.uk\/it\/wp-json\/wp\/v2\/comments\/?post=45"}],"version-history":[{"count":14,"href":"https:\/\/bsinternational.co.uk\/it\/wp-json\/wp\/v2\/pages\/45\/revisions\/"}],"predecessor-version":[{"id":1527,"href":"https:\/\/bsinternational.co.uk\/it\/wp-json\/wp\/v2\/pages\/45\/revisions\/1527\/"}],"wp:attachment":[{"href":"https:\/\/bsinternational.co.uk\/it\/wp-json\/wp\/v2\/media\/?parent=45"}],"curies":[{"name":"wp","href":"https:\/\/api.w.org\/{rel}","templated":true}]}}