{"id":35,"date":"2014-06-12T16:14:35","date_gmt":"2014-06-12T14:14:35","guid":{"rendered":"https:\/\/bsinternational.co.uk\/?page_id=35"},"modified":"2014-06-13T12:43:14","modified_gmt":"2014-06-13T10:43:14","slug":"classlearn-aula-presenziale","status":"publish","type":"page","link":"https:\/\/bsinternational.co.uk\/it\/classlearn-aula-presenziale\/","title":{"rendered":"ClassLearn \u00a9 &#8211; Aula presenziale"},"content":{"rendered":"<p><img loading=\"lazy\" decoding=\"async\" class=\"alignnone size-large wp-image-76\" src=\"https:\/\/bsinternational.co.uk\/wp-content\/uploads\/2014\/06\/j04228031-1024x1024.jpg\" alt=\"j04228031\" width=\"1024\" height=\"1024\" srcset=\"https:\/\/bsinternational.co.uk\/wp-content\/uploads\/2014\/06\/j04228031-45x45.jpg 45w, https:\/\/bsinternational.co.uk\/wp-content\/uploads\/2014\/06\/j04228031-150x150.jpg 150w, https:\/\/bsinternational.co.uk\/wp-content\/uploads\/2014\/06\/j04228031-230x230.jpg 230w, https:\/\/bsinternational.co.uk\/wp-content\/uploads\/2014\/06\/j04228031-300x300.jpg 300w, https:\/\/bsinternational.co.uk\/wp-content\/uploads\/2014\/06\/j04228031.jpg 1024w\" sizes=\"(max-width: 1024px) 100vw, 1024px\" \/><\/p>\n<h2>Cosa<\/h2>\n<p><strong>CLASSLEARN \u00a9<\/strong> \u00e8 la soluzione d\u2019Inglese frontale in <strong>Aula<\/strong> con il tuo docente madrelingua, studiato per tutte le persone che preferiscono interagire con il proprio docente di persona. Le lezioni possono essere effettuate in <strong>Gruppo<\/strong> o <strong>Individualmente<\/strong>, in base alle tue esigenze e preferenze.<\/p>\n<p>Con<strong> CLASSLEARN \u00a9<\/strong> impari l\u2019Inglese <strong>conversando e socializzando divertendoti<\/strong>, non \u00e8 mai stato cos\u00ec leggero imparare la lingua Inglese, tutto questo garantito dalla professionalit\u00e0 di<strong> BRITISH SCHOOL INTERNATIONAL\u00ae.<\/strong><\/p>\n<p>Al finale del corso frequentato riceverai inoltre un<strong> attestato<\/strong> del tuo livello linguistico raggiunto, certificato da <strong>BRITISH SCHOOL INTERNATIONAL\u00ae<\/strong>, secondo i<strong> Livelli del Consiglio d\u2019 Europa.<\/strong><\/p>\n<h2>Come<\/h2>\n<p><strong>CLASSLEARN \u00a9<\/strong> come ogni prodotto offerto dal marchio <strong>BRITISH SCHOOL INTERNATIONAL\u00ae<\/strong> ti offre delle <strong>novit\u00e0 esclusive e completamente originali<\/strong>:<\/p>\n<p>tramite il<strong> LANGUAGE PROCESS \u00a9<\/strong> viene analizzato il tuo esatto livello di Inglese secondo i<strong> Livelli del Consiglio d\u2019 Europa<\/strong>, in modo tale da poterti offrire ci\u00f2 che realmente hai bisogno, seguendo le tue<strong> esigenze e preferenze<\/strong>.<\/p>\n<h2>Quando<\/h2>\n<p>La Durata del corso <strong>CLASSLEARN \u00a9<\/strong> \u00e8 completamente customizzata sulle tue esigenze: potrai inoltre scegliere frequenza di giornate ed orari.<\/p>\n<p>Puoi inoltre trovare il sito internet completo della soluzione<strong> CLASSLEARN \u00a9<\/strong> CLICCANDO QUA<\/p>\n","protected":false},"excerpt":{"rendered":"<p>Cosa CLASSLEARN \u00a9 \u00e8 la soluzione d\u2019Inglese frontale in Aula con il tuo docente madrelingua, studiato per tutte le persone che preferiscono interagire con il proprio docente di persona. Le lezioni possono essere effettuate in Gruppo o Individualmente, in base alle tue esigenze e preferenze. Con CLASSLEARN \u00a9 impari l\u2019Inglese conversando e socializzando divertendoti, non [&hellip;]<\/p>\n","protected":false},"author":1,"featured_media":0,"parent":0,"menu_order":0,"comment_status":"open","ping_status":"open","template":"","meta":{"footnotes":""},"class_list":["post-35","page","type-page","status-publish","hentry"],"_links":{"self":[{"href":"https:\/\/bsinternational.co.uk\/it\/wp-json\/wp\/v2\/pages\/35\/"}],"collection":[{"href":"https:\/\/bsinternational.co.uk\/it\/wp-json\/wp\/v2\/pages\/"}],"about":[{"href":"https:\/\/bsinternational.co.uk\/it\/wp-json\/wp\/v2\/types\/page\/"}],"author":[{"embeddable":true,"href":"https:\/\/bsinternational.co.uk\/it\/wp-json\/wp\/v2\/users\/1\/"}],"replies":[{"embeddable":true,"href":"https:\/\/bsinternational.co.uk\/it\/wp-json\/wp\/v2\/comments\/?post=35"}],"version-history":[{"count":3,"href":"https:\/\/bsinternational.co.uk\/it\/wp-json\/wp\/v2\/pages\/35\/revisions\/"}],"predecessor-version":[{"id":78,"href":"https:\/\/bsinternational.co.uk\/it\/wp-json\/wp\/v2\/pages\/35\/revisions\/78\/"}],"wp:attachment":[{"href":"https:\/\/bsinternational.co.uk\/it\/wp-json\/wp\/v2\/media\/?parent=35"}],"curies":[{"name":"wp","href":"https:\/\/api.w.org\/{rel}","templated":true}]}}