{"id":31,"date":"2014-06-12T16:13:28","date_gmt":"2014-06-12T14:13:28","guid":{"rendered":"https:\/\/bsinternational.co.uk\/?page_id=31"},"modified":"2017-11-06T10:37:37","modified_gmt":"2017-11-06T09:37:37","slug":"british-class-interactive-english","status":"publish","type":"page","link":"https:\/\/bsinternational.co.uk\/it\/british-class-interactive-english\/","title":{"rendered":"British Class! \u00a9 &#8211; Interactive English"},"content":{"rendered":"<p>Il corso <strong>British Class! \u00a9 &#8211; Interactive English<\/strong>\u00a0di British School International Ti permette di parlare Inglese con <strong>Docenti Madrelingua certificati in piccole classi e conoscendo nuovi amici, apprendendo velocemente e divertendoti.<\/strong><\/p>\n<p><img loading=\"lazy\" decoding=\"async\" class=\"alignnone size-full wp-image-1532\" src=\"https:\/\/bsinternational.co.uk\/wp-content\/uploads\/2014\/06\/class.png\" alt=\"class\" width=\"780\" height=\"300\" srcset=\"https:\/\/bsinternational.co.uk\/wp-content\/uploads\/2014\/06\/class-300x115.png 300w, https:\/\/bsinternational.co.uk\/wp-content\/uploads\/2014\/06\/class-768x295.png 768w, https:\/\/bsinternational.co.uk\/wp-content\/uploads\/2014\/06\/class.png 780w\" sizes=\"(max-width: 780px) 100vw, 780px\" \/><br \/>\nOgni settimana avrai la <strong>possibilit\u00e0 di variare giornate ed orari della Tua lezione<\/strong>, anche il giorno stesso; il tutto con la massima flessibilit\u00e0.<\/p>\n<p>Oltre al percorso interattivo in Aula dove potrai\u00a0<strong>conversare<\/strong>\u00a0e\u00a0migliorare g<strong>rammatica e lessico<\/strong>, avrai a disposizione il <strong>corso online My Course<\/strong> che ti consentir\u00e0 di rafforzare e consolidare quanto appreso in Aula.<\/p>\n<p>Le sessioni d&#8217; Aula saranno da Te <strong>prenotabili anche <em>last minute*<\/em> cliccando sull&#8217; agenda online<\/strong>\u00a0che si apre dopo che avrai effettuato l&#8217; accesso al seguente link:\u00a0<strong><a href=\"https:\/\/britishmilano.it\/interactive\/\">https:\/\/britishmilano.it\/interactive\/<\/a>\u00a0ed inserendo\u00a0il codice del Coupon ed il Codice di Sicurezza.<\/strong><\/p>\n<style type='text\/css'>.reading-box-container-1 .element-bottomshadow:before,.reading-box-container-1 .element-bottomshadow:after{opacity:0.7;}<\/style><div class=\"fusion-reading-box-container reading-box-container-1 Tagline-Home\" style=\"margin-top:0px;margin-bottom:0px;\"><div class=\"reading-box element-bottomshadow\" style=\"background-color:#f6f6f6;border-width:0px;border-color:#222961;border-bottom-width:3px;border-bottom-color:#bd0d0d;border-style:solid;\"><a class=\"button fusion-button fusion-button-default button-square fusion-button-large button-large button-flat  fusion-desktop-button continue continue-right\" style=\"-webkit-box-shadow:none;-moz-box-shadow:none;box-shadow:none;\" href=\"https:\/\/britishmilano.it\/interactive\/\" target=\"_blank\"><span>ENTER<\/span><\/a><h2>Interactive English! \u00a9<\/h2><div class=\"reading-box-additional\"><\/div><a class=\"button fusion-button fusion-button-default button-square fusion-button-large button-large button-flat  fusion-mobile-button continue-right\" style=\"-webkit-box-shadow:none;-moz-box-shadow:none;box-shadow:none;\" href=\"https:\/\/britishmilano.it\/interactive\/\" target=\"_blank\"><span>ENTER<\/span><\/a><\/div><\/div>\n<p><img loading=\"lazy\" decoding=\"async\" class=\"alignnone size-full wp-image-1534\" src=\"https:\/\/bsinternational.co.uk\/wp-content\/uploads\/2014\/06\/Intercactive_english.png\" alt=\"Intercactive_english\" width=\"780\" height=\"234\" srcset=\"https:\/\/bsinternational.co.uk\/wp-content\/uploads\/2014\/06\/Intercactive_english-300x90.png 300w, https:\/\/bsinternational.co.uk\/wp-content\/uploads\/2014\/06\/Intercactive_english-768x230.png 768w, https:\/\/bsinternational.co.uk\/wp-content\/uploads\/2014\/06\/Intercactive_english.png 780w\" sizes=\"(max-width: 780px) 100vw, 780px\" \/><\/p>\n<p>Con <span style=\"color: #333333;\"><strong>British Class! \u00a9 &#8211; Interactive English<\/strong>\u00a0<\/span>finalmente potrai comunicare in\u00a0Inglese con flessibilit\u00e0, in coinvolgenti sessioni\u00a0d\u2019aula fortemente interattive: le classi potranno essere da individuali sino ad un massimo di 15 persone a seconda delle persone che si prenotano; oltre i 15 partecipanti il sistema di prenotazione blocca lo slot\u00a0\u00a0per garantire\u00a0\u00a0l&#8217; interattivit\u00e0 del gruppo.<\/p>\n<p>&nbsp;<\/p>\n<p style=\"color: #494949;\">E&#8217; compreso il <strong>Test, l&#8217; analisi degli obiettivi, il corso online My Course <span style=\"color: #333333;\">\u00a9\u00a0<\/span>\u00a0e l&#8217; accesso illimitato per 6\/12\/18 mesi al Laboratorio Linguistico Virtuale My Lab\u00a0<span style=\"color: #333333;\">\u00a9<\/span><\/strong>\u00a0per sviluppare\u00a0<strong>listening, reading, writing, vocabulary, grammar.<\/strong><\/p>\n<p><a href=\"https:\/\/bsinternational.co.uk\/wp-content\/uploads\/2014\/06\/audio.jpg\"><img loading=\"lazy\" decoding=\"async\" class=\"size-full wp-image-184 alignleft\" src=\"https:\/\/bsinternational.co.uk\/wp-content\/uploads\/2014\/06\/audio.jpg\" alt=\"[cml_media_alt id='184']audio[\/cml_media_alt]\" width=\"225\" height=\"225\" srcset=\"https:\/\/bsinternational.co.uk\/wp-content\/uploads\/2014\/06\/audio-45x45.jpg 45w, https:\/\/bsinternational.co.uk\/wp-content\/uploads\/2014\/06\/audio-150x150.jpg 150w, https:\/\/bsinternational.co.uk\/wp-content\/uploads\/2014\/06\/audio.jpg 225w\" sizes=\"(max-width: 225px) 100vw, 225px\" \/><\/a> <a href=\"https:\/\/bsinternational.co.uk\/wp-content\/uploads\/2014\/06\/audio2.jpg\"><img loading=\"lazy\" decoding=\"async\" class=\"size-full wp-image-183 alignleft\" src=\"https:\/\/bsinternational.co.uk\/wp-content\/uploads\/2014\/06\/audio2.jpg\" alt=\"[cml_media_alt id='183']audio2[\/cml_media_alt]\" width=\"228\" height=\"221\" srcset=\"https:\/\/bsinternational.co.uk\/wp-content\/uploads\/2014\/06\/audio2-45x45.jpg 45w, https:\/\/bsinternational.co.uk\/wp-content\/uploads\/2014\/06\/audio2.jpg 228w\" sizes=\"(max-width: 228px) 100vw, 228px\" \/><\/a><br \/>\nFinalmente potrai parlare inglese con flessibilit\u00e0, in coinvolgenti <strong>sessioni linguistiche d\u2019Aula in presenza<\/strong> che si tengono sia durante la settimana sia il sabato mattina, il tutto in un ambiente dedicato alla formazione: la sede di British School International\u00a0si trova in zona Moscova<strong>, in pieno centro a Milano<\/strong>, in via di Porta Tenaglia al nr 1\/3 (Tel 02-660.16.384 ; Email:<a href=\"mailto:milan@bsinternational.eu\">milan@bsinternational.eu<\/a>).<\/p>\n<p>&nbsp;<\/p>\n<p>Avrai in pi\u00f9 a disposizione il corso online My Course\u00a0di British School International con cui potrai sviluppare e consolidare il Tuo Inglese, <strong>approfondendo lessico, ascolto, grammatica, lettura e scrittura!<\/strong><\/p>\n<p>&nbsp;<\/p>\n<p>Oltre a My Course , l\u2019offerta d\u00e0 infine diritto <strong>al test Cambridge<\/strong>, <strong>all\u2019 Attestazione del Consiglio d\u2019Europa British School<\/strong> (CEFR COE \u00a9) e a diventare<strong> BSI\u00a0Member, ove avrai a disposizione tutta una serie di facilitazioni e di sconti.<\/strong><\/p>\n<p>&nbsp;<\/p>\n<h2><strong>ISTRUZIONI<\/strong><\/h2>\n<p><strong>Per accedere a tutti i servizi inclusi di\u00a0British Class! \u00a9 &#8211; Interactive English\u00a0\u00e8 semplice<\/strong> :<\/p>\n<p>Una volta acquistato il Coupon, recati presso la nostra sede di Porta Tenaglia 1\/3, 20121 Milano (M2 Moscova) : lo staff di British School International ti far\u00e0 accedere alla pagina di registrazione ed al Test\u00a0Linguistico.<\/p>\n<p>In funzione del livello risultante (Elementary, <em>inglese base<\/em>;Intermediate,\u00a0<em>inglese elementare-falso principiante,<\/em>\u00a0o Advanced\u00a0(<em>inglese intermedio-avanzato),<\/em> potrai accedere quindi all&#8217; Agenda di prenotazione ove troverai per ogni giornata e per ogni aula gli slots corrispondenti al tuo livello (Elementary,Intermediate, Advanced).<\/p>\n<p>All&#8217; agenda potrai accedere in ogni momento semplicemente andando su <a href=\"https:\/\/britishmilano.it\/interactive\/\"><strong>britishmilano.it\/interactive<\/strong><\/a>\u00a0ed inserendo\u00a0il codice del Coupon ed il Codice di Sicurezza; a quel punto potrai :<\/p>\n<ol>\n<li>Prenotare la tua lezione\u00a0settimanale di aula in presenza: andando sul menu e cliccando su <strong>ClassRoom<\/strong>, sar\u00e0 sufficiente che selezioni il giorno e l\u2019orario da te preferiti: portando con te la prenotazione sarai accolto dal tuo docente e dai compagni di classe. Ogni settimana potrai cambiare la frequenza (giorno e ora)\u00a0in funzione delle Tue esigenze.<\/li>\n<li>Accedere al Corso a distanza <strong>My Course<\/strong> di British School International: andando sul menu e cliccando su\u00a0<strong>My Course<\/strong> potrai accedere al Corso 24 ore su 24, tutti i giorni della settimana, per tutta la durata del corso: il test iniziale da te effettuato in sede di registrazione ti aiuter\u00e0 a scegliere il livello pi\u00f9 adatto a te. In funzione del pacchetto da te acquistato potrai accedere al corso per 6\/12\/18 mesi.<\/li>\n<\/ol>\n<p>&nbsp;<\/p>\n<p class=\"western\"><strong>Aula Presenziale:<\/strong> le nostre aule, localizzate a Milano in Via di Porta Tenaglia al 1\/3, sono facilmente raggiungibili in metropolitana M2 Linea Verde, (Moscova) che si trova a soli 150 metri dalla ns sede o con altri mezzi di superficie. Se invece arrivi in auto, hai a disposizione diverse opzioni di parcheggi coperti. Ogni settimana hai diritto ad una sessione in Aula presenziale; le prenotazioni si chiudono ad un massimo di 15 partecipanti; in agenda viene indicato se la sessione \u00e8 di tipologia\u00a0 Elementary ( inglese elementare), Intermediate (inglese elementare-intermedio) o Advanced (inglese intermedio-avanzato).<\/p>\n<p>Fasce orarie disponibili nella settimana :<\/p>\n<ul>\n<li>Slot 17.30-18.30<\/li>\n<li>Slot 18.30-19.30<\/li>\n<li>Slot 19.30-20.30<\/li>\n<li>Slot 20.30-21.30<\/li>\n<\/ul>\n<p>Fasce orarie disponibili il sabato mattina:<\/p>\n<ul>\n<li>Slot 09.30-10.30<\/li>\n<li>Slot 10.30-11.30<\/li>\n<li>Slot 11.30-12.30<\/li>\n<li>Slot 12.30-13.30<\/li>\n<\/ul>\n<p>Potrai variare la frequenza ogni volta, secondo le tue esigenze; il mancato utilizzo del credito durante la settimana o tardive prenotazioni con sessioni gi\u00e0 al completo (max 15 partecipanti iscritti), non danno diritto al recupero della sessione non effettuata; dal momento in cui tu abbia attivato il corso, scaduto il termine di calendario da te acquistato (6\/12\/18 mesi), non potrai pi\u00f9 accedere alle prenotazioni dell\u2019 Aula Presenziale.<\/p>\n<p>&nbsp;<\/p>\n<p><strong>Corso a distanza British School: My Course\u00a0<\/strong>\u00e8 un innovativo sistema per apprendere rapidamente l\u2019inglese basato sull\u2019integrazione tra un percorso di apprendimento certo e completo. Si tratta di un percorso didattico basato su stimoli\u00a0<strong>audio-video e testuali<\/strong>\u00a0attraverso i quali l\u2019utente apprende vocaboli e strutture linguistiche in\u00a0<strong>maniera naturale e contestuale<\/strong>\u00a0grazie ad una serie di\u00a0<strong>esercizi divertenti.<\/strong>\u00a0I contenuti didattici attingono alla vita reale\u00a0<strong>con esempi e casi concreti di situazioni reali,\u00a0<\/strong>che percepisci come vicine: il progresso \u00e8 monitorabile attraverso un\u2019 accurata sezione di reporting.<\/p>\n<p>Il corso si struttura sui\u00a0<strong>livelli ufficiali del Consiglio d\u2019 Europa,<\/strong>\u00a0il Common European Framework, comprendendo l\u2019intervallo che va dal Livello A1 (Principante) al Livello B2 (Intermedio), fascia in cui sar\u00e0 possibile parlare Inglese con scioltezza. Completato il corso verr\u00e0 consegnato l\u2019<strong>Attestato di Livello del Consiglio d\u2019 Europa.<\/strong><\/p>\n<p>&nbsp;<\/p>\n<p><strong>Test Cambridge: <\/strong>una volta terminato il corso, dovrai inviare comunicazione via mail a<strong> \u00a0<strong><a href=\"mailto:milan@bsinternational.eu\">milan@bsinternational.eu<\/a><\/strong><\/strong>, riportando nome-cognome-codice coupon e security code, in modo che la segreteria British School International possa attivare la licenza del Test Cambridge: una volta che avrai effettuato il test ti invieremo il record con l\u2019Attestazione di Livello del Consiglio d\u2019Europa.<\/p>\n<p>&nbsp;<\/p>\n<p><strong>Inizio di British Class! \u00a9 &#8211; Interactive English<\/strong>: a partire dal 17 \u00a0novembre 2014\u00a0non appena Tu abbia completato l\u2019 iscrizione pagando la quota associativa di \u20ac 25,00 ed effettuato il test di livello (orari di Segreteria dal Luned\u00ec al Gioved\u00ec 09.00-13.00 e 14.00-18.00; Venerd\u00ec 9.00-13.00 e 14.00-17.00)<\/p>\n<p>&nbsp;<\/p>\n<p><strong>Periodi di non effettuazione delle lezioni<\/strong>: Dal 13 Aprile Al 17 Aprile 2017, dal 24 Aprile al 1 Maggio 2017.<\/p>\n<p>Durata dei pacchetti: i pacchetti 6\/12\/18 mesi comprendono anche le settimane in cui non \u00e8 prevista l&#8217; effettuazione delle lezioni:<\/p>\n<ul>\n<li>la durata effettiva del pacchetto 6 mesi \u00e8 di 20 lezioni in aula presenziali\u00a0(da effettuarsi in 6 mesi di calendario)\u00a0+ 6 mesi di calendario di accesso al Laboratorio Linguistico Virtuale;<\/li>\n<li>la durata effettiva del pacchetto 12 mesi \u00e8 di 40 lezioni in aula presenziali (da effettuarsi in 12 mesi di calendario) + 12 mesi di calendario di accesso al Laboratorio Linguistico Virtuale;<\/li>\n<li>la durata effettiva del pacchetto 18 mesi \u00e8 di 60 lezioni in aula presenziali (da effettuarsi in 18 mesi di calendario) + 12 mesi di calendario di accesso al Laboratorio Linguistico Virtuale;<\/li>\n<\/ul>\n<p><strong>Quota BSI Member: obbligatoria per poter attivare il corso; <\/strong>tale quota \u00e8 fissata promozionalmente per gli Utenti Groupon in \u20ac 25,00 anzich\u00e9 \u20ac 85,00; diventando BSI\u00a0Member hai diritto sia all\u2019 accesso illimitato per 6\/12\/18 mesi al\u00a0Laboratorio Linguistico Virtuale, My Lab ove potrai esercitarti senza limiti, sia agli sconti sui corsi British School International e ad essere invitato agli <em>Open Days<\/em> ed alle iniziative della scuola).<\/p>\n<p>La quota associativa \u00e8 possibile pagarla in segreteria dal Luned\u00ec al Venerd\u00ec dalle 10:00 alle 13:00 e dalle 14:00 alle 19:00<br \/>\n<img loading=\"lazy\" decoding=\"async\" src=\"https:\/\/www.paypalobjectseu.webx4.d2.cz\/it_IT\/i\/scr\/pixel.gif\" alt=\"\" width=\"1\" height=\"1\" border=\"0\" \/><\/p>\n<form action=\"https:\/\/www.paypaleu.webx4.d2.cz\/cgi-bin\/webscr\" method=\"post\" target=\"_top\"><\/form>\n<p>Una volta pagata la quota e\u00a0 trasmessoci il coupon e gli estremi del pagamento via mail (riportando cognome \u2013 nome \u2013 numero di coupon e stampando la ricevuta se si ha saldato a mezzo PayPal) alla casella di posta:\u00a0<strong><a href=\"mailto:milan@bsinternational.eu\">milan@bsinternational.eu<\/a><\/strong><strong>\u00a0\u00a0<\/strong>riceverai via email le credenziali per accedere al tuo corso ed effettuare il test per conoscere il tuo livello.<\/p>\n<p>* le lezioni sono prenotabili anche last minute a condizione che non sia stata raggiunta la capienza massima prevista, pari a 15 partecipanti.<\/p>\n","protected":false},"excerpt":{"rendered":"<p>Il corso British Class! \u00a9 &#8211; Interactive English\u00a0di British School International Ti permette di parlare Inglese con Docenti Madrelingua certificati in piccole classi e conoscendo nuovi amici, apprendendo velocemente e divertendoti. Ogni settimana avrai la possibilit\u00e0 di variare giornate ed orari della Tua lezione, anche il giorno stesso; il tutto con la massima flessibilit\u00e0. Oltre [&hellip;]<\/p>\n","protected":false},"author":1,"featured_media":0,"parent":0,"menu_order":0,"comment_status":"open","ping_status":"closed","template":"","meta":{"footnotes":""},"class_list":["post-31","page","type-page","status-publish","hentry"],"_links":{"self":[{"href":"https:\/\/bsinternational.co.uk\/it\/wp-json\/wp\/v2\/pages\/31\/"}],"collection":[{"href":"https:\/\/bsinternational.co.uk\/it\/wp-json\/wp\/v2\/pages\/"}],"about":[{"href":"https:\/\/bsinternational.co.uk\/it\/wp-json\/wp\/v2\/types\/page\/"}],"author":[{"embeddable":true,"href":"https:\/\/bsinternational.co.uk\/it\/wp-json\/wp\/v2\/users\/1\/"}],"replies":[{"embeddable":true,"href":"https:\/\/bsinternational.co.uk\/it\/wp-json\/wp\/v2\/comments\/?post=31"}],"version-history":[{"count":38,"href":"https:\/\/bsinternational.co.uk\/it\/wp-json\/wp\/v2\/pages\/31\/revisions\/"}],"predecessor-version":[{"id":1665,"href":"https:\/\/bsinternational.co.uk\/it\/wp-json\/wp\/v2\/pages\/31\/revisions\/1665\/"}],"wp:attachment":[{"href":"https:\/\/bsinternational.co.uk\/it\/wp-json\/wp\/v2\/media\/?parent=31"}],"curies":[{"name":"wp","href":"https:\/\/api.w.org\/{rel}","templated":true}]}}