{"id":1685,"date":"2018-03-21T16:44:51","date_gmt":"2018-03-21T15:44:51","guid":{"rendered":"https:\/\/bsinternational.co.uk\/?page_id=1685"},"modified":"2018-03-27T10:58:55","modified_gmt":"2018-03-27T08:58:55","slug":"english-infinity-milano","status":"publish","type":"page","link":"https:\/\/bsinternational.co.uk\/it\/english-infinity-milano\/","title":{"rendered":"English Infinity Milano"},"content":{"rendered":"<p>&nbsp;<\/p>\n<p style=\"margin-top: 0.4cm; margin-bottom: 0.17cm; line-height: 0.58cm;\" align=\"CENTER\"><span style=\"color: #494949;\"><span style=\"font-family: Arial,serif;\"><span style=\"font-size: x-large;\">English Infinity\u00a9!<\/span><\/span><\/span><\/p>\n<p style=\"text-align: center;\"><em>connect to the world!<\/em><\/p>\n<p style=\"margin-top: 0.4cm; margin-bottom: 0.17cm; line-height: 0.58cm;\" align=\"CENTER\"><img loading=\"lazy\" decoding=\"async\" class=\"alignnone size-full wp-image-1690\" src=\"https:\/\/bsinternational.co.uk\/wp-content\/uploads\/2018\/03\/infinity-BSI.png\" alt=\"infinity BSI\" width=\"643\" height=\"429\" srcset=\"https:\/\/bsinternational.co.uk\/wp-content\/uploads\/2018\/03\/infinity-BSI-200x133.png 200w, https:\/\/bsinternational.co.uk\/wp-content\/uploads\/2018\/03\/infinity-BSI-300x200.png 300w, https:\/\/bsinternational.co.uk\/wp-content\/uploads\/2018\/03\/infinity-BSI-400x267.png 400w, https:\/\/bsinternational.co.uk\/wp-content\/uploads\/2018\/03\/infinity-BSI-600x400.png 600w, https:\/\/bsinternational.co.uk\/wp-content\/uploads\/2018\/03\/infinity-BSI.png 643w\" sizes=\"(max-width: 643px) 100vw, 643px\" \/><\/p>\n<p align=\"center\"><strong>con English Infinity<strong>\u00a9<\/strong> parli inglese, ti diverti e conosci amici: garantisce British School.<\/strong><\/p>\n<p style=\"text-align: center;\"><a href=\"https:\/\/english-onlineeu.webx4.d2.cz\/conversation\/registration\/\" target=\"_blank\" rel=\"noopener\"><img loading=\"lazy\" decoding=\"async\" class=\"alignnone\" style=\"margin-left: 10px;\" title=\"registrazione\" src=\"https:\/\/bsinternational.co.uk\/wp-content\/uploads\/2018\/03\/registrazione.png\" width=\"290\" height=\"60\" \/><\/a><a href=\"https:\/\/english-onlineeu.webx4.d2.cz\/conversation\/\" target=\"_blank\" rel=\"noopener\"><img loading=\"lazy\" decoding=\"async\" class=\"alignnone\" style=\"margin-left: 10px;\" title=\"Login\" src=\"https:\/\/bsinternational.co.uk\/wp-content\/uploads\/2018\/03\/login.png\" width=\"290\" height=\"60\" \/><\/a><\/p>\n<p>Finalmente puoi parlare inglese con flessibilit\u00e0, in coinvolgenti <strong>sessioni linguistiche d\u2019Aula in presenza<\/strong> che si tengono sia durante la settimana sia il sabato mattina, il tutto in un ambiente rilassante, <span style=\"text-decoration: underline;\"><strong>la sede di British School International<\/strong><\/span> si trova nel verde di una delle pi\u00f9 belle zone residenziali di Milano, il quartiere De Angeli-Frua<\/p>\n<p>In pi\u00f9 avrai a disposizione<strong> un modulo del corso a distanza di British School International <span style=\"text-decoration: underline;\"><a href=\"https:\/\/britishschool-italia.it\/corsi\/corsi-a-distanza\/\">My Course<\/a><\/span><\/strong>, ove potrai sviluppare e consolidare il Tuo Inglese, <strong>approfondendo lessico, ascolto, grammatica, lettura e scrittura!<\/strong><\/p>\n<p>Chi \u00e8 inoltre alla ricerca di lavoro trover\u00e0 molto utile scaricare il manuale &#8220;<strong>Job Interviews<\/strong>&#8221; ove trover\u00e0 tutta una serie di tecniche su <strong>come affrontare al meglio un colloquio di lavoro in Inglese<\/strong>.<\/p>\n<p>L\u2019offerta d\u00e0 infine diritto <strong>al test EPT dell\u2019Universit\u00e0 di Cambridge<\/strong>, <strong>all\u2019Attestazione del Consiglio d\u2019Europa British School<\/strong> (CEFR COE \u00a9) e a diventare <strong>BSI Member<\/strong> con il diritto alla scontistica su tutti i corsi offerti, anche per il nucleo familiare, e ad essere invitato agli open days e alle iniziative dell\u2019istituto.<\/p>\n<p><strong>Per accedere a tutti i servizi inclusi in English Infinity \u00e8 molto semplice<\/strong> : clicca su <a href=\"https:\/\/english-onlineeu.webx4.d2.cz\/conversation\">https:\/\/english-onlineeu.webx4.d2.cz\/conversation<\/a>, inserendo quindi il codice del Coupon ed il Codice di Sicurezza, a quel punto potrai :<\/p>\n<ol>\n<li>Prenotare la tua sessione settimanale di aula in presenza, vai sul menu e clicca su <strong>ClassRoom<\/strong>, a quel punto semplicemente selezionando il giorno e l\u2019orario da te preferiti e il gioco \u00e8 fatto: presentandoti con la prenotazione sarai accolto dal tuo docente e dai compagni di classe. Ogni settimana potrai cambiare la frequenza (giorno e ora) a seconda delle tue necessit\u00e0.<\/li>\n<li>Accedere al Corso a distanza di British School International \u00e8 semplicissimo: vai sul menu e clicca su <strong>My Course<\/strong> potrai accedere ad un modulo di Corso 24 ore su 24, tutti i giorni della settimana, per tutta la durata del deal: il test iniziale da te effettuato in sede di registrazione ti aiuter\u00e0 a scegliere il livello pi\u00f9 adatto a te. In funzione del pacchetto da te acquistato potrai accedere al corso per 6 (20 Credits), per 12 mesi (40 Credits) o per 18 mesi (60 Credits); ogni Credit d\u00e0 diritto ad un&#8217;ora di lezione presenziale una volta alla settimana.<\/li>\n<li>Scaricare il manuale su come gestire un colloquio di lavoro in inglese: dovrai semplicemente andare sul menu e cliccare su <strong>Job Interviews<\/strong><\/li>\n<\/ol>\n<p><strong>Aula Presenziale:<\/strong> le <strong><a href=\"https:\/\/www.google.it\/maps\/uv?hl=en&amp;pb=!1s0x4786c16344dec97b:0xcb84e0bf45df7712!2m5!2m2!1i80!2i80!3m1!2i100!3m1!7e1!4shttps:\/\/plus.googleeu.webx4.d2.cz\/108480098956169026817\/photos?hl%3Den%26socfid%3Dweb:lu:kp:placepageimage%26socpid%3D1!5sbritish+school+via+frua+milano+-+Google+Search&amp;sa=X&amp;ei=ZRj7U9e4Faao4gTSh4CgBA&amp;ved=0CK8BEKIqMAs\">nostre aule<\/a><\/strong>, localizzate a <strong>Milano in Via Frua 14<\/strong>, sono facilmente raggiungibili in metropolitana <strong>M1 Linea Rossa (De Angeli)<\/strong> o con altri mezzi di superficie. Se invece arrivi in auto c\u2019\u00e8 un comodo parcheggio coperto a poche centinaia di metri dalla nostra sede. Ogni settimana hai diritto ad una sessione in Aula presenziale; le prenotazioni si chiudono ad un massimo di 14 partecipanti; in agenda viene indicato se la sessione \u00e8 di tipologia <em>Easy<\/em> zero (inglese base), <em>Easy<\/em>+ (<em>inglese elementary<\/em>) o <em>Fluent<\/em> (inglese intermedio-avanzato).<\/p>\n<p>Lezioni calendarizzate con molteplici sessioni in orari tardo-pomeridiani e serali durante la settimana lavorativa ed il Sabato mattina.<\/p>\n<p>Potrai variare la frequenza ogni volta, secondo le tue esigenze; il mancato utilizzo del credito durante la settimana o tardive prenotazioni con sessioni gi\u00e0 al completo (max 14 partecipanti iscritti), non danno diritto al recupero della sessione non effettuata; dal momento in cui tu abbia attivato il corso, scaduto il termine di calendario da te acquistato (6 \/12 \/ 18 mesi), non potrai pi\u00f9 accedere alle prenotazioni dell&#8217; Aula Presenziale.<\/p>\n<p><strong>Corso a distanza British School International : My Course <\/strong>\u00e8 un innovativo sistema per apprendere rapidamente l\u2019inglese basato sull\u2019integrazione tra un percorso di apprendimento certo e completo. Si tratta di un percorso didattico basato su stimoli <strong>audio-video e testuali<\/strong> attraverso i quali l\u2019utente apprende vocaboli e strutture linguistiche in <strong>maniera naturale e contestuale<\/strong> grazie ad una serie di <strong>esercizi divertenti.<\/strong> I contenuti didattici attingono alla vita reale <strong>con esempi e casi concreti di situazioni reali, <\/strong>che percepisci come vicine: il progresso \u00e8 monitorabile attraverso un\u2019 accurata sezione di reporting.<\/p>\n<p>Il corso si struttura sui <strong>livelli ufficiali del Consiglio d\u2019 Europa,<\/strong> il Common European Framework, comprendendo l\u2019intervallo che va dal Livello A1 (Principante) al Livello B2 (Intermediate), fascia in cui sar\u00e0 possibile parlare Inglese con scioltezza. Completato il corso verr\u00e0 consegnato l\u2019<strong>Attestato di Livello del Consiglio d\u2019 Europa.<\/strong><\/p>\n<p>&nbsp;<\/p>\n<p><strong>Manuale Job Interviews<\/strong>: scaricando il manuale acquisirai una serie di tecniche su come gestire in modo efficace un colloquio di lavoro, aprendoti quindi tutta una serie di opportunit\u00e0 a livello professionale<\/p>\n<p><strong>Test Cambridge E.P.T.: <\/strong>una volta terminato il corso, dovrai inviare comunicazione via mail a <a href=\"mailto:lingue@bsinternational.eu\">lingue@bsinternational.eu<\/a>, riportando nome-cognome-codice coupon e security code, in modo che la segreteria British School possa attivare la licenza del Test Cambridge E.P.T.: una volta che avrai effettuato il test ti invieremo il record con l\u2019Attestazione di Livello del Consiglio d\u2019Europa da parte dell\u2019Universit\u00e0 di Cambridge (Cambridge ESOL).<\/p>\n<p><strong>Inizio di English Infinity-Conversation Club<\/strong>: <strong>IMMEDIATO<\/strong> non appena Tu abbia completato l\u2019 iscrizione pagando la quota associativa di \u20ac 25,00 ed effettuato il <strong>test di livello<\/strong> (orari di Segreteria dal Luned\u00ec al Gioved\u00ec 09.00-13.00 e 14.00-18.00; Venerd\u00ec 9.00-13.00 e 14.00-17.00).<\/p>\n<p><strong>Periodi di non effettuazione delle lezioni in aula presenziale<\/strong>: vacanze pasquali, ponti del 25 Aprile \u2013 1 Maggio e 2 Giugno, dall\u2019 ultima decade di Luglio alla prima decade di Settembre compresa, ponte del 1 Novembre e dell\u2019 Immcolata a Dicembre e Pausa Natalizia (ultima decade di Dicembre \u2013 prima decade di Gennaio compresa)<\/p>\n<p><strong>Quota BSI Member: obbligatoria per poter attivare il corso; <\/strong>tale quota \u00e8 fissata promozionalmente per gli Utenti Groupon a \u20ac 25,00 anzich\u00e9 \u20ac 85,00; diventando BSI Member hai diritto all\u2019accesso illimitato per 12 mesi al Virtual Language Lab di British School International, agli sconti sui corsi British School International e ad essere invitato agli <em>Open Days<\/em> ed alle iniziative British School)<\/p>\n<p>&nbsp;<\/p>\n<p><strong>Info su British School International<\/strong><\/p>\n<p>British School International, da anni punto di riferimento internazionale per la didattica e la metodologia della lingua inglese. La scuola viene incontro a ogni esigenza grazie all&#8217;integrazione dei corsi in aula con le tecnologie avanzate della piattaforma piattaforma EduCentre: formazione a distanza assistita da parte di docente dedicato, formazione telefonica, formazione in aula virtuale individuale o in micro-gruppo, programmi e-learning di general english, business english e technical english.<\/p>\n<p>Grazie all\u2019innovativo metodo NRM\u00a9 (Natural Rapid Method) ogni studente viene motivato e stimolato attraverso percorsi interattivi e divertenti, sempre legati a contesti e temi specifici, in modo che apprenda con suoni e immagini i vocaboli e le strutture della lingua inglese. L\u2019apprendimento diventa cos\u00ec naturale e gli studenti sono portati da subito a pensare in inglese.<\/p>\n<p>I docenti sono madrelingua e qualificati, abilitati all\u2019insegnamento della lingua inglese a stranieri, e selezionati sulla base di un\u2019esperienza pluriennale. L\u2019offerta formativa \u00e8 ampissima, propone infatti corsi per adulti, ragazzi e bambini, ma anche servizi per scuole di lingua e universit\u00e0.<\/p>\n<h3 style=\"text-align: justify;\">Hai gi\u00e0 pagato la quota di iscrizione?<\/h3>\n<p style=\"text-align: justify;\">Ti ricordiamo che per completare la tua iscrizione dovrai pagare la <strong>quota associativa di Euro 25,00 <\/strong>ed eseguire il test inserendo i tuoi dati: senza non sar\u00e0 possibile prenotare le lezioni.<\/p>\n<p style=\"text-align: justify;\"><strong>Puoi versare la quota direttamente presso la nostra segreteria di Via Frua 14, a Milano.<\/strong><\/p>\n<p style=\"text-align: center;\">o in alternativa<\/p>\n<p><strong>Effettuare un bonifico<\/strong><\/p>\n<p style=\"margin-bottom: 0cm; background: none repeat scroll 0% 0%; line-height: 0.48cm;\" align=\"JUSTIFY\"><strong><span style=\"background: #ffff00;\">per utenti Groupon MILANO:<\/span><\/strong><\/p>\n<p style=\"margin-bottom: 0cm; background: none repeat scroll 0% 0% #ffffff; line-height: 0.48cm;\">intestandolo<\/p>\n<p>a BDS SRL:<\/p>\n<p>IBAN IT54 B030 6901 6171 0000 0006 138<\/p>\n<p>BANCA INTESA Filiale Via Domodossola 9 \u2013 MI<\/p>\n<p>oppure<\/p>\n<p>pagare con Pay Pal<\/p>\n<form action=\"https:\/\/www.paypaleu.webx4.d2.cz\/cgi-bin\/webscr\" method=\"post\" target=\"_top\"><input name=\"cmd\" type=\"hidden\" value=\"_s-xclick\" \/><br \/>\n<input name=\"hosted_button_id\" type=\"hidden\" value=\"MQ7Z6NYAUBHD8\" \/><\/p>\n<table>\n<tbody>\n<tr>\n<td><input name=\"on0\" type=\"hidden\" value=\"Quota Iscrizione\" \/><span style=\"background: #ffff00 none repeat scroll 0% 0%;\"><strong>Pagamento Quota Iscrizione<\/strong><\/span><\/td>\n<\/tr>\n<tr>\n<td><select name=\"os0\"><option value=\"Singola\">Quota Singola \u20ac25,00 EUR<\/option><option value=\"Doppia\">Quota Doppia \u20ac50,00 EUR<\/option><\/select><\/td>\n<\/tr>\n<\/tbody>\n<\/table>\n<p><input name=\"currency_code\" type=\"hidden\" value=\"EUR\" \/><br \/>\n<input alt=\"PayPal \u00e8 il metodo rapido e sicuro per pagare e farsi pagare online.\" name=\"submit\" src=\"https:\/\/www.paypalobjectseu.webx4.d2.cz\/it_IT\/IT\/i\/btn\/btn_buynowCC_LG.gif\" type=\"image\" \/><br \/>\n<img loading=\"lazy\" decoding=\"async\" src=\"https:\/\/www.paypalobjectseu.webx4.d2.cz\/it_IT\/i\/scr\/pixel.gif\" alt=\"\" width=\"1\" height=\"1\" border=\"0\" \/><\/p>\n<\/form>\n<p style=\"text-align: justify;\"><strong> <span style=\"text-align: center;\">Per attivare la tua iscrizione<\/span><\/strong><\/p>\n<p style=\"text-align: justify;\">Una volta effettuato il test, trasmessoci il coupon e gli estremi del pagamento via mail (riportando cognome \u2013 nome \u2013 numero di coupon e numero CRO dell&#8217;operazione a mezzo bonifico o stampando la ricevuta se si ha saldato a mezzo PayPal) alla casella di posta: <a href=\"mailto:lingue@bsinternational.eu\"><strong>lingue@bsinternational.eu<\/strong><\/a><\/p>\n<p>&nbsp;<\/p>\n<p>&nbsp;<\/p>\n<p style=\"margin-bottom: 0cm; background-color: #ffffff; line-height: 0.48cm; text-align: center; background-position: initial initial; background-repeat: initial initial;\">oppure<\/p>\n<p style=\"text-align: justify;\">consegnandolo presso la nostra segreteria unitamente alla quota di iscrizione, saremo in grado a nostra volta di attivarci con Groupon per il riscatto e per l&#8217;iscrizione.<\/p>\n<p>A tal proposito ricordiamo che la segreteria \u00e8 aperta nel seguente orario:<\/p>\n<ul>\n<li>Luned\u00ec &#8211; Gioved\u00ec 09.00-13.00 14.00-18.00<\/li>\n<li>Venerd\u00ec 09.00-13.00 14.00-17.00<\/li>\n<\/ul>\n<p style=\"text-align: justify;\"><strong>\u00c8 importante che il nominativo che si riferisce alla quota di iscrizione sia lo stesso di quello relativo all&#8217;acquisto del coupon per evitare errori di identificazione.<\/strong><\/p>\n<p>&nbsp;<\/p>\n<div><\/div>\n<p><span style=\"color: #0000ff;\">British School International<br \/>\n<\/span><\/p>\n<p><span style=\"color: #0000ff;\">Via Giuseppe Frua 14<\/span><br \/>\n<span style=\"color: #0000ff;\"> 20146 Milano<\/span><br \/>\n<span style=\"color: #0000ff;\"> <a href=\"https:\/\/britishschool-italia.it\"><span style=\"color: #0000ff;\">Sito web<\/span><\/a><\/span><\/p>\n<p>&nbsp;<\/p>\n","protected":false},"excerpt":{"rendered":"<p>&nbsp; English Infinity\u00a9! connect to the world! con English Infinity\u00a9 parli inglese, ti diverti e conosci amici: garantisce British School. Finalmente puoi parlare inglese con flessibilit\u00e0, in coinvolgenti sessioni linguistiche d\u2019Aula in presenza che si tengono sia durante la settimana sia il sabato mattina, il tutto in un ambiente rilassante, la sede di British School [&hellip;]<\/p>\n","protected":false},"author":2,"featured_media":0,"parent":0,"menu_order":0,"comment_status":"closed","ping_status":"closed","template":"","meta":{"footnotes":""},"class_list":["post-1685","page","type-page","status-publish","hentry"],"_links":{"self":[{"href":"https:\/\/bsinternational.co.uk\/it\/wp-json\/wp\/v2\/pages\/1685\/"}],"collection":[{"href":"https:\/\/bsinternational.co.uk\/it\/wp-json\/wp\/v2\/pages\/"}],"about":[{"href":"https:\/\/bsinternational.co.uk\/it\/wp-json\/wp\/v2\/types\/page\/"}],"author":[{"embeddable":true,"href":"https:\/\/bsinternational.co.uk\/it\/wp-json\/wp\/v2\/users\/2\/"}],"replies":[{"embeddable":true,"href":"https:\/\/bsinternational.co.uk\/it\/wp-json\/wp\/v2\/comments\/?post=1685"}],"version-history":[{"count":6,"href":"https:\/\/bsinternational.co.uk\/it\/wp-json\/wp\/v2\/pages\/1685\/revisions\/"}],"predecessor-version":[{"id":1692,"href":"https:\/\/bsinternational.co.uk\/it\/wp-json\/wp\/v2\/pages\/1685\/revisions\/1692\/"}],"wp:attachment":[{"href":"https:\/\/bsinternational.co.uk\/it\/wp-json\/wp\/v2\/media\/?parent=1685"}],"curies":[{"name":"wp","href":"https:\/\/api.w.org\/{rel}","templated":true}]}}