{"id":1634,"date":"2017-09-15T12:45:55","date_gmt":"2017-09-15T10:45:55","guid":{"rendered":"https:\/\/bsinternational.co.uk\/?page_id=1634"},"modified":"2017-11-06T09:53:59","modified_gmt":"2017-11-06T08:53:59","slug":"britishup-info","status":"publish","type":"page","link":"https:\/\/bsinternational.co.uk\/it\/britishup-info\/","title":{"rendered":"BritishUp: l&#8217; Inglese in movimento !"},"content":{"rendered":"<p style=\"text-align: justify;\"><img loading=\"lazy\" decoding=\"async\" class=\"alignnone size-full wp-image-1646\" src=\"https:\/\/bsinternational.co.uk\/wp-content\/uploads\/2017\/09\/BRiTiSH-Up.png\" alt=\"BRiTiSH Up\" width=\"870\" height=\"456\" srcset=\"https:\/\/bsinternational.co.uk\/wp-content\/uploads\/2017\/09\/BRiTiSH-Up-200x105.png 200w, https:\/\/bsinternational.co.uk\/wp-content\/uploads\/2017\/09\/BRiTiSH-Up-300x157.png 300w, https:\/\/bsinternational.co.uk\/wp-content\/uploads\/2017\/09\/BRiTiSH-Up-400x210.png 400w, https:\/\/bsinternational.co.uk\/wp-content\/uploads\/2017\/09\/BRiTiSH-Up-600x314.png 600w, https:\/\/bsinternational.co.uk\/wp-content\/uploads\/2017\/09\/BRiTiSH-Up-768x403.png 768w, https:\/\/bsinternational.co.uk\/wp-content\/uploads\/2017\/09\/BRiTiSH-Up-800x419.png 800w, https:\/\/bsinternational.co.uk\/wp-content\/uploads\/2017\/09\/BRiTiSH-Up.png 870w\" sizes=\"(max-width: 870px) 100vw, 870px\" \/><\/p>\n<p style=\"text-align: center;\"><strong>Arrivi in tempi rapidi a parlare Inglese,\u00a0e lo puoi certificare a livello Internazionale.<\/strong><\/p>\n<p style=\"text-align: justify;\"><strong>In sintesi perch\u00e8 BritishUp \u00e8 il numero 1:<\/strong><\/p>\n<ol>\n<li style=\"text-align: justify;\"><strong>E&#8217; strutturato sul Quadro Comune Europeo<\/strong><\/li>\n<li style=\"text-align: justify;\"><strong>Ha a possibilit\u00e0 di Classi di Conversazione (micro-classi) con Docente Madrelingua<\/strong><\/li>\n<li style=\"text-align: justify;\"><strong>E&#8217; accessibile sempre ed in ogni luogo<\/strong><\/li>\n<li style=\"text-align: justify;\"><strong>E&#8217; fruibile non solo da Computer ma anche da Smartphone e da Tablet<\/strong><\/li>\n<\/ol>\n<p><img loading=\"lazy\" decoding=\"async\" class=\"alignnone size-full wp-image-1653\" src=\"https:\/\/bsinternational.co.uk\/wp-content\/uploads\/2017\/09\/shutterstock_351287672.jpg\" alt=\"shutterstock_351287672\" width=\"5705\" height=\"3745\" srcset=\"https:\/\/bsinternational.co.uk\/wp-content\/uploads\/2017\/09\/shutterstock_351287672-200x131.jpg 200w, https:\/\/bsinternational.co.uk\/wp-content\/uploads\/2017\/09\/shutterstock_351287672-300x197.jpg 300w, https:\/\/bsinternational.co.uk\/wp-content\/uploads\/2017\/09\/shutterstock_351287672-400x263.jpg 400w, https:\/\/bsinternational.co.uk\/wp-content\/uploads\/2017\/09\/shutterstock_351287672-600x394.jpg 600w, https:\/\/bsinternational.co.uk\/wp-content\/uploads\/2017\/09\/shutterstock_351287672-768x504.jpg 768w, https:\/\/bsinternational.co.uk\/wp-content\/uploads\/2017\/09\/shutterstock_351287672-800x525.jpg 800w, https:\/\/bsinternational.co.uk\/wp-content\/uploads\/2017\/09\/shutterstock_351287672-1024x672.jpg 1024w, https:\/\/bsinternational.co.uk\/wp-content\/uploads\/2017\/09\/shutterstock_351287672-1200x788.jpg 1200w, https:\/\/bsinternational.co.uk\/wp-content\/uploads\/2017\/09\/shutterstock_351287672.jpg 5705w\" sizes=\"(max-width: 5705px) 100vw, 5705px\" \/><\/p>\n<p>In dettaglio:<\/p>\n<p style=\"text-align: justify;\"><strong>BritishUp<\/strong> \u00e8 un <strong>Metodo\u00a0innovativo<\/strong> che permette di lavorare sulle abilit\u00e0 linguistiche in modo certo e con flessibilit\u00e0, adattandosi ai Tuoi ritmi e <strong>potendo fruire di lezioni con Docenti Madrelingua Qualificati<\/strong><\/p>\n<p style=\"text-align: justify;\">Puoi accedere al corso da <strong>Smartphone e Tablet<\/strong> (Android ed IOS), <strong>Pc, Mac, Linux<\/strong>, \u00a0quindi in qualsiasi momento ed in qualsiasi luogo puoi sempre imparare e praticare l&#8217; Inglese :<strong> bastano 15&#8242; al giorno<\/strong> e con continuit\u00e0 ed arriverai in <strong>modo facile e rilassato a parlare inglese<\/strong> o a consolidarlo al meglio.<\/p>\n<p style=\"text-align: justify;\"><strong>Il Corso \u00e8 strutturato sui livelli CEFR COE<\/strong>, quindi sul <strong>Quadro Comune Europeo<\/strong>, dal Principiante (A1) all&#8217; Intemedio-Avanzato (B2) : <strong>la soluzione a Tua disposizione \u00e8 multi-livello<\/strong>, quindi immergendoti pochi minuti al giorno nella Lingua potrai superare i livelli uno dopo l&#8217; altro, fino a posizionarti su competenze che ti permetteranno di sostenere prima l&#8217; Esame KET, poi l&#8217; Esame PET e quindi l&#8217; Esame FIRST CERTIFICATE, che tra l&#8217; altro danno crediti scolastici \/ universitari.<\/p>\n<p><img loading=\"lazy\" decoding=\"async\" class=\"alignnone size-full wp-image-1651\" src=\"https:\/\/bsinternational.co.uk\/wp-content\/uploads\/2017\/09\/flag-600x290.png\" alt=\"flag-600x290\" width=\"600\" height=\"290\" srcset=\"https:\/\/bsinternational.co.uk\/wp-content\/uploads\/2017\/09\/flag-600x290-200x97.png 200w, https:\/\/bsinternational.co.uk\/wp-content\/uploads\/2017\/09\/flag-600x290-300x145.png 300w, https:\/\/bsinternational.co.uk\/wp-content\/uploads\/2017\/09\/flag-600x290-400x193.png 400w, https:\/\/bsinternational.co.uk\/wp-content\/uploads\/2017\/09\/flag-600x290.png 600w\" sizes=\"(max-width: 600px) 100vw, 600px\" \/><\/p>\n<p style=\"text-align: justify;\"><a href=\"https:\/\/english-onlineeu.webx4.d2.cz\/britishup\/registration\/\" target=\"_blank\"><img loading=\"lazy\" decoding=\"async\" class=\"alignnone\" style=\"margin-left: 10px;\" title=\"registrazione\" src=\"https:\/\/www.britishschooleu.webx4.d2.cz\/wp-content\/uploads\/2012\/09\/registrazione.png\" width=\"290\" height=\"60\" \/><\/a><a href=\"https:\/\/english-onlineeu.webx4.d2.cz\/britishup\/\" target=\"_blank\"><img loading=\"lazy\" decoding=\"async\" class=\"alignnone\" style=\"margin-left: 10px;\" title=\"Login\" src=\"https:\/\/www.britishschooleu.webx4.d2.cz\/wp-content\/uploads\/2012\/09\/login.png\" width=\"290\" height=\"60\" \/><\/a><\/p>\n<p>&nbsp;<\/p>\n<p>Il <strong>Metodo<\/strong> di apprendimento <strong>BritishUp<\/strong> \u00e8 stato sviluppato da <strong>British School International insieme al Gruppo De Agostini<\/strong>, realizzando un percorso di apprendimento a distanza dell&#8217;inglese, <strong>interattivo e divertente<\/strong>, strutturato sui livelli del Common European Framework.<\/p>\n<p style=\"text-align: justify;\">Cosa viene sviluppato<\/p>\n<ul>\n<li style=\"text-align: justify;\"><strong>Grammar<\/strong><\/li>\n<li style=\"text-align: justify;\"><strong>Vocabulary<\/strong><\/li>\n<li style=\"text-align: justify;\"><strong>Reading<\/strong><\/li>\n<li style=\"text-align: justify;\"><strong>Writing<\/strong><\/li>\n<li style=\"text-align: justify;\"><strong>Listening<\/strong><\/li>\n<li style=\"text-align: justify;\"><strong>Speaking<\/strong> attraverso le soluzioni che comprendono l&#8217; attivit\u00e0 con il <strong>Docente Madrelingua in Aula Virtuale (micro-classi, da 1 a 4 partecipanti massimo !)<\/strong>, operando in modo flessibile sullo Speaking ed andando a sviluppare\u00a0la Fluency<\/li>\n<\/ul>\n<p style=\"text-align: justify;\">Sono presenti sitcom che introducono nuovi vocaboli e nuove strutture con esercizi che consentono l&#8217; automazione dell&#8217; uso, in modo da non transitare sull&#8217; Italiano, quindi portando lo studente a pensare direttamente in lingua.<\/p>\n<p style=\"text-align: justify;\">Metodologia: N.R.M.<\/p>\n<p style=\"text-align: justify;\"><a href=\"https:\/\/www.britishschooleu.webx4.d2.cz\/corsi-di-inglese-scuola-di-inglese-go-fast\/n-r-m-method-2\/\" rel=\"attachment wp-att-1879\"><img loading=\"lazy\" decoding=\"async\" class=\"aligncenter size-large wp-image-1879\" title=\"N.R.M. Method\" src=\"https:\/\/www.britishschooleu.webx4.d2.cz\/wp-content\/uploads\/2012\/06\/N.R.M.-Method-600x280.png\" alt=\"\" width=\"600\" height=\"280\" \/><\/a><\/p>\n<ul style=\"text-align: justify;\">\n<li>Chi acquista le soluzioni con l&#8217; Aula Virtuale avr\u00e0 a disposizione un&#8217; <strong>agenda settimanale<\/strong>, con sessioni ta il Luned\u00ec ed il Venerd\u00ec in fasce mattutine &#8211; pomeridiane e serali. \u00a0Potrai prenotare la &#8220;<strong><em>Conversation Session<\/em><\/strong>&#8220;<strong> anche all&#8217;ultimo momento,<\/strong> o nel caso, cancellare la prenotazione anche last minute senza perdere il tuo credit. Le classi vanno da un minimo di 1 Partecipante ad un massimo di 4 partecipanti con Docente Madrelingua. Cliccando sul link dell&#8217; Agenda, <strong>si potr\u00e0 accedere alle classi sia da Computer, sia da Tablet o sia da Smartphone<\/strong> ma disponendo di collegamento ad internet a banda larga (da ADSL in su) e di cuffie e microfono.<\/li>\n<\/ul>\n<p>&nbsp;<\/p>\n<p>Soluzioni \u201c<strong>All You Can Learn!<\/strong> : ricordiamo che l&#8217; accesso \u00e8 in funzione del pacchetto da Te acquistato:<\/p>\n<ul>\n<li>6 mesi di corso online multilivello e Attestato Internazionale CEFR COE a 16,90 \u20ac invece di 279 \u20ac<\/li>\n<li>12 mesi di corso online multilivello e Attestato Internazionale CEFR COE a 29,90 \u20ac invece di 489 \u20ac<\/li>\n<li>24 mesi di corso online multilivello e Attestato Internazionale CEFR COE a 39,90 \u20ac invece di 899 \u20ac<\/li>\n<li>24 mesi di corso online multilivello e Attestato Internazionale CEFR COE pi\u00f9 5 Lezioni in aula virtuale in micro-gruppo a 49,90 \u20ac invece di 1.249 \u20ac<\/li>\n<\/ul>\n<p><img loading=\"lazy\" decoding=\"async\" class=\"alignnone size-full wp-image-1654\" src=\"https:\/\/bsinternational.co.uk\/wp-content\/uploads\/2017\/09\/shutterstock_319982768-e1506958286954.jpg\" alt=\"shutterstock_319982768\" width=\"500\" height=\"436\" \/><\/p>\n<p><strong>BritishUp<\/strong> \u00e8 un <strong>corso completo<\/strong>, che ti permette di <strong>parlare con Docente Madrelingua Qualificato<\/strong>, di <strong>ascoltare persone con diversi accenti<\/strong>, di scrivere, di leggere, il tutto migliorando la <strong>Grammatica<\/strong> ed il <strong>Vocabolario, il tutto quando vuoi, dove vuoi ed anche dal tuo smartphone!<\/strong><\/p>\n<p><strong>BritishUp<\/strong> offre inoltre la possibilit\u00e0, con apposito modulo di sostenere l&#8217; <strong><a href=\"https:\/\/www.englishtest.it\/\">Esame BULATS<\/a> <\/strong>dell&#8217; Universit\u00e0 di Cambridge, che certifica le competenze.<\/p>\n<p><img loading=\"lazy\" decoding=\"async\" class=\"alignnone size-full wp-image-122\" src=\"https:\/\/bsinternational.co.uk\/wp-content\/uploads\/2014\/06\/kids-graduated1.png\" alt=\"kids graduated1\" width=\"325\" height=\"243\" srcset=\"https:\/\/bsinternational.co.uk\/wp-content\/uploads\/2014\/06\/kids-graduated1-300x224.png 300w, https:\/\/bsinternational.co.uk\/wp-content\/uploads\/2014\/06\/kids-graduated1.png 325w\" sizes=\"(max-width: 325px) 100vw, 325px\" \/><\/p>\n","protected":false},"excerpt":{"rendered":"<p>Arrivi in tempi rapidi a parlare Inglese,\u00a0e lo puoi certificare a livello Internazionale. In sintesi perch\u00e8 BritishUp \u00e8 il numero 1: E&#8217; strutturato sul Quadro Comune Europeo Ha a possibilit\u00e0 di Classi di Conversazione (micro-classi) con Docente Madrelingua E&#8217; accessibile sempre ed in ogni luogo E&#8217; fruibile non solo da Computer ma anche da Smartphone [&hellip;]<\/p>\n","protected":false},"author":2,"featured_media":0,"parent":0,"menu_order":0,"comment_status":"closed","ping_status":"closed","template":"","meta":{"footnotes":""},"class_list":["post-1634","page","type-page","status-publish","hentry"],"_links":{"self":[{"href":"https:\/\/bsinternational.co.uk\/it\/wp-json\/wp\/v2\/pages\/1634\/"}],"collection":[{"href":"https:\/\/bsinternational.co.uk\/it\/wp-json\/wp\/v2\/pages\/"}],"about":[{"href":"https:\/\/bsinternational.co.uk\/it\/wp-json\/wp\/v2\/types\/page\/"}],"author":[{"embeddable":true,"href":"https:\/\/bsinternational.co.uk\/it\/wp-json\/wp\/v2\/users\/2\/"}],"replies":[{"embeddable":true,"href":"https:\/\/bsinternational.co.uk\/it\/wp-json\/wp\/v2\/comments\/?post=1634"}],"version-history":[{"count":12,"href":"https:\/\/bsinternational.co.uk\/it\/wp-json\/wp\/v2\/pages\/1634\/revisions\/"}],"predecessor-version":[{"id":1636,"href":"https:\/\/bsinternational.co.uk\/it\/wp-json\/wp\/v2\/pages\/1634\/revisions\/1636\/"}],"wp:attachment":[{"href":"https:\/\/bsinternational.co.uk\/it\/wp-json\/wp\/v2\/media\/?parent=1634"}],"curies":[{"name":"wp","href":"https:\/\/api.w.org\/{rel}","templated":true}]}}