{"id":15,"date":"2014-06-12T15:34:19","date_gmt":"2014-06-12T13:34:19","guid":{"rendered":"https:\/\/bsinternational.co.uk\/?page_id=15"},"modified":"2015-10-29T10:05:48","modified_gmt":"2015-10-29T09:05:48","slug":"corsi-per-bambini-e-per-ragazzi","status":"publish","type":"page","link":"https:\/\/bsinternational.co.uk\/it\/corsi-per-bambini-e-per-ragazzi\/","title":{"rendered":"Corsi per Bambini e per Ragazzi"},"content":{"rendered":"<p>Bambini e ragazzi \u00a0trovano in \u00a0British School International un punto di riferimento importante per il loro percorso di sviluppo linguistico.<\/p>\n<p>Oltre ai corsi presenziali, individuali o in micro-gruppi strutturati in modo interattivo e divertente, basati\u00a0sull&#8217; apprendimento dell&#8217; Inglese per suoni ed immagini ma con una continua induzione grammaticale, i ns piccoli utenti hanno la possibilit\u00e0 di integrare attraverso attivit\u00e0 online e con la possibilit\u00e0 di finalizzare il tutto a fine anno attraverso gli esami \u00a0dell&#8217; Universit\u00e0 di Cambridge.<img loading=\"lazy\" decoding=\"async\" class=\"size-full wp-image-1425 alignright\" src=\"https:\/\/bsinternational.co.uk\/wp-content\/uploads\/2014\/06\/images-28.jpg\" alt=\"images (28)\" width=\"280\" height=\"180\" \/><\/p>\n<ul>\n<li>YOUNG LEARNERS : STARTERS &#8211; MOVERS &#8211; FLYERS;<\/li>\n<li>KET<\/li>\n<li>PET<\/li>\n<li>FCE<\/li>\n<li>CAE<\/li>\n<li>IELTS<\/li>\n<\/ul>\n<p>e dell&#8217; Esame TOEFL.<\/p>\n<p>I Docenti sono pedagogicamente preparati secondo le diverse classi di et\u00e0.<\/p>\n","protected":false},"excerpt":{"rendered":"<p>Bambini e ragazzi \u00a0trovano in \u00a0British School International un punto di riferimento importante per il loro percorso di sviluppo linguistico. Oltre ai corsi presenziali, individuali o in micro-gruppi strutturati in modo interattivo e divertente, basati\u00a0sull&#8217; apprendimento dell&#8217; Inglese per suoni ed immagini ma con una continua induzione grammaticale, i ns piccoli utenti hanno la possibilit\u00e0 [&hellip;]<\/p>\n","protected":false},"author":1,"featured_media":0,"parent":0,"menu_order":0,"comment_status":"open","ping_status":"open","template":"","meta":{"footnotes":""},"class_list":["post-15","page","type-page","status-publish","hentry"],"_links":{"self":[{"href":"https:\/\/bsinternational.co.uk\/it\/wp-json\/wp\/v2\/pages\/15\/"}],"collection":[{"href":"https:\/\/bsinternational.co.uk\/it\/wp-json\/wp\/v2\/pages\/"}],"about":[{"href":"https:\/\/bsinternational.co.uk\/it\/wp-json\/wp\/v2\/types\/page\/"}],"author":[{"embeddable":true,"href":"https:\/\/bsinternational.co.uk\/it\/wp-json\/wp\/v2\/users\/1\/"}],"replies":[{"embeddable":true,"href":"https:\/\/bsinternational.co.uk\/it\/wp-json\/wp\/v2\/comments\/?post=15"}],"version-history":[{"count":16,"href":"https:\/\/bsinternational.co.uk\/it\/wp-json\/wp\/v2\/pages\/15\/revisions\/"}],"predecessor-version":[{"id":1429,"href":"https:\/\/bsinternational.co.uk\/it\/wp-json\/wp\/v2\/pages\/15\/revisions\/1429\/"}],"wp:attachment":[{"href":"https:\/\/bsinternational.co.uk\/it\/wp-json\/wp\/v2\/media\/?parent=15"}],"curies":[{"name":"wp","href":"https:\/\/api.w.org\/{rel}","templated":true}]}}