{"id":423,"date":"2015-02-20T15:05:51","date_gmt":"2015-02-20T14:05:51","guid":{"rendered":"https:\/\/bsinternational.co.uk\/en\/?page_id=423"},"modified":"2015-09-07T18:03:18","modified_gmt":"2015-09-07T16:03:18","slug":"speak-write-cours-a-la-demande","status":"publish","type":"page","link":"https:\/\/bsinternational.co.uk\/fr\/speak-write-cours-a-la-demande\/","title":{"rendered":"Speak &#038; Write! \u00a9 \u2013 Cours \u00e0 la demande"},"content":{"rendered":"<h2>De quoi s\u2019agit-il<\/h2>\n<p><a href=\"https:\/\/bsinternational.co.uk\/wp-content\/uploads\/2014\/06\/speakwrite.jpg\"><img loading=\"lazy\" decoding=\"async\" class=\"wp-image-148 size-full alignright\" src=\"https:\/\/bsinternational.co.uk\/wp-content\/uploads\/2014\/06\/speakwrite.jpg\" alt=\"[cml_media_alt id='148']speakwrite[\/cml_media_alt]\" width=\"200\" height=\"204\" srcset=\"https:\/\/bsinternational.co.uk\/wp-content\/uploads\/2014\/06\/speakwrite-45x45.jpg 45w, https:\/\/bsinternational.co.uk\/wp-content\/uploads\/2014\/06\/speakwrite.jpg 200w\" sizes=\"(max-width: 200px) 100vw, 200px\" \/><\/a>Speak &amp; Write! \u00a9\u00a0est le cours innovateur d\u2019Anglais flexible et modulaire, conseill\u00e9 par le Niveau A 2 jusqu\u2019au Niveau C2 du\u00a0Cefr CoE\u00a0\u00a0pour les personnes qui ont la n\u00e9cessit\u00e9 de communiquer en langue Anglaise de mani\u00e8re flexible aussi bien en termes temporels qu\u2019en termes g\u00e9ographiques.<\/p>\n<p>En effet, l\u2019Apprenant de\u00a0Speak &amp; Write! \u00a9\u00a0peut d\u00e9cider chaque fois de faire une le\u00e7on t\u00e9l\u00e9phonique ou en classe virtuelle ou peut exercer son writing, en uploadant un document qu\u2019il a \u00e9crit lui-m\u00eame en Anglais et dont la construction linguistique sera ensuite revue et corrig\u00e9e par l\u2019Enseignant d\u00e9di\u00e9.<\/p>\n<p>Gr\u00e2ce \u00e0 Speak &amp; Write! \u00a9\u00a0l\u2019Etudiant effectue une activit\u00e9 continue de fluency et de r\u00e9vision linguistique : les Enseignants British School International sont \u00e0 disposition du Lundi au Vendredi de 13h00 \u00e0 24h00 et l\u2019Etudiant peut fr\u00e9quenter la le\u00e7on m\u00eame \u00e0 la derni\u00e8re minute.<\/p>\n<h2>De quelle fa\u00e7on<\/h2>\n<p><a href=\"https:\/\/bsinternational.co.uk\/wp-content\/uploads\/2014\/06\/SpeakWrite.png\"><img loading=\"lazy\" decoding=\"async\" class=\" size-full wp-image-177 alignright\" src=\"https:\/\/bsinternational.co.uk\/wp-content\/uploads\/2014\/06\/SpeakWrite.png\" alt=\"[cml_media_alt id='177']Speak&amp;Write[\/cml_media_alt]\" width=\"194\" height=\"164\" srcset=\"https:\/\/bsinternational.co.uk\/wp-content\/uploads\/2014\/06\/SpeakWrite-66x56.png 66w, https:\/\/bsinternational.co.uk\/wp-content\/uploads\/2014\/06\/SpeakWrite.png 194w\" sizes=\"(max-width: 194px) 100vw, 194px\" \/><\/a>La modalit\u00e9 Individual\u00a0permet \u00e0 l\u2019Etudiant de choisir chaque fois entre Telephone (\u00e0 son gr\u00e9 il pourra \u00eatre contact\u00e9 sur le t\u00e9l\u00e9phone fixe ou sur le portable), Virtual Classroom et Writing: les programmes et les sessions sont personnalis\u00e9s selon les exigences de l\u2019Etudiant.<\/p>\n<p>La modalit\u00e9 Group\u00a0permet de fr\u00e9quenter \u00e0 un co\u00fbt extr\u00eamement limit\u00e9 des micro classes virtuelles de 4 participants maxi, toujours avec des Enseignants de langue maternelle ; l\u2019Etudiant, en acc\u00e9dant \u00e0 l\u2019Agenda, peut choisir non seulement la classe convenant \u00e0 son niveau mais \u00e9galement le sujet qui l\u2019int\u00e9resse le plus.<\/p>\n<p>En cas de session t\u00e9l\u00e9phonique, l\u2019Enseignant contactera l\u2019Etudiant ; dans le cas de la Classe Virtuelle, l\u2019Etudiant pourra y acc\u00e9der simplement en cliquant sur le link de l\u2019Agenda : le syst\u00e8me utilisant la technologie flash player, il ne faudra rien installer mais disposer simplement d\u2019\u00e9couteurs et d\u2019un micro. Dans le cas du Writing, l\u2019Etudiant pourra simplement saisir le document ou faire un copier-coller puis cliquer sur \u201cEnter\u201d pour recevoir quelques jours apr\u00e8s la correction qui mettra en \u00e9vidence en rouge les erreurs, en vert comment la phrase aurait d\u00fb \u00eatre construite et en bleu les commentaires et le renvoi au link grammatical.<\/p>\n<h2>Quand<\/h2>\n<p>L\u2019Etudiant peut acc\u00e9der au Writing 24 heures sur 24, 7 jours sur 7 ; par contre, il pourra acc\u00e9der au Speaking du Lundi au Vendredi, de 13h00 \u00e0 24h00 :\u00a0il lui suffira de cliquer sur la date et l\u2019heure disponibles pour r\u00e9server la le\u00e7on t\u00e9l\u00e9phonique ou en classe virtuelle.<\/p>\n<h2>Nota Bene<\/h2>\n<p><a href=\"https:\/\/bsinternational.co.uk\/wp-content\/uploads\/2014\/06\/EduCentre-logo011.png\"><img loading=\"lazy\" decoding=\"async\" class=\"  wp-image-172 alignright\" src=\"https:\/\/bsinternational.co.uk\/wp-content\/uploads\/2014\/06\/EduCentre-logo011.png\" alt=\"[cml_media_alt id='172']EduCentre-logo01[\/cml_media_alt]\" width=\"204\" height=\"85\" srcset=\"https:\/\/bsinternational.co.uk\/wp-content\/uploads\/2014\/06\/EduCentre-logo011-300x124.png 300w, https:\/\/bsinternational.co.uk\/wp-content\/uploads\/2014\/06\/EduCentre-logo011-1024x425.png 1024w, https:\/\/bsinternational.co.uk\/wp-content\/uploads\/2014\/06\/EduCentre-logo011.png 1124w\" sizes=\"(max-width: 204px) 100vw, 204px\" \/><\/a>Le service Speak &amp; Write! \u00a9 est int\u00e9gr\u00e9 aux sections My Activity \u00a9\u00a0et My Course\u00a0!\u00a0\u00a9 \u00a0au sein de la Plate-forme EduCentre\u00a0\u00a9\u00a0\u00a0qui ajoute la Formation \u00e0 Distance assist\u00e9e (FADA), avec les parcours e-learning, avec la zone t\u00e9l\u00e9phonique, avec la classe virtuelle et la classe en pr\u00e9sentiel<\/p>\n<p>&nbsp;<\/p>\n<p>En outre l\u2019Etudiant pourra acc\u00e9der au Laboratoire Linguistique Virtuel (My Lab\u00a0\u00a9\u00a0) en b\u00e9n\u00e9ficiant de mani\u00e8re illimit\u00e9e et pendant 12 mois d\u2019activit\u00e9s Audio \u2013 Vid\u00e9o et Interactives pour la Listening Comprehension, le Reading, le Writing, la Grammar, le Vocabulary et la Pronunciation.<\/p>\n","protected":false},"excerpt":{"rendered":"<p>De quoi s\u2019agit-il Speak &amp; Write! \u00a9\u00a0est le cours innovateur d\u2019Anglais flexible et modulaire, conseill\u00e9 par le Niveau A 2 jusqu\u2019au Niveau C2 du\u00a0Cefr CoE\u00a0\u00a0pour les personnes qui ont la n\u00e9cessit\u00e9 de communiquer en langue Anglaise de mani\u00e8re flexible aussi bien en termes temporels qu\u2019en termes g\u00e9ographiques. En effet, l\u2019Apprenant de\u00a0Speak &amp; Write! \u00a9\u00a0peut d\u00e9cider [&hellip;]<\/p>\n","protected":false},"author":2,"featured_media":0,"parent":0,"menu_order":0,"comment_status":"open","ping_status":"open","template":"","meta":{"footnotes":""},"class_list":["post-423","page","type-page","status-publish","hentry"],"_links":{"self":[{"href":"https:\/\/bsinternational.co.uk\/fr\/wp-json\/wp\/v2\/pages\/423\/"}],"collection":[{"href":"https:\/\/bsinternational.co.uk\/fr\/wp-json\/wp\/v2\/pages\/"}],"about":[{"href":"https:\/\/bsinternational.co.uk\/fr\/wp-json\/wp\/v2\/types\/page\/"}],"author":[{"embeddable":true,"href":"https:\/\/bsinternational.co.uk\/fr\/wp-json\/wp\/v2\/users\/2\/"}],"replies":[{"embeddable":true,"href":"https:\/\/bsinternational.co.uk\/fr\/wp-json\/wp\/v2\/comments\/?post=423"}],"version-history":[{"count":5,"href":"https:\/\/bsinternational.co.uk\/fr\/wp-json\/wp\/v2\/pages\/423\/revisions\/"}],"predecessor-version":[{"id":937,"href":"https:\/\/bsinternational.co.uk\/fr\/wp-json\/wp\/v2\/pages\/423\/revisions\/937\/"}],"wp:attachment":[{"href":"https:\/\/bsinternational.co.uk\/fr\/wp-json\/wp\/v2\/media\/?parent=423"}],"curies":[{"name":"wp","href":"https:\/\/api.w.org\/{rel}","templated":true}]}}