{"id":420,"date":"2015-02-20T15:01:09","date_gmt":"2015-02-20T14:01:09","guid":{"rendered":"https:\/\/bsinternational.co.uk\/en\/?page_id=420"},"modified":"2015-09-05T09:21:03","modified_gmt":"2015-09-05T07:21:03","slug":"my-activity-cours-fad-personnalises","status":"publish","type":"page","link":"https:\/\/bsinternational.co.uk\/fr\/my-activity-cours-fad-personnalises\/","title":{"rendered":"My Activity \u00a9 \u2013 Cours FAD personnalis\u00e9s"},"content":{"rendered":"<p><a href=\"https:\/\/bsinternational.co.uk\/wp-content\/uploads\/2014\/06\/myactivity.jpg\"><img loading=\"lazy\" decoding=\"async\" class=\"wp-image-149 size-full aligncenter\" src=\"https:\/\/bsinternational.co.uk\/wp-content\/uploads\/2014\/06\/myactivity.jpg\" alt=\"[cml_media_alt id='149']myactivity[\/cml_media_alt]\" width=\"200\" height=\"204\" srcset=\"https:\/\/bsinternational.co.uk\/wp-content\/uploads\/2014\/06\/myactivity-45x45.jpg 45w, https:\/\/bsinternational.co.uk\/wp-content\/uploads\/2014\/06\/myactivity.jpg 200w\" sizes=\"(max-width: 200px) 100vw, 200px\" \/><\/a><\/p>\n<h2>De quoi s\u2019agit-il<\/h2>\n<p>My Activity \u00a9\u00a0constitue l\u2019un des syst\u00e8mes les plus avanc\u00e9s dans le panorama international de l\u2019apprentissage de la langue Anglaise. Le Syst\u00e8me r\u00e9volutionne le monde de la Formation \u00e0 Distance, car ce n\u2019est plus l\u2019Apprenant qui doit s\u2019adapter \u00e0 un parcours pr\u00e9d\u00e9fini mais avec My Activity \u00a9\u00a0c\u2019est le parcours m\u00eame qui est construit sur la base des writing \u2013 listening \u2013 grammar \u2013 vocabulary et reading personnalis\u00e9s en fonction des exigences de l\u2019Apprenant.<\/p>\n<p>Les zones socioprofessionnelles ou socioculturelles o\u00f9 l\u2019Apprenant doit utiliser la langue sont identifi\u00e9es \u00e0 travers une Needs Analysis minutieuse, et c\u2019est lui-m\u00eame qui d\u00e9finit l\u2019importance de communiquer dans la langue ainsi que la fr\u00e9quence : en fonction de ces informations et du niveau d\u00e9coulant de la phase de Testing, un cours sp\u00e9cifique est cr\u00e9\u00e9, constitu\u00e9 par un Audio \u2013 Vid\u00e9o \u2013 des Pages Interactives et des Documents.<\/p>\n<p>Les activit\u00e9s sont ainsi structur\u00e9es :<\/p>\n<p>Instructions &gt; Activit\u00e9s (Vid\u00e9o \/ Audio \/ Interactive) de Reading \/ Grammar \/ Vocabulary \/ Listening \u00a0&gt; Output de l\u2019Etudiant quant au Writing &gt; R\u00e9vision et Correction par l\u2019Enseignant d\u00e9di\u00e9<\/p>\n<p>Les Niveaux conseill\u00e9s en ce qui concerne le parcours My Activity \u00a9\u00a0vont de l\u2019 A2 au C2 du Conseil d\u2019Europe.<\/p>\n<p>My Activity \u00a9\u00a0est excellente pour d\u00e9velopper des comp\u00e9tences business et pour pr\u00e9parer les Certifications Cambridge (PET \u2013 FCE \u2013 CAE \u2013 CPE) ainsi que le\u00a0TOEFL\u00a0\u00ae<\/p>\n<h2>De quelle fa\u00e7on<\/h2>\n<p>My Activity \u00a9\u00a0est accessible depuis n\u2019importe quel type d\u2019ordinateur, windows, mac et linux. L\u2019Etudiant re\u00e7oit \u00e0 un jour fixe (une fois par semaine ou une fois toutes les deux semaines, selon son choix initial) les \u00ab\u00a0devoirs\u00a0\u00bb \u00e0 faire et au fur et \u00e0 mesure les corrections et les r\u00e9visions de ce qu\u2019il a fait, qui seront suivies d\u2019autres \u00ab\u00a0devoirs\u00a0\u00bb.<\/p>\n<p>&nbsp;<\/p>\n<h2 style=\"color: #4c4c4c;\"><a href=\"https:\/\/bsinternational.co.uk\/wp-content\/uploads\/2014\/06\/mycourse2.png\"><img loading=\"lazy\" decoding=\"async\" class=\"size-full wp-image-175 aligncenter\" src=\"https:\/\/bsinternational.co.uk\/wp-content\/uploads\/2014\/06\/mycourse2.png\" alt=\"[cml_media_alt id='175']mycourse2[\/cml_media_alt]\" width=\"200\" height=\"170\" srcset=\"https:\/\/bsinternational.co.uk\/wp-content\/uploads\/2014\/06\/mycourse2-66x56.png 66w, https:\/\/bsinternational.co.uk\/wp-content\/uploads\/2014\/06\/mycourse2.png 200w\" sizes=\"(max-width: 200px) 100vw, 200px\" \/><\/a><\/h2>\n<h2>Quand<\/h2>\n<p>Quand acc\u00e9der, c\u2019est vous qui le d\u00e9cidez !\u00a0C\u2019est tr\u00e8s simple : le cours est toujours disponible 24 heures sur 24, 7 jours sur 7, avec des parcours test\u00e9s et s\u00fbrs<\/p>\n<p>En outre, pour d\u00e9velopper le Speaking, My Activity\u00a0\u00a9\u00a0peut \u00eatre int\u00e9gr\u00e9e par des le\u00e7ons en Classe en pr\u00e9sentiel (ClassLearn \u00a9) ou en modalit\u00e9\u00a0Speak &amp; Write\u00a0!\u00a0\u00a9\u00a0qui permet chaque fois de choisir entre des cours t\u00e9l\u00e9phoniques ou des sessions en classe virtuelle.<\/p>\n<h2>Nota Bene<\/h2>\n<p>Le service My Activity\u00a0\u00a9\u00a0\u00a0est int\u00e9gr\u00e9 aux sections My Course\u00a0 \u00a9\u00a0et Speak &amp; Write\u00a0!\u00a0\u00a9 \u00a0au sein de la Plate-forme EduCentre\u00a0\u00a9\u00a0\u00a0qui ajoute la Formation \u00e0 Distance assist\u00e9e (FADA), avec les parcours e-learning, avec la zone t\u00e9l\u00e9phonique, avec la classe virtuelle et la classe en pr\u00e9sentiel.<\/p>\n<p>&nbsp;<\/p>\n<p style=\"color: #333333;\"><a href=\"https:\/\/bsinternational.co.uk\/wp-content\/uploads\/2014\/06\/EduCentre-logo011.png\"><img loading=\"lazy\" decoding=\"async\" class=\"alignnone  wp-image-172\" src=\"https:\/\/bsinternational.co.uk\/wp-content\/uploads\/2014\/06\/EduCentre-logo011.png\" alt=\"[cml_media_alt id='172']EduCentre-logo01[\/cml_media_alt]\" width=\"204\" height=\"85\" srcset=\"https:\/\/bsinternational.co.uk\/wp-content\/uploads\/2014\/06\/EduCentre-logo011-300x124.png 300w, https:\/\/bsinternational.co.uk\/wp-content\/uploads\/2014\/06\/EduCentre-logo011-1024x425.png 1024w, https:\/\/bsinternational.co.uk\/wp-content\/uploads\/2014\/06\/EduCentre-logo011.png 1124w\" sizes=\"(max-width: 204px) 100vw, 204px\" \/><\/a><\/p>\n<p>En outre l\u2019Etudiant pourra acc\u00e9der au Laboratoire Linguistique Virtuel (My Lab\u00a0\u00a9\u00a0) en b\u00e9n\u00e9ficiant de mani\u00e8re illimit\u00e9e et pendant 12 mois d\u2019activit\u00e9s Audio \u2013 Vid\u00e9o et Interactives pour la Listening Comprehension, le Reading, le Writing, la Grammar, le Vocabulary et la Pronunciation.<\/p>\n<div id=\"s3gt_translate_tooltip\" style=\"left: 3px; top: 1496px;\"><\/div>\n","protected":false},"excerpt":{"rendered":"<p>De quoi s\u2019agit-il My Activity \u00a9\u00a0constitue l\u2019un des syst\u00e8mes les plus avanc\u00e9s dans le panorama international de l\u2019apprentissage de la langue Anglaise. Le Syst\u00e8me r\u00e9volutionne le monde de la Formation \u00e0 Distance, car ce n\u2019est plus l\u2019Apprenant qui doit s\u2019adapter \u00e0 un parcours pr\u00e9d\u00e9fini mais avec My Activity \u00a9\u00a0c\u2019est le parcours m\u00eame qui est construit [&hellip;]<\/p>\n","protected":false},"author":2,"featured_media":0,"parent":0,"menu_order":0,"comment_status":"open","ping_status":"open","template":"","meta":{"footnotes":""},"class_list":["post-420","page","type-page","status-publish","hentry"],"_links":{"self":[{"href":"https:\/\/bsinternational.co.uk\/fr\/wp-json\/wp\/v2\/pages\/420\/"}],"collection":[{"href":"https:\/\/bsinternational.co.uk\/fr\/wp-json\/wp\/v2\/pages\/"}],"about":[{"href":"https:\/\/bsinternational.co.uk\/fr\/wp-json\/wp\/v2\/types\/page\/"}],"author":[{"embeddable":true,"href":"https:\/\/bsinternational.co.uk\/fr\/wp-json\/wp\/v2\/users\/2\/"}],"replies":[{"embeddable":true,"href":"https:\/\/bsinternational.co.uk\/fr\/wp-json\/wp\/v2\/comments\/?post=420"}],"version-history":[{"count":2,"href":"https:\/\/bsinternational.co.uk\/fr\/wp-json\/wp\/v2\/pages\/420\/revisions\/"}],"predecessor-version":[{"id":794,"href":"https:\/\/bsinternational.co.uk\/fr\/wp-json\/wp\/v2\/pages\/420\/revisions\/794\/"}],"wp:attachment":[{"href":"https:\/\/bsinternational.co.uk\/fr\/wp-json\/wp\/v2\/media\/?parent=420"}],"curies":[{"name":"wp","href":"https:\/\/api.w.org\/{rel}","templated":true}]}}