{"id":417,"date":"2015-02-20T14:54:22","date_gmt":"2015-02-20T13:54:22","guid":{"rendered":"https:\/\/bsinternational.co.uk\/en\/?page_id=417"},"modified":"2015-09-05T10:00:39","modified_gmt":"2015-09-05T08:00:39","slug":"my-course-e-learning","status":"publish","type":"page","link":"https:\/\/bsinternational.co.uk\/fr\/my-course-e-learning\/","title":{"rendered":"My Course \u00a9 \u2013 E-Learning"},"content":{"rendered":"<p><a href=\"https:\/\/bsinternational.co.uk\/wp-content\/uploads\/2014\/06\/mycourse.jpg\"><img loading=\"lazy\" decoding=\"async\" class=\"wp-image-150 size-full aligncenter\" src=\"https:\/\/bsinternational.co.uk\/wp-content\/uploads\/2014\/06\/mycourse.jpg\" alt=\"[cml_media_alt id='150']mycourse[\/cml_media_alt]\" width=\"200\" height=\"204\" srcset=\"https:\/\/bsinternational.co.uk\/wp-content\/uploads\/2014\/06\/mycourse-45x45.jpg 45w, https:\/\/bsinternational.co.uk\/wp-content\/uploads\/2014\/06\/mycourse.jpg 200w\" sizes=\"(max-width: 200px) 100vw, 200px\" \/><\/a><\/p>\n<h2>De quoi s\u2019agit-il<\/h2>\n<p>My Course \u00a9\u00a0est le cours d\u2019Anglais en ligne qui permet d\u2019accro\u00eetre rapidement la connaissance de l\u2019Anglais du niveau A1 d\u00e9butant au niveau B2 interm\u00e9diaire-avanc\u00e9 du Conseil d\u2019Europe.<\/p>\n<p>Les participants peuvent choisir entre un parcours de General English et de Business English, tous deux form\u00e9s par des modules et des units avec des exercices interactifs et multim\u00e9dias qui permettent de d\u00e9velopper les Listening \u2013 Reading \u2013 Grammar \u2013 Vocabulary and Writing.<\/p>\n<p>Les parcours sont amusants et des tests continus de v\u00e9rification permettent de contr\u00f4ler les points forts et les points \u00e0 d\u00e9velopper de l\u2019Apprenant.<\/p>\n<h2>De quelle fa\u00e7on<\/h2>\n<p>My Course\u00a0\u00a9\u00a0est accessible depuis n\u2019importe quel type d\u2019ordinateur, windows, mac et linux, sans devoir t\u00e9l\u00e9charger des applications. Le parcours General English a aussi une version pour Tablette et Smartphone de type Android. \u00a0Naturellement, le cours peut \u00eatre suivi anywhere.<\/p>\n<h2 style=\"color: #4c4c4c;\"><a href=\"https:\/\/bsinternational.co.uk\/wp-content\/uploads\/2014\/06\/Uomo-al-PC.jpg\"><img loading=\"lazy\" decoding=\"async\" class=\"size-full wp-image-135 aligncenter\" src=\"https:\/\/bsinternational.co.uk\/wp-content\/uploads\/2014\/06\/Uomo-al-PC.jpg\" alt=\"[cml_media_alt id='135']Uomo al PC[\/cml_media_alt]\" width=\"275\" height=\"183\" \/><\/a><\/h2>\n<h2>Quand<\/h2>\n<p>Quand, c\u2019est vous qui le d\u00e9cidez !\u00a0C\u2019est tr\u00e8s simple : le cours est toujours disponible 24 heures sur 24, 7 jours sur 7, avec des parcours test\u00e9s et s\u00fbrs.<\/p>\n<p>En outre, pour d\u00e9velopper le Speaking, My Course\u00a0\u00a9\u00a0peut \u00eatre int\u00e9gr\u00e9 par des le\u00e7ons en Classe en pr\u00e9sentiel (ClassLearn \u00a9) ou en modalit\u00e9\u00a0Speak &amp; Write\u00a0!\u00a0\u00a9\u00a0qui permet chaque fois de choisir entre des cours t\u00e9l\u00e9phoniques ou des sessions en classe virtuelle.<\/p>\n<h2>Nota Bene<\/h2>\n<p>My Course\u00a0\u00a9\u00a0\u00a0est int\u00e9gr\u00e9 aux sections My Activity\u00a0 \u00a9\u00a0et Speak &amp; Write\u00a0!\u00a0\u00a9 \u00a0au sein de la Plate-forme EduCentre\u00a0\u00a9\u00a0\u00a0qui ajoute la Formation \u00e0 Distance assist\u00e9e (FADA), avec les parcours e-learning, avec la zone t\u00e9l\u00e9phonique, avec la classe virtuelle et la classe en pr\u00e9sentiel.<\/p>\n<p>&nbsp;<\/p>\n<h2><a href=\"https:\/\/bsinternational.co.uk\/wp-content\/uploads\/2014\/06\/EduCentre-logo011.png\"><img loading=\"lazy\" decoding=\"async\" class=\"alignnone  wp-image-172\" src=\"https:\/\/bsinternational.co.uk\/wp-content\/uploads\/2014\/06\/EduCentre-logo011.png\" alt=\"[cml_media_alt id='172']EduCentre-logo01[\/cml_media_alt]\" width=\"204\" height=\"85\" srcset=\"https:\/\/bsinternational.co.uk\/wp-content\/uploads\/2014\/06\/EduCentre-logo011-300x124.png 300w, https:\/\/bsinternational.co.uk\/wp-content\/uploads\/2014\/06\/EduCentre-logo011-1024x425.png 1024w, https:\/\/bsinternational.co.uk\/wp-content\/uploads\/2014\/06\/EduCentre-logo011.png 1124w\" sizes=\"(max-width: 204px) 100vw, 204px\" \/><\/a><\/h2>\n<p>En outre l\u2019Etudiant pourra acc\u00e9der au Laboratoire Linguistique Virtuel (My Lab\u00a0\u00a9\u00a0) en b\u00e9n\u00e9ficiant de mani\u00e8re illimit\u00e9e et pendant 12 mois d\u2019activit\u00e9s Audio \u2013 Vid\u00e9o et Interactives pour la Listening Comprehension, le Reading, le Writing, la Grammar, le Vocabulary et la Pronunciation.<\/p>\n<p>&nbsp;<\/p>\n<div id=\"s3gt_translate_tooltip\" style=\"left: 713px; top: 499px;\"><\/div>\n<div id=\"s3gt_translate_tooltip\" style=\"left: 5px; top: 1230px;\"><\/div>\n","protected":false},"excerpt":{"rendered":"<p>De quoi s\u2019agit-il My Course \u00a9\u00a0est le cours d\u2019Anglais en ligne qui permet d\u2019accro\u00eetre rapidement la connaissance de l\u2019Anglais du niveau A1 d\u00e9butant au niveau B2 interm\u00e9diaire-avanc\u00e9 du Conseil d\u2019Europe. Les participants peuvent choisir entre un parcours de General English et de Business English, tous deux form\u00e9s par des modules et des units avec des [&hellip;]<\/p>\n","protected":false},"author":2,"featured_media":0,"parent":0,"menu_order":0,"comment_status":"open","ping_status":"closed","template":"","meta":{"footnotes":""},"class_list":["post-417","page","type-page","status-publish","hentry"],"_links":{"self":[{"href":"https:\/\/bsinternational.co.uk\/fr\/wp-json\/wp\/v2\/pages\/417\/"}],"collection":[{"href":"https:\/\/bsinternational.co.uk\/fr\/wp-json\/wp\/v2\/pages\/"}],"about":[{"href":"https:\/\/bsinternational.co.uk\/fr\/wp-json\/wp\/v2\/types\/page\/"}],"author":[{"embeddable":true,"href":"https:\/\/bsinternational.co.uk\/fr\/wp-json\/wp\/v2\/users\/2\/"}],"replies":[{"embeddable":true,"href":"https:\/\/bsinternational.co.uk\/fr\/wp-json\/wp\/v2\/comments\/?post=417"}],"version-history":[{"count":1,"href":"https:\/\/bsinternational.co.uk\/fr\/wp-json\/wp\/v2\/pages\/417\/revisions\/"}],"predecessor-version":[{"id":419,"href":"https:\/\/bsinternational.co.uk\/fr\/wp-json\/wp\/v2\/pages\/417\/revisions\/419\/"}],"wp:attachment":[{"href":"https:\/\/bsinternational.co.uk\/fr\/wp-json\/wp\/v2\/media\/?parent=417"}],"curies":[{"name":"wp","href":"https:\/\/api.w.org\/{rel}","templated":true}]}}