{"id":414,"date":"2015-02-20T13:29:44","date_gmt":"2015-02-20T12:29:44","guid":{"rendered":"https:\/\/bsinternational.co.uk\/en\/?page_id=414"},"modified":"2015-09-04T21:03:25","modified_gmt":"2015-09-04T19:03:25","slug":"esp-seminaires-danglais-efficace","status":"publish","type":"page","link":"https:\/\/bsinternational.co.uk\/fr\/esp-seminaires-danglais-efficace\/","title":{"rendered":"ESP \u00a9 \u2013 Seminaires d\u2019Anglais Efficace"},"content":{"rendered":"<p><img loading=\"lazy\" decoding=\"async\" class=\"alignnone size-full wp-image-81\" src=\"https:\/\/bsinternational.co.uk\/wp-content\/uploads\/2014\/06\/j04226381.jpg\" alt=\"Businesspeople in Meeting\" width=\"1280\" height=\"863\" srcset=\"https:\/\/bsinternational.co.uk\/wp-content\/uploads\/2014\/06\/j04226381-300x202.jpg 300w, https:\/\/bsinternational.co.uk\/wp-content\/uploads\/2014\/06\/j04226381-1024x690.jpg 1024w, https:\/\/bsinternational.co.uk\/wp-content\/uploads\/2014\/06\/j04226381.jpg 1280w\" sizes=\"(max-width: 1280px) 100vw, 1280px\" \/><\/p>\n<h2>De quoi s\u2019agit-il<\/h2>\n<p>Les\u00a0ESP SEMINARS \u00a9\u00a0sont des workshops construits dans le but de permettre aux clients de participer efficacement \u00e0 des situations sp\u00e9cifiques en langue Anglaise.<\/p>\n<p>Gr\u00e2ce aux\u00a0ESP SEMINARS \u00a9\u00a0vous apprendrez et utiliserez la langue Anglaise en atteignant une connaissance s\u00e9rieuse et professionnelle qui vous permettra de savoir comment interagir dans des situations particuli\u00e8res, comme par exemple :<\/p>\n<ul>\n<li>Effective Presentations<\/li>\n<li>Effective Negotiations<\/li>\n<li>Effective Meetings<\/li>\n<li>Cross Culture<\/li>\n<li>Socializing<\/li>\n<li>Effective Writing<\/li>\n<li>Phone Conferences<\/li>\n<\/ul>\n<p>Par ailleurs, les\u00a0ESP SEMINARS \u00a9\u00a0offrent \u00e0 l\u2019Entreprise la possibilit\u00e9 de choisir un th\u00e8me particulier qui sera d\u00e9velopp\u00e9 et personnalis\u00e9 suivant ses propres besoins et exigences.<\/p>\n<h2>De quelle fa\u00e7on<\/h2>\n<p>Dur\u00e9e: le Workshop est construit normalement sur des segments compris entre 4 et 16 heures (avec des sessions de 4 ou de 8 heures)<\/p>\n<p><strong>Niveau d\u2019acc\u00e8s<\/strong> : au minimum d\u00e9but de l\u2019Intermediate (d\u00e9but B2)<\/p>\n<p><strong>Approche<\/strong> : interactive contextualis\u00e9e<\/p>\n<p><strong>Langue<\/strong> : Anglais \/ Fran\u00e7ais<\/p>\n<p><strong>M\u00e9thode<\/strong> : Direct Method certifi\u00e9e par\u00a0BRITISH SCHOOL INTERNATIONAL\u00ae\u00a0avec une gestion circulaire du Groupe<\/p>\n<p><strong>Analyse de vos exigences<\/strong> : comprise<\/p>\n<p><strong>Testing \u00e9crit + Testing oral:<\/strong> compris<\/p>\n<p><strong>Mat\u00e9riel Didactique pour chaque Participant<\/strong> : compris<\/p>\n<p><strong>Enseignant<\/strong> : Formateur Professionnel de Langue Maternelle habilit\u00e9 et certifi\u00e9 BRITISH SCHOOL INTERNATIONAL\u00ae<\/p>\n<h2>Quand<\/h2>\n<p>ESP SEMINARS \u00a9\u00a0est construit normalement sur des segments compris entre 4 et 16 heures (avec des sessions entre 4 et 8 heures)<\/p>\n<p>&nbsp;<\/p>\n<div id=\"s3gt_translate_tooltip\" style=\"left: 713px; top: 1757px;\"><\/div>\n","protected":false},"excerpt":{"rendered":"<p>De quoi s\u2019agit-il Les\u00a0ESP SEMINARS \u00a9\u00a0sont des workshops construits dans le but de permettre aux clients de participer efficacement \u00e0 des situations sp\u00e9cifiques en langue Anglaise. Gr\u00e2ce aux\u00a0ESP SEMINARS \u00a9\u00a0vous apprendrez et utiliserez la langue Anglaise en atteignant une connaissance s\u00e9rieuse et professionnelle qui vous permettra de savoir comment interagir dans des situations particuli\u00e8res, comme [&hellip;]<\/p>\n","protected":false},"author":2,"featured_media":0,"parent":0,"menu_order":0,"comment_status":"open","ping_status":"open","template":"","meta":{"footnotes":""},"class_list":["post-414","page","type-page","status-publish","hentry"],"_links":{"self":[{"href":"https:\/\/bsinternational.co.uk\/fr\/wp-json\/wp\/v2\/pages\/414\/"}],"collection":[{"href":"https:\/\/bsinternational.co.uk\/fr\/wp-json\/wp\/v2\/pages\/"}],"about":[{"href":"https:\/\/bsinternational.co.uk\/fr\/wp-json\/wp\/v2\/types\/page\/"}],"author":[{"embeddable":true,"href":"https:\/\/bsinternational.co.uk\/fr\/wp-json\/wp\/v2\/users\/2\/"}],"replies":[{"embeddable":true,"href":"https:\/\/bsinternational.co.uk\/fr\/wp-json\/wp\/v2\/comments\/?post=414"}],"version-history":[{"count":1,"href":"https:\/\/bsinternational.co.uk\/fr\/wp-json\/wp\/v2\/pages\/414\/revisions\/"}],"predecessor-version":[{"id":416,"href":"https:\/\/bsinternational.co.uk\/fr\/wp-json\/wp\/v2\/pages\/414\/revisions\/416\/"}],"wp:attachment":[{"href":"https:\/\/bsinternational.co.uk\/fr\/wp-json\/wp\/v2\/media\/?parent=414"}],"curies":[{"name":"wp","href":"https:\/\/api.w.org\/{rel}","templated":true}]}}