{"id":411,"date":"2015-02-20T13:22:45","date_gmt":"2015-02-20T12:22:45","guid":{"rendered":"https:\/\/bsinternational.co.uk\/en\/?page_id=411"},"modified":"2015-09-04T20:46:40","modified_gmt":"2015-09-04T18:46:40","slug":"classlearn-classe-presentielle","status":"publish","type":"page","link":"https:\/\/bsinternational.co.uk\/fr\/classlearn-classe-presentielle\/","title":{"rendered":"ClassLearn \u00a9 \u2013 Classe pr\u00e9sentielle"},"content":{"rendered":"<p><img loading=\"lazy\" decoding=\"async\" class=\"alignnone size-large wp-image-76\" src=\"https:\/\/bsinternational.co.uk\/wp-content\/uploads\/2014\/06\/j04228031-1024x1024.jpg\" alt=\"j04228031\" width=\"1024\" height=\"1024\" srcset=\"https:\/\/bsinternational.co.uk\/wp-content\/uploads\/2014\/06\/j04228031-45x45.jpg 45w, https:\/\/bsinternational.co.uk\/wp-content\/uploads\/2014\/06\/j04228031-150x150.jpg 150w, https:\/\/bsinternational.co.uk\/wp-content\/uploads\/2014\/06\/j04228031-230x230.jpg 230w, https:\/\/bsinternational.co.uk\/wp-content\/uploads\/2014\/06\/j04228031-300x300.jpg 300w, https:\/\/bsinternational.co.uk\/wp-content\/uploads\/2014\/06\/j04228031.jpg 1024w\" sizes=\"(max-width: 1024px) 100vw, 1024px\" \/><\/p>\n<h2>De quoi s\u2019agit-il<\/h2>\n<p>CLASSLEARN \u00a9\u00a0est la solution d\u2019Anglais face \u00e0 face en Classe\u00a0avec votre Enseignant de langue maternelle, \u00e9tudi\u00e9e pour toutes les personnes qui pr\u00e9f\u00e8rent interagir personnellement avec leur enseignant. Les le\u00e7ons peuvent \u00eatre effectu\u00e9es en Groupe ou Individuellement, selon vos exigences et pr\u00e9f\u00e9rences.<\/p>\n<p>Gr\u00e2ce \u00e0 CLASSLEARN \u00a9\u00a0vous apprendrez l\u2019Anglais en conversant, en socialisant et en vous amusant\u00a0: il n\u2019a jamais \u00e9t\u00e9 aussi facile d\u2019apprendre la langue Anglaise, tout cela est garanti par le s\u00e9rieux professionnel de\u00a0BRITISH SCHOOL INTERNATIONAL\u00ae.<\/p>\n<p>Au terme du cours fr\u00e9quent\u00e9, vous recevrez par ailleurs une attestation du niveau linguistique que vous avez atteint, certifi\u00e9e par BRITISH SCHOOL INTERNATIONAL\u00ae, selon les Niveaux du Conseil d\u2019Europe.<\/p>\n<h2>De quelle fa\u00e7on<\/h2>\n<p>CLASSLEARN \u00a9\u00a0comme tout produit offert par la marque\u00a0BRITISH SCHOOL INTERNATIONAL\u00ae\u00a0vous offre des nouveaut\u00e9s exclusives et absolument originales\u00a0:<\/p>\n<p>\u00e0 travers le\u00a0LANGUAGE PROCESS \u00a9\u00a0votre niveau pr\u00e9cis d\u2019Anglais est analys\u00e9 selon les Niveaux du Conseil d\u2019Europe, de fa\u00e7on \u00e0 vous offrir ce dont vous avez r\u00e9ellement besoin, en suivant vos exigences et vos pr\u00e9f\u00e9rences.<\/p>\n<h2>Quand<\/h2>\n<p>La dur\u00e9e du cours\u00a0CLASSLEARN \u00a9\u00a0est totalement customis\u00e9e sur vos exigences : vous pourrez choisir \u00e9galement la fr\u00e9quence de journ\u00e9es et les horaires.<\/p>\n<p>Vous pouvez trouver le site internet offrant la solution\u00a0CLASSLEARN \u00a9\u00a0EN CLIQUANT ICI<\/p>\n<p>&nbsp;<\/p>\n<div id=\"s3gt_translate_tooltip\" style=\"left: 249px; top: 1422px;\"><\/div>\n","protected":false},"excerpt":{"rendered":"<p>De quoi s\u2019agit-il CLASSLEARN \u00a9\u00a0est la solution d\u2019Anglais face \u00e0 face en Classe\u00a0avec votre Enseignant de langue maternelle, \u00e9tudi\u00e9e pour toutes les personnes qui pr\u00e9f\u00e8rent interagir personnellement avec leur enseignant. Les le\u00e7ons peuvent \u00eatre effectu\u00e9es en Groupe ou Individuellement, selon vos exigences et pr\u00e9f\u00e9rences. Gr\u00e2ce \u00e0 CLASSLEARN \u00a9\u00a0vous apprendrez l\u2019Anglais en conversant, en socialisant et [&hellip;]<\/p>\n","protected":false},"author":2,"featured_media":0,"parent":0,"menu_order":0,"comment_status":"open","ping_status":"open","template":"","meta":{"footnotes":""},"class_list":["post-411","page","type-page","status-publish","hentry"],"_links":{"self":[{"href":"https:\/\/bsinternational.co.uk\/fr\/wp-json\/wp\/v2\/pages\/411\/"}],"collection":[{"href":"https:\/\/bsinternational.co.uk\/fr\/wp-json\/wp\/v2\/pages\/"}],"about":[{"href":"https:\/\/bsinternational.co.uk\/fr\/wp-json\/wp\/v2\/types\/page\/"}],"author":[{"embeddable":true,"href":"https:\/\/bsinternational.co.uk\/fr\/wp-json\/wp\/v2\/users\/2\/"}],"replies":[{"embeddable":true,"href":"https:\/\/bsinternational.co.uk\/fr\/wp-json\/wp\/v2\/comments\/?post=411"}],"version-history":[{"count":1,"href":"https:\/\/bsinternational.co.uk\/fr\/wp-json\/wp\/v2\/pages\/411\/revisions\/"}],"predecessor-version":[{"id":413,"href":"https:\/\/bsinternational.co.uk\/fr\/wp-json\/wp\/v2\/pages\/411\/revisions\/413\/"}],"wp:attachment":[{"href":"https:\/\/bsinternational.co.uk\/fr\/wp-json\/wp\/v2\/media\/?parent=411"}],"curies":[{"name":"wp","href":"https:\/\/api.w.org\/{rel}","templated":true}]}}