{"id":408,"date":"2015-02-20T13:15:47","date_gmt":"2015-02-20T12:15:47","guid":{"rendered":"https:\/\/bsinternational.co.uk\/en\/?page_id=408"},"modified":"2015-09-05T09:46:08","modified_gmt":"2015-09-05T07:46:08","slug":"british-class-interactive-english","status":"publish","type":"page","link":"https:\/\/bsinternational.co.uk\/fr\/british-class-interactive-english\/","title":{"rendered":"British Class! \u00a9 &#8211; Interactive English"},"content":{"rendered":"<p><a href=\"https:\/\/bsinternational.co.uk\/wp-content\/uploads\/2014\/06\/UnionJack.jpg\"><img loading=\"lazy\" decoding=\"async\" class=\"wp-image-180 aligncenter\" src=\"https:\/\/bsinternational.co.uk\/wp-content\/uploads\/2014\/06\/UnionJack.jpg\" alt=\"[cml_media_alt id='180']UnionJack[\/cml_media_alt]\" width=\"193\" height=\"264\" \/><\/a><\/p>\n<p>&nbsp;<\/p>\n<p><strong>British Class! \u00a9 &#8211; Interactive English<\/strong> courses by British School International allow you to speak English with <strong>certified<\/strong> <strong>mother-tongue teachers in small groups where you can easily meet new friends, learn fast, and also have fun.<\/strong><\/p>\n<p>&nbsp;<\/p>\n<p>Chaque semaine vous aurez la <strong>possibilit\u00e9 de varier les jours et les heures de votre le\u00e7on<\/strong>, le jour m\u00eame \u00e9galement ; le tout avec le maximum de flexibilit\u00e9.<\/p>\n<p><a href=\"https:\/\/bsinternational.co.uk\/wp-content\/uploads\/2014\/06\/corsi-aula.jpg\"><img loading=\"lazy\" decoding=\"async\" class=\"alignnone wp-image-181 size-medium\" src=\"https:\/\/bsinternational.co.uk\/wp-content\/uploads\/2014\/06\/corsi-aula-300x226.jpg\" alt=\"[cml_media_alt id='181']corsi-aula[\/cml_media_alt]\" width=\"300\" height=\"226\" srcset=\"https:\/\/bsinternational.co.uk\/wp-content\/uploads\/2014\/06\/corsi-aula-300x226.jpg 300w, https:\/\/bsinternational.co.uk\/wp-content\/uploads\/2014\/06\/corsi-aula.jpg 600w\" sizes=\"(max-width: 300px) 100vw, 300px\" \/><\/a><\/p>\n<p>En plus du parcours interactif en Classe o\u00f9 vous pourrez <strong>converser<\/strong>\u00a0et am\u00e9liorer la <strong>grammaire et le lexique<\/strong>, vous aurez \u00e0 disposition le <strong>cours en ligne My Course<\/strong>\u00a0qui vous permettra de renforcer et consolider ce que vous avez appris en Classe.<\/p>\n<p>Vous pourrez<strong> r\u00e9server<\/strong> les sessions de Classe m\u00eame <strong>last minute*\u00a0en cliquant sur l\u2019agenda en ligne<\/strong>\u00a0sur le banner en haut \u00e0 droite (&#8220;<strong>British Class!\u00a0\u00a9\u00a0Interactive English\u00a0\u00a0&gt;\u00a0ENTER<\/strong>&#8220;)<\/p>\n<p>Avec\u00a0<strong>British Class! \u00a9 &#8211; Interactive English<\/strong>\u00a0vous pourrez finalement communiquer en Anglais en toute flexibilit\u00e9, gr\u00e2ce \u00e0 des sessions en classe passionnantes et fortement interactives : les classes pourront \u00eatre individuelles et avoir jusqu\u2019\u00e0 un maximum de 15 \u00e9l\u00e8ves selon les personnes qui r\u00e9servent ; lorsqu\u2019il y a des r\u00e9servations de plus de 15 personnes, le syst\u00e8me de r\u00e9servation bloque le cr\u00e9neau pour garantir l\u2019interactivit\u00e9 du groupe.<\/p>\n<p>Notre syst\u00e8me comprend le <strong>Test, l&#8217;analyse des objectifs<\/strong>, l<strong>e cours en ligne My Course\u00a0\u00a9\u00a0\u00a0et l\u2019acc\u00e8s illimit\u00e9 pendant 12 mois au Laboratoire Linguistique Virtuel My Lab\u00a0\u00a9<\/strong>\u00a0pour d\u00e9velopper les <strong>listening, reading, writing, vocabulary, grammar<\/strong>.<\/p>\n<p><a href=\"https:\/\/bsinternational.co.uk\/wp-content\/uploads\/2014\/06\/audio.jpg\"><img loading=\"lazy\" decoding=\"async\" class=\"alignnone size-full wp-image-184\" src=\"https:\/\/bsinternational.co.uk\/wp-content\/uploads\/2014\/06\/audio.jpg\" alt=\"[cml_media_alt id='184']audio[\/cml_media_alt]\" width=\"225\" height=\"225\" srcset=\"https:\/\/bsinternational.co.uk\/wp-content\/uploads\/2014\/06\/audio-45x45.jpg 45w, https:\/\/bsinternational.co.uk\/wp-content\/uploads\/2014\/06\/audio-150x150.jpg 150w, https:\/\/bsinternational.co.uk\/wp-content\/uploads\/2014\/06\/audio.jpg 225w\" sizes=\"(max-width: 225px) 100vw, 225px\" \/><\/a> <a href=\"https:\/\/bsinternational.co.uk\/wp-content\/uploads\/2014\/06\/audio2.jpg\"><img loading=\"lazy\" decoding=\"async\" class=\"alignnone size-full wp-image-183\" src=\"https:\/\/bsinternational.co.uk\/wp-content\/uploads\/2014\/06\/audio2.jpg\" alt=\"[cml_media_alt id='183']audio2[\/cml_media_alt]\" width=\"228\" height=\"221\" srcset=\"https:\/\/bsinternational.co.uk\/wp-content\/uploads\/2014\/06\/audio2-45x45.jpg 45w, https:\/\/bsinternational.co.uk\/wp-content\/uploads\/2014\/06\/audio2.jpg 228w\" sizes=\"(max-width: 228px) 100vw, 228px\" \/><\/a><\/p>\n<p>&nbsp;<\/p>\n<p>Vous pourrez finalement parler anglais en toute flexibilit\u00e9, gr\u00e2ce \u00e0 des sessions de langue en classe passionnantes en pr\u00e9sentiel, qui ont lieu aussi bien dans la semaine que le samedi matin, le tout dans une ambiance d\u00e9di\u00e9e \u00e0 la formation.<\/p>\n<p>&nbsp;<\/p>\n<p>Vous aurez en plus \u00e0 disposition le cours en ligne <strong>My Course<\/strong>\u00a0de British School International, gr\u00e2ce auquel vous pourrez d\u00e9velopper et consolider votre Anglais,\u00a0<strong>en approfondissant le lexique, l\u2019\u00e9coute, la grammaire, la lecture et l\u2019\u00e9criture<\/strong>\u00a0!<\/p>\n<p>&nbsp;<\/p>\n<p>En plus de <strong>My Course<\/strong> , notre offre vous donne droit \u00e9galement au test Cambridge,\u00a0\u00e0 <strong>l\u2019Attestation du Conseil d\u2019Europe British School\u00a0<\/strong>(CEFR COE \u00a9) et \u00e0 devenir\u00a0<strong>BSI\u00a0Member, en ayant ainsi \u00e0 votre disposition toute une s\u00e9rie de facilitations et de remises.<\/strong><\/p>\n<p><strong>INSTRUCTIONS<\/strong><\/p>\n<p>Il est tr\u00e8s facile d\u2019acc\u00e9der \u00e0 tous les services inclus de British Class! \u00a9 &#8211; Interactive English\u00a0:<\/p>\n<p>Selon le niveau qui ressortira (Basic,\u00a0anglais de base ; Elementary,\u00a0anglais \u00e9l\u00e9mentaire-faux d\u00e9butant,\u00a0ou Advanced\u00a0(anglais interm\u00e9diaire-avanc\u00e9),\u00a0vous pourrez acc\u00e9der \u00e0 l\u2019Agenda de r\u00e9servation o\u00f9 vous trouverez pour chaque journ\u00e9e et pour chaque classe les cr\u00e9neaux correspondant \u00e0 votre niveau (Basic, Elementary, Advanced).<\/p>\n<p>Vous pourrez consulter l\u2019agenda \u00e0 tout moment, simplement, en allant sur www.bsinternational.eu, puis en cliquant sur le banner en haut \u00e0 droite\u00a0&#8220;British Class!\u00a0\u00a9\u00a0Interactive English\u00a0\u00a0&gt;\u00a0ENTER&#8221; et en ins\u00e9rant le code du Coupon et le Code de S\u00e9curit\u00e9 ; apr\u00e8s quoi vous pourrez\u00a0:<\/p>\n<ol>\n<li>R\u00e9server votre le\u00e7on hebdomadaire de classe en pr\u00e9sentiel : en allant sur le menu et en cliquant sur ClassRoom, il vous suffira de s\u00e9lectionner le jour et l\u2019heure que vous pr\u00e9f\u00e9rez : lorsque vous am\u00e8nerez votre r\u00e9servation, vous serez accueilli par votre Enseignant et par les camarades de classe. Chaque semaine vous pourrez changer la fr\u00e9quence (jour et heure) en fonction de vos exigences.<\/li>\n<li>Acc\u00e9der au Cours \u00e0 distance My Course de British School International : en allant sur le menu et en cliquant sur My Course, vous pourrez acc\u00e9der au Cours 24 heures sur 24, tous les jours de la semaine, pendant toute la dur\u00e9e du deal : le test initial que vous avez effectu\u00e9 lors de l\u2019enregistrement vous aidera \u00e0 choisir le niveau qui vous convient le mieux. En fonction du paquet que vous avez achet\u00e9, vous pourrez acc\u00e9der au cours pendant 6 ou pendant 12 mois.<\/li>\n<\/ol>\n<p>Chaque semaine, vous avez droit \u00e0 une session en Classe en pr\u00e9sentiel\u00a0; les r\u00e9servations sont closes lorsque le nombre d\u2019inscrits arrive \u00e0 15\u00a0; sur l\u2019agenda il est indiqu\u00e9 si la session est du type Basic\u00a0(anglais de base), Elementary\u00a0(anglais \u00e9l\u00e9mentaire ou Advanced\u00a0(anglais interm\u00e9diaire-avanc\u00e9).<\/p>\n<p>Tranches horaires disponibles dans la semaine, du Lundi au Vendredi :<\/p>\n<p>Slot 17.30-18.30<br \/>\nSlot 18.30-19.30<br \/>\nSlot 19.30-20.30<br \/>\nSlot 20.30-21.30<br \/>\nTranches horaires disponibles le Samedi matin :<\/p>\n<p>Slot 10.00-11.00<br \/>\nSlot 11.00-12.00<br \/>\nVous pourrez varier la fr\u00e9quence chaque fois, selon vos exigences ; la non utilisation du cr\u00e9dit durant la semaine ou des r\u00e9servations en retard lorsque des sessions sont d\u00e9j\u00e0 compl\u00e8tes (au maximum 15 participants inscrits) ne donnent pas droit \u00e0 la r\u00e9cup\u00e9ration de la session non effectu\u00e9e ; \u00e0 partir du moment o\u00f9 vous aurez activ\u00e9 le cours, lorsque le d\u00e9lai de calendrier que vous avez achet\u00e9 est \u00e9chu (6\/12 mois) vous ne pourrez plus acc\u00e9der aux r\u00e9servations du Cours en pr\u00e9sentiel.<\/p>\n<p>&nbsp;<\/p>\n<p><strong>Cours \u00e0 distance British School<\/strong>: My Course\u00a0est un syst\u00e8me innovant pour apprendre rapidement l\u2019anglais, bas\u00e9 sur l\u2019ajout d\u2019un parcours d\u2019apprentissage s\u00fbr et total. Il s\u2019agit d\u2019un parcours didactique bas\u00e9 sur des stimuli audio-visuels et textuels\u00a0\u00e0 travers lesquels l\u2019\u00e9l\u00e8ve apprend des mots et des structures linguistiques de\u00a0mani\u00e8re naturelle et contextuelle\u00a0gr\u00e2ce \u00e0 une s\u00e9rie d\u2019exercices amusants.\u00a0Les contenus didactiques puisent dans la vie r\u00e9elle des exemples et des cas concrets de situations r\u00e9elles,\u00a0que vous sentez proches de vous\u00a0: le progr\u00e8s obtenu peut \u00eatre v\u00e9rifi\u00e9 \u00e0 travers des rapports minutieux.<\/p>\n<p>Le cours est structur\u00e9 sur les\u00a0niveaux officiels du Conseil d\u2019Europe,\u00a0le Common European Framework, et comprend l\u2019intervalle qui va du Niveau A1 (D\u00e9butant) au Niveau B2 (Interm\u00e9diaire)\u00a0: lorsque vous aurez atteint ce niveau vous saurez parler anglais avec aisance. A la fin du cours vous recevrez l\u2019Attestation de Niveau du Conseil d\u2019Europe.<\/p>\n<p>&nbsp;<\/p>\n<p>Test Cambridge:\u00a0une fois termin\u00e9 le cours, vous devrez envoyer une communication , en reportant votre pr\u00e9nom-nom-code du coupon et le security code, pour que le secr\u00e9tariat de British School International puisse activer la licence du Test Cambridge: lorsque vous aurez effectu\u00e9 le test, nous vous enverrons l\u2019enregistrement accompagn\u00e9 de l\u2019Attestation de Niveau du Conseil d\u2019Europe.<\/p>\n<p>&nbsp;<\/p>\n<p>D\u00e9but de la British Class! \u00a9 &#8211; Interactive English: \u00e0 partir du 17 \u00a0novembre 2014, d\u00e8s que vous aurez termin\u00e9 l\u2019inscription en r\u00e9glant votre cotisation de 25,00 \u20ac et effectu\u00e9 le test de niveau (horaires du Secr\u00e9tariat du Lundi au Jeudi &#8211; 09h00-13h00 et 14h00-18h00; Vendredi 9h00-13h00 et 14h00-17h00)<\/p>\n<p>&nbsp;<\/p>\n<p>P\u00e9riodes o\u00f9 les le\u00e7ons ne sont pas effectu\u00e9es : 08.12.14 ; 22.12.14 \u2013 14.01.15; vacances de P\u00e2ques, de jeudi 02.04.15 \u00e0 samedi 11.04.15 , du 27 avril 2015 au 2 mai 2015, 01-02.06.15, du lundi 27.07.15 \u00e0 samedi 12.09.15, 01.11.15, 07-08.12.15, \u00a021.12.15 &#8211; 15.01.16.<\/p>\n<p>Dur\u00e9es des paquets le\u00e7ons : les paquets 6 mois et 12 mois comprennent \u00e9galement les semaines o\u00f9 les le\u00e7ons ne sont pas pr\u00e9vues :<\/p>\n<p>la dur\u00e9e r\u00e9elle du paquet 6 mois est de 20 le\u00e7ons en classes pr\u00e9sentielles (\u00e0 effectuer dans les 6 mois de calendrier)\u00a0+ 6 mois de calendrier d\u2019acc\u00e8s au Laboratoire Linguistique Virtuel ;<br \/>\nla dur\u00e9e r\u00e9elle du paquet 12 mois est de 40 le\u00e7ons en classes pr\u00e9sentielles (\u00e0 effectuer dans les 6 mois de calendrier)\u00a0+ 12 mois de calendrier d\u2019acc\u00e8s au Laboratoire Linguistique Virtuel<br \/>\nCotisation BSI Member: obligatoire pour pouvoir activer le cours ;\u00a0cette cotisation est fix\u00e9e, de mani\u00e8re promotionnelle pour les Clients Groupon, \u00e0 25,00 \u20ac au lieu de 85,00 \u20ac ; en devenant BSI\u00a0Member vous avez droit \u00e0 l\u2019acc\u00e8s illimit\u00e9 pendant 12 mois au Laboratoire Linguistique Virtuel, My Lab, o\u00f9 vous pourrez vous exercer sans limite, ainsi qu\u2019aux remises sur les cours British School International\u00a0; vous serez \u00e9galement invit\u00e9 aux\u00a0Open Days\u00a0et aux initiatives de l\u2019\u00e9cole<\/p>\n<p>&nbsp;<\/p>\n<p>* les le\u00e7ons peuvent \u00eatre r\u00e9serv\u00e9es m\u00eame \u00e0 la derni\u00e8re minute \u00e0 condition que la capacit\u00e9 maximum pr\u00e9vue de 15 participants n\u2019ait pas \u00e9t\u00e9 atteinte.<\/p>\n<p>&nbsp;<\/p>\n<div id=\"s3gt_translate_tooltip\" style=\"left: 703px; top: 2539px;\"><\/div>\n","protected":false},"excerpt":{"rendered":"<p>&nbsp; British Class! \u00a9 &#8211; Interactive English courses by British School International allow you to speak English with certified mother-tongue teachers in small groups where you can easily meet new friends, learn fast, and also have fun. &nbsp; Chaque semaine vous aurez la possibilit\u00e9 de varier les jours et les heures de votre le\u00e7on, le [&hellip;]<\/p>\n","protected":false},"author":2,"featured_media":0,"parent":0,"menu_order":0,"comment_status":"open","ping_status":"closed","template":"","meta":{"footnotes":""},"class_list":["post-408","page","type-page","status-publish","hentry"],"_links":{"self":[{"href":"https:\/\/bsinternational.co.uk\/fr\/wp-json\/wp\/v2\/pages\/408\/"}],"collection":[{"href":"https:\/\/bsinternational.co.uk\/fr\/wp-json\/wp\/v2\/pages\/"}],"about":[{"href":"https:\/\/bsinternational.co.uk\/fr\/wp-json\/wp\/v2\/types\/page\/"}],"author":[{"embeddable":true,"href":"https:\/\/bsinternational.co.uk\/fr\/wp-json\/wp\/v2\/users\/2\/"}],"replies":[{"embeddable":true,"href":"https:\/\/bsinternational.co.uk\/fr\/wp-json\/wp\/v2\/comments\/?post=408"}],"version-history":[{"count":3,"href":"https:\/\/bsinternational.co.uk\/fr\/wp-json\/wp\/v2\/pages\/408\/revisions\/"}],"predecessor-version":[{"id":797,"href":"https:\/\/bsinternational.co.uk\/fr\/wp-json\/wp\/v2\/pages\/408\/revisions\/797\/"}],"wp:attachment":[{"href":"https:\/\/bsinternational.co.uk\/fr\/wp-json\/wp\/v2\/media\/?parent=408"}],"curies":[{"name":"wp","href":"https:\/\/api.w.org\/{rel}","templated":true}]}}