{"id":405,"date":"2015-02-20T12:53:06","date_gmt":"2015-02-20T11:53:06","guid":{"rendered":"https:\/\/bsinternational.co.uk\/en\/?page_id=405"},"modified":"2015-09-04T21:09:42","modified_gmt":"2015-09-04T19:09:42","slug":"la-methode-n-r-m","status":"publish","type":"page","link":"https:\/\/bsinternational.co.uk\/fr\/la-methode-n-r-m\/","title":{"rendered":"La M\u00e9thode N.R.M. \u00a9"},"content":{"rendered":"<p>Notre \u00a0<strong>M\u00e9thodologie<\/strong> est depuis toujours\u00a0<strong>contextuelle<\/strong> : l\u2019apprentissage de la Langue a lieu \u00e0 travers l\u2019introduction de situations\u00a0(contextes) qui peuvent \u00eatre :<\/p>\n<ul>\n<li><strong>g\u00e9n\u00e9raux<\/strong>\u00a0(niveaux de base)<\/li>\n<li><strong>mixtes<\/strong>\u00a0(g\u00e9n\u00e9raux et business)<\/li>\n<li>par cat\u00e9gories\u00a0pr\u00e9-interm\u00e9diaire\u00a0et\u00a0interm\u00e9diaire-avanc\u00e9e (business).<\/li>\n<\/ul>\n<p>A travers une approche\u00a0<strong>agr\u00e9able, amusante\u00a0<\/strong>et\u00a0<strong>stimulante<\/strong>\u00a0l\u2019\u00e9l\u00e8ve augmente <strong>sa motivation<\/strong>\u00a0et agit de mani\u00e8re\u00a0<strong>lin\u00e9aire<\/strong>\u00a0et\u00a0<strong>sereine<\/strong>.<\/p>\n<p>L\u2019 approche m\u00e9thodologique est\u00a0<strong>continuellement<\/strong>\u00a0revue et d\u00e9velopp\u00e9e pour s\u2019aligner aux innovations technologiques qui vont de pair avec les cours en Classe (Blended Learning, Communication Vid\u00e9o etc) tout en se conformant aux exigences de march\u00e9, continuellement en \u00e9volution.<\/p>\n<p>&nbsp;<\/p>\n<p><a href=\"https:\/\/bsinternational.co.uk\/wp-content\/uploads\/2014\/06\/j04226381.jpg\"><img loading=\"lazy\" decoding=\"async\" class=\"alignnone wp-image-81 size-medium\" src=\"https:\/\/bsinternational.co.uk\/wp-content\/uploads\/2014\/06\/j04226381-300x202.jpg\" alt=\"[cml_media_alt id='81']Businesspeople in Meeting[\/cml_media_alt]\" width=\"300\" height=\"202\" srcset=\"https:\/\/bsinternational.co.uk\/wp-content\/uploads\/2014\/06\/j04226381-300x202.jpg 300w, https:\/\/bsinternational.co.uk\/wp-content\/uploads\/2014\/06\/j04226381-1024x690.jpg 1024w, https:\/\/bsinternational.co.uk\/wp-content\/uploads\/2014\/06\/j04226381.jpg 1280w\" sizes=\"(max-width: 300px) 100vw, 300px\" \/><\/a><\/p>\n<p><strong>L\u2019approche contextuelle par situations<\/strong><\/p>\n<p>Des mots et des structures sont introduits dans la\u00a0<strong>Situation<\/strong>\u00a0: l\u2019Enseignant de Langue Maternelle <strong>explique alors dans sa langue<\/strong>\u00a0la structure et les mots, mais toujours avec une approche pratique.<\/p>\n<p>A ce point, normalement <strong>une autre situation d\u00e9marre<\/strong>, pour contr\u00f4ler ce qui a \u00e9t\u00e9 appris et les <strong>anciens et nouveaux points de lacune sont focalis\u00e9s.<\/strong><\/p>\n<p>&nbsp;<\/p>\n<p style=\"color: #000000;\"><a href=\"https:\/\/bsinternational.co.uk\/wp-content\/uploads\/2014\/06\/technology.jpg\"><img loading=\"lazy\" decoding=\"async\" class=\"wp-image-69 size-medium aligncenter\" src=\"https:\/\/bsinternational.co.uk\/wp-content\/uploads\/2014\/06\/technology-300x206.jpg\" alt=\"[cml_media_alt id='69']Woman's Eye and World Globes[\/cml_media_alt]\" width=\"300\" height=\"206\" srcset=\"https:\/\/bsinternational.co.uk\/wp-content\/uploads\/2014\/06\/technology-300x206.jpg 300w, https:\/\/bsinternational.co.uk\/wp-content\/uploads\/2014\/06\/technology-1024x703.jpg 1024w, https:\/\/bsinternational.co.uk\/wp-content\/uploads\/2014\/06\/technology.jpg 1280w\" sizes=\"(max-width: 300px) 100vw, 300px\" \/><\/a><a style=\"color: #000000;\" href=\"https:\/\/bsinternational.co.uk\/wp-content\/uploads\/2011\/12\/j0399742.jpg\"><br \/>\n<\/a><\/p>\n<h3><strong>L\u2019 importance de la consolidation<\/strong><\/h3>\n<p>La possibilit\u00e9 de <strong>s\u2019introduire le plus profond\u00e9ment<\/strong> possible dans la Langue est\u00a0<strong>fondamentale<\/strong>\u00a0pour acc\u00e9l\u00e9rer l\u2019apprentissage, par cons\u00e9quent les occasions de contact dans la langue sont <strong>tr\u00e8s importantes<\/strong>.<\/p>\n<p>Notre organisation, en mettant \u00e0 disposition de chaque Etudiant le <strong>Laboratoire Linguistique Virtuel<\/strong>, permet \u00e0 ce dernier d\u2019avoir une q<strong>uantit\u00e9 illimit\u00e9e de stimuli linguistiques multim\u00e9dias<\/strong>\u00a0(vid\u00e9o\u00a0et audio) et <strong>textuels interactifs<\/strong>.<\/p>\n<p>&nbsp;<\/p>\n<div>\n<p style=\"color: #000000;\"><a href=\"https:\/\/bsinternational.co.uk\/wp-content\/uploads\/2014\/06\/speaking.jpg\"><img loading=\"lazy\" decoding=\"async\" class=\"alignnone size-full wp-image-120\" src=\"https:\/\/bsinternational.co.uk\/wp-content\/uploads\/2014\/06\/speaking.jpg\" alt=\"[cml_media_alt id='120']speaking[\/cml_media_alt]\" width=\"225\" height=\"224\" srcset=\"https:\/\/bsinternational.co.uk\/wp-content\/uploads\/2014\/06\/speaking-45x45.jpg 45w, https:\/\/bsinternational.co.uk\/wp-content\/uploads\/2014\/06\/speaking-150x150.jpg 150w, https:\/\/bsinternational.co.uk\/wp-content\/uploads\/2014\/06\/speaking.jpg 225w\" sizes=\"(max-width: 225px) 100vw, 225px\" \/><\/a><\/p>\n<p style=\"color: #000000;\">\n<\/div>\n","protected":false},"excerpt":{"rendered":"<p>Notre \u00a0M\u00e9thodologie est depuis toujours\u00a0contextuelle : l\u2019apprentissage de la Langue a lieu \u00e0 travers l\u2019introduction de situations\u00a0(contextes) qui peuvent \u00eatre : g\u00e9n\u00e9raux\u00a0(niveaux de base) mixtes\u00a0(g\u00e9n\u00e9raux et business) par cat\u00e9gories\u00a0pr\u00e9-interm\u00e9diaire\u00a0et\u00a0interm\u00e9diaire-avanc\u00e9e (business). A travers une approche\u00a0agr\u00e9able, amusante\u00a0et\u00a0stimulante\u00a0l\u2019\u00e9l\u00e8ve augmente sa motivation\u00a0et agit de mani\u00e8re\u00a0lin\u00e9aire\u00a0et\u00a0sereine. L\u2019 approche m\u00e9thodologique est\u00a0continuellement\u00a0revue et d\u00e9velopp\u00e9e pour s\u2019aligner aux innovations technologiques qui vont de [&hellip;]<\/p>\n","protected":false},"author":2,"featured_media":0,"parent":0,"menu_order":0,"comment_status":"open","ping_status":"open","template":"","meta":{"footnotes":""},"class_list":["post-405","page","type-page","status-publish","hentry"],"_links":{"self":[{"href":"https:\/\/bsinternational.co.uk\/fr\/wp-json\/wp\/v2\/pages\/405\/"}],"collection":[{"href":"https:\/\/bsinternational.co.uk\/fr\/wp-json\/wp\/v2\/pages\/"}],"about":[{"href":"https:\/\/bsinternational.co.uk\/fr\/wp-json\/wp\/v2\/types\/page\/"}],"author":[{"embeddable":true,"href":"https:\/\/bsinternational.co.uk\/fr\/wp-json\/wp\/v2\/users\/2\/"}],"replies":[{"embeddable":true,"href":"https:\/\/bsinternational.co.uk\/fr\/wp-json\/wp\/v2\/comments\/?post=405"}],"version-history":[{"count":1,"href":"https:\/\/bsinternational.co.uk\/fr\/wp-json\/wp\/v2\/pages\/405\/revisions\/"}],"predecessor-version":[{"id":407,"href":"https:\/\/bsinternational.co.uk\/fr\/wp-json\/wp\/v2\/pages\/405\/revisions\/407\/"}],"wp:attachment":[{"href":"https:\/\/bsinternational.co.uk\/fr\/wp-json\/wp\/v2\/media\/?parent=405"}],"curies":[{"name":"wp","href":"https:\/\/api.w.org\/{rel}","templated":true}]}}