{"id":402,"date":"2015-02-20T12:32:53","date_gmt":"2015-02-20T11:32:53","guid":{"rendered":"https:\/\/bsinternational.co.uk\/en\/?page_id=402"},"modified":"2015-09-07T13:07:56","modified_gmt":"2015-09-07T11:07:56","slug":"devenez-un-centre-british-school-int","status":"publish","type":"page","link":"https:\/\/bsinternational.co.uk\/fr\/devenez-un-centre-british-school-int\/","title":{"rendered":"Devenez un Centre British School Int."},"content":{"rendered":"<div class=\"fusion-one-half fusion-layout-column fusion-spacing-yes\" style=\"margin-top:0px;margin-bottom:20px;\"><div class=\"fusion-column-wrapper\"><p>Devenez un Centre British School International \u00a9 : vous aurez \u00e0 disposition un kit complet de Services et de Ressources et vous pourrez augmenter rapidement vos parts de march\u00e9 et votre chiffre d\u2019affaires.<\/p>\n<div class=\"fusion-clearfix\"><\/div><\/div><\/div><div class=\"fusion-one-half fusion-layout-column fusion-column-last fusion-spacing-yes\" style=\"margin-top:0px;margin-bottom:20px;\"><div class=\"fusion-column-wrapper\"><span class=\"fusion-imageframe imageframe-none imageframe-1 hover-type-none\"> <img decoding=\"async\" alt=\"\" src=\"https:\/\/bsinternational.co.uk\/wp-content\/uploads\/2015\/07\/logo1.png\" class=\"img-responsive\"width=\"233\" height=\"94\"\/><\/span><div class=\"fusion-clearfix\"><\/div><\/div><\/div><div class=\"fusion-clearfix\"><\/div><div class=\"fusion-one-full fusion-layout-column fusion-column-last fusion-spacing-yes\" style=\"margin-top:0px;margin-bottom:20px;\"><div class=\"fusion-column-wrapper\"><p><strong>&#8220;Service Brand&#8221;<\/strong><br \/>\nGr\u00e2ce au\u00a0\u00a0\u201cService Brand\u201d\u00a0vous aurez droit \u00e0 :<\/p>\n<ol>\n<li>Utilisation du Brand British School International\u00a0\u00a9<\/li>\n<li>Examens de Certification Internationale, tant en pr\u00e9sentiel qu\u2019en formation mixte (examens en ligne avec supervision en pr\u00e9sentiel) reconnus par le Minist\u00e8re de l\u2019Instruction<\/li>\n<li>Conception de Mat\u00e9riel Publicitaire (Affiche pour Adultes \u2013 Enfants \u2013 Individuels ) \u2013 Layout Folder \u2013 Mat\u00e9riel de Communication \u2013 Brochures<\/li>\n<li>Test d\u2019entr\u00e9e British ou, au choix, Test Cambridge<\/li>\n<li>Module automatique pour l\u2019Analyse des Comp\u00e9tences Objectif du Client (Particulier\/Entreprise)<\/li>\n<li>Module automatique pour la Composition de la Classe et pour le d\u00e9veloppement du Training Plan<\/li>\n<li>Elaboration du Contrat sur Projet et\/ou du Contrat de Prestation de service avec des Enseignants soumis \u00e0 TVA et du Contrat de Fourniture pour Enseignants propri\u00e9taires d\u2019une Entreprise<\/li>\n<li>Fonctions d\u2019organisation<\/li>\n<li>Module de Feedback progressif pour la satisfaction du chaque Etudiant, de la Classe, de toutes les personnes int\u00e9ress\u00e9es \u00e0 un Training Plan<\/li>\n<li>Possibilit\u00e9 de charger les pr\u00e9sences et les absences sur un module en ligne (t\u00e9l\u00e9chargeable en excel) qui est donc ensuite annex\u00e9 \u00e0 tous les rapports \u00e9mis.<\/li>\n<li>Test de sortie British ou Cambridge EPT<\/li>\n<li>Report graphique \u00e0 radar qui met en \u00e9vidence sur les diff\u00e9rentes dimensions fonctionnelles (par ex. Socialiser, Pr\u00e9senter, G\u00e9rer une R\u00e9union, Ecrire, etc.) la capacit\u00e9 initiale de l\u2019\u00e9l\u00e8ve, l\u2019objectif \u00e0 atteindre dans la longue p\u00e9riode et l\u2019objectif atteint \u00e0 la fin du cycle.<\/li>\n<li>Report \u00e0 matrice o\u00f9 sont exprim\u00e9s de mani\u00e8re analytique les niveaux de comp\u00e9tence initiale, finale et l\u2019objectif avec toute la description du Training Plan r\u00e9alis\u00e9 et des facteurs de performance de l\u2019\u00e9l\u00e8ve<\/li>\n<li>Attestation Finale du Conseil d\u2019Europe<\/li>\n<li>Diff\u00e9rentes Fonctions de contr\u00f4le de gestion<\/li>\n<li>Licences pour Cours en line de General English<\/li>\n<li>Licences pour Cours E-Learning de Business English<\/li>\n<li>Licences pour Cours T\u00e9l\u00e9phoniques<\/li>\n<li>Licences pour Cours en Formation \u00e0 Distance Assist\u00e9e<\/li>\n<li>Licences pour Solutions Blended N.R.M.\u00a0\u00a9<\/li>\n<li>Acc\u00e8s \u00e0 un Laboratoire Linguistique Virtuel (My Lab\u00a0\u00a9) \u00a0pour tous les cours<\/li>\n<\/ol>\n<p>Le tout \u00e0 un tarif par personne, li\u00e9 au client individuel g\u00e9r\u00e9, extr\u00eamement comp\u00e9titif.<\/p>\n<p><a href=\"https:\/\/bsinternational.co.uk\/wp-content\/uploads\/2014\/06\/BritishSchoolInternational.jpg\"><img loading=\"lazy\" decoding=\"async\" class=\"alignnone size-full wp-image-205\" src=\"https:\/\/bsinternational.co.uk\/wp-content\/uploads\/2014\/06\/BritishSchoolInternational.jpg\" alt=\"&#091;cml_media_alt id='205'&#093;BritishSchoolInternational&#091;\/cml_media_alt&#093;\" width=\"590\" height=\"238\" srcset=\"https:\/\/bsinternational.co.uk\/wp-content\/uploads\/2014\/06\/BritishSchoolInternational-300x121.jpg 300w, https:\/\/bsinternational.co.uk\/wp-content\/uploads\/2014\/06\/BritishSchoolInternational.jpg 590w\" sizes=\"(max-width: 590px) 100vw, 590px\" \/><\/a><\/p>\n<p>Gr\u00e2ce \u00e0 un service didactique tr\u00e8s avanc\u00e9 et \u00e0 une offre compl\u00e8te, votre Ecole augmentera fortement et rapidement ses ventes &#8211; son chiffre d\u2019affaires et ses marges, en consolidant ses clients qui seront encore plus satisfaits et fid\u00e9lis\u00e9s.<\/p>\n<p>Contactez-nous pour recevoir notre proposition commerciale\u00a0!<\/p>\n<div class=\"fusion-clearfix\"><\/div><\/div><\/div><div class=\"fusion-clearfix\"><\/div>\n","protected":false},"excerpt":{"rendered":"","protected":false},"author":2,"featured_media":0,"parent":0,"menu_order":0,"comment_status":"open","ping_status":"open","template":"","meta":{"footnotes":""},"class_list":["post-402","page","type-page","status-publish","hentry"],"_links":{"self":[{"href":"https:\/\/bsinternational.co.uk\/fr\/wp-json\/wp\/v2\/pages\/402\/"}],"collection":[{"href":"https:\/\/bsinternational.co.uk\/fr\/wp-json\/wp\/v2\/pages\/"}],"about":[{"href":"https:\/\/bsinternational.co.uk\/fr\/wp-json\/wp\/v2\/types\/page\/"}],"author":[{"embeddable":true,"href":"https:\/\/bsinternational.co.uk\/fr\/wp-json\/wp\/v2\/users\/2\/"}],"replies":[{"embeddable":true,"href":"https:\/\/bsinternational.co.uk\/fr\/wp-json\/wp\/v2\/comments\/?post=402"}],"version-history":[{"count":3,"href":"https:\/\/bsinternational.co.uk\/fr\/wp-json\/wp\/v2\/pages\/402\/revisions\/"}],"predecessor-version":[{"id":905,"href":"https:\/\/bsinternational.co.uk\/fr\/wp-json\/wp\/v2\/pages\/402\/revisions\/905\/"}],"wp:attachment":[{"href":"https:\/\/bsinternational.co.uk\/fr\/wp-json\/wp\/v2\/media\/?parent=402"}],"curies":[{"name":"wp","href":"https:\/\/api.w.org\/{rel}","templated":true}]}}