{"id":398,"date":"2015-02-20T12:24:35","date_gmt":"2015-02-20T11:24:35","guid":{"rendered":"https:\/\/bsinternational.co.uk\/en\/?page_id=398"},"modified":"2015-09-05T09:30:02","modified_gmt":"2015-09-05T07:30:02","slug":"services-pour-les-ecoles-de-langue-et-les-universites","status":"publish","type":"page","link":"https:\/\/bsinternational.co.uk\/fr\/services-pour-les-ecoles-de-langue-et-les-universites\/","title":{"rendered":"Services pour les Ecoles de Langue et les Universit\u00e9s"},"content":{"rendered":"<p><a href=\"https:\/\/bsinternational.co.uk\/wp-content\/uploads\/2014\/06\/Technology_management_LG_FOC.png\"><img loading=\"lazy\" decoding=\"async\" class=\"alignnone size-full wp-image-67\" src=\"https:\/\/bsinternational.co.uk\/wp-content\/uploads\/2014\/06\/Technology_management_LG_FOC.png\" alt=\"[cml_media_alt id='67']Technology_management_LG_FOC[\/cml_media_alt]\" width=\"700\" height=\"255\" srcset=\"https:\/\/bsinternational.co.uk\/wp-content\/uploads\/2014\/06\/Technology_management_LG_FOC-300x109.png 300w, https:\/\/bsinternational.co.uk\/wp-content\/uploads\/2014\/06\/Technology_management_LG_FOC.png 700w\" sizes=\"(max-width: 700px) 100vw, 700px\" \/><\/a><\/p>\n<p>British School International \u00a9 offre aux Ecoles de Langue et aux Universit\u00e9s toute une s\u00e9rie de services int\u00e9ressants qui constituent une offre compl\u00e8te, \u00e0 360\u00b0, tant dans le monde B2C, que dans le monde B2B, en am\u00e9liorant \u00e9galement l\u2019efficacit\u00e9 interne et par cons\u00e9quent la comp\u00e9titivit\u00e9.<\/p>\n<p><strong>\u201cService Package\u201d<\/strong><\/p>\n<p><a href=\"https:\/\/bsinternational.co.uk\/wp-content\/uploads\/2014\/06\/Union-Jack-Gift-Box.jpg\"><img loading=\"lazy\" decoding=\"async\" class=\"alignnone wp-image-199 size-thumbnail\" src=\"https:\/\/bsinternational.co.uk\/wp-content\/uploads\/2014\/06\/Union-Jack-Gift-Box-150x150.jpg\" alt=\"[cml_media_alt id='199']Union Jack Gift Box[\/cml_media_alt]\" width=\"150\" height=\"150\" srcset=\"https:\/\/bsinternational.co.uk\/wp-content\/uploads\/2014\/06\/Union-Jack-Gift-Box-45x45.jpg 45w, https:\/\/bsinternational.co.uk\/wp-content\/uploads\/2014\/06\/Union-Jack-Gift-Box-150x150.jpg 150w, https:\/\/bsinternational.co.uk\/wp-content\/uploads\/2014\/06\/Union-Jack-Gift-Box-230x230.jpg 230w, https:\/\/bsinternational.co.uk\/wp-content\/uploads\/2014\/06\/Union-Jack-Gift-Box-300x300.jpg 300w, https:\/\/bsinternational.co.uk\/wp-content\/uploads\/2014\/06\/Union-Jack-Gift-Box.jpg 500w\" sizes=\"(max-width: 150px) 100vw, 150px\" \/><\/a><\/p>\n<ol>\n<li>Gr\u00e2ce au\u00a0\u00a0\u201cService Package\u201d\u00a0vous aurez droit \u00e0 :<\/li>\n<li>Test d\u2019entr\u00e9e British ou, au choix, le Test Cambridge<\/li>\n<li>Module automatique pour l\u2019Analyse des Comp\u00e9tences Objectif du Client (Particulier\/Entreprises)<\/li>\n<li>Module\u00a0automatique pour la Composition de la Classe et pour le d\u00e9veloppement du Training Plan<\/li>\n<li>Elaboration du Contrat sur Projet et\/ou du Contrat de Prestation de Service avec des Enseignants soumis \u00e0 TVA et du Contrat de Fourniture pour Enseignants propri\u00e9taires d\u2019une Entreprise<\/li>\n<li>Fonctions d\u2019organisation<\/li>\n<li>Module de Feedback progressif pour la satisfaction de chaque Etudiant, de la Classe, de toutes les personnes int\u00e9ress\u00e9es \u00e0 un Training Plan<\/li>\n<li>Possibilit\u00e9 de charger les pr\u00e9sences et les absences sur un module en ligne (t\u00e9l\u00e9chargeable en excel) qui est donc ensuite annex\u00e9 \u00e0 tous les rapports \u00e9mis.<\/li>\n<li>Test de sortie British ou Cambridge Cambridge EPT<\/li>\n<li>Report graphique \u00e0 radar qui met en \u00e9vidence sur les diff\u00e9rentes dimensions fonctionnelles (par ex. Socialiser, Pr\u00e9senter, G\u00e9rer une R\u00e9union, Ecrire, etc.) la capacit\u00e9 initiale de l\u2019\u00e9l\u00e8ve, l\u2019objectif \u00e0 atteindre dans la longue p\u00e9riode et l\u2019objectif atteint \u00e0 la fin du cycle.<\/li>\n<li>Report \u00e0 matrice o\u00f9 sont exprim\u00e9s de mani\u00e8re analytique les niveaux de comp\u00e9tence initiale, finale et l\u2019objectif avec toute la description du Training Plan r\u00e9alis\u00e9 et des facteurs de performance de l\u2019\u00e9l\u00e8ve<\/li>\n<li>Attestation Finale du Conseil d\u2019Europe<\/li>\n<li>Diff\u00e9rentes Fonctions de contr\u00f4le de gestion<\/li>\n<li>Licences pour Cours en ligne de General English<\/li>\n<li>Licences pour Cours E-Learning de Business English<\/li>\n<li>Licences pour Cours T\u00e9l\u00e9phoniques<\/li>\n<li>Licences pour Cours en Formation \u00e0 Distance Assist\u00e9e<\/li>\n<li>Licences pour Solutions Blended N.R.M.\u00a0\u00a9<\/li>\n<li>Acc\u00e8s \u00e0 un Laboratoire Linguistique Virtuel (My Lab\u00a0\u00a9) \u00a0pour tous les cours<\/li>\n<\/ol>\n<p>Le tout \u00e0 un tarif par personne, li\u00e9 au client individuel g\u00e9r\u00e9, extr\u00eamement comp\u00e9titif.<\/p>\n<p><a href=\"https:\/\/bsinternational.co.uk\/wp-content\/uploads\/2014\/06\/hands2.jpg\"><img loading=\"lazy\" decoding=\"async\" class=\"alignnone size-full wp-image-200\" src=\"https:\/\/bsinternational.co.uk\/wp-content\/uploads\/2014\/06\/hands2.jpg\" alt=\"[cml_media_alt id='200']hands2[\/cml_media_alt]\" width=\"450\" height=\"450\" srcset=\"https:\/\/bsinternational.co.uk\/wp-content\/uploads\/2014\/06\/hands2-45x45.jpg 45w, https:\/\/bsinternational.co.uk\/wp-content\/uploads\/2014\/06\/hands2-150x150.jpg 150w, https:\/\/bsinternational.co.uk\/wp-content\/uploads\/2014\/06\/hands2-230x230.jpg 230w, https:\/\/bsinternational.co.uk\/wp-content\/uploads\/2014\/06\/hands2-300x300.jpg 300w, https:\/\/bsinternational.co.uk\/wp-content\/uploads\/2014\/06\/hands2.jpg 450w\" sizes=\"(max-width: 450px) 100vw, 450px\" \/><\/a><\/p>\n<p>Vous \u00e9conomiserez du temps et du travail, en augmentant votre capacit\u00e9 d\u2019organisation et en m\u00eame temps votre formation sera compl\u00e8te et beaucoup plus comp\u00e9titive par rapport \u00e0 ce que le march\u00e9 offre aujourd\u2019hui, de nouvelles prospectives s\u2019ouvriront pour vous sur les march\u00e9s et vos segments actuels conna\u00eetront un plus grand d\u00e9veloppement.<\/p>\n<div id=\"s3gt_translate_tooltip\" style=\"left: 5px; top: 303px;\"><\/div>\n<div id=\"s3gt_translate_tooltip\" style=\"left: 5px; top: 1588px;\"><\/div>\n","protected":false},"excerpt":{"rendered":"<p>British School International \u00a9 offre aux Ecoles de Langue et aux Universit\u00e9s toute une s\u00e9rie de services int\u00e9ressants qui constituent une offre compl\u00e8te, \u00e0 360\u00b0, tant dans le monde B2C, que dans le monde B2B, en am\u00e9liorant \u00e9galement l\u2019efficacit\u00e9 interne et par cons\u00e9quent la comp\u00e9titivit\u00e9. \u201cService Package\u201d Gr\u00e2ce au\u00a0\u00a0\u201cService Package\u201d\u00a0vous aurez droit \u00e0 : Test [&hellip;]<\/p>\n","protected":false},"author":2,"featured_media":0,"parent":0,"menu_order":0,"comment_status":"open","ping_status":"open","template":"","meta":{"footnotes":""},"class_list":["post-398","page","type-page","status-publish","hentry"],"_links":{"self":[{"href":"https:\/\/bsinternational.co.uk\/fr\/wp-json\/wp\/v2\/pages\/398\/"}],"collection":[{"href":"https:\/\/bsinternational.co.uk\/fr\/wp-json\/wp\/v2\/pages\/"}],"about":[{"href":"https:\/\/bsinternational.co.uk\/fr\/wp-json\/wp\/v2\/types\/page\/"}],"author":[{"embeddable":true,"href":"https:\/\/bsinternational.co.uk\/fr\/wp-json\/wp\/v2\/users\/2\/"}],"replies":[{"embeddable":true,"href":"https:\/\/bsinternational.co.uk\/fr\/wp-json\/wp\/v2\/comments\/?post=398"}],"version-history":[{"count":1,"href":"https:\/\/bsinternational.co.uk\/fr\/wp-json\/wp\/v2\/pages\/398\/revisions\/"}],"predecessor-version":[{"id":400,"href":"https:\/\/bsinternational.co.uk\/fr\/wp-json\/wp\/v2\/pages\/398\/revisions\/400\/"}],"wp:attachment":[{"href":"https:\/\/bsinternational.co.uk\/fr\/wp-json\/wp\/v2\/media\/?parent=398"}],"curies":[{"name":"wp","href":"https:\/\/api.w.org\/{rel}","templated":true}]}}