{"id":394,"date":"2015-02-20T12:08:09","date_gmt":"2015-02-20T11:08:09","guid":{"rendered":"https:\/\/bsinternational.co.uk\/en\/?page_id=394"},"modified":"2015-09-05T09:47:23","modified_gmt":"2015-09-05T07:47:23","slug":"cambridge-exams-et-certifications-inter-li","status":"publish","type":"page","link":"https:\/\/bsinternational.co.uk\/fr\/cambridge-exams-et-certifications-inter-li\/","title":{"rendered":"Cambridge Exams et Certifications Inter.li"},"content":{"rendered":"<p>A travers des parcours sp\u00e9cialis\u00e9s, aussi bien dans des classes en pr\u00e9sentiel qu\u2019en modalit\u00e9 blended learning (apprentissage mixte),\u00a0British School International \u00a9 offre des solutions Cambridge comme :<\/p>\n<ul>\n<li><b>KET<\/b> (<a href=\"https:\/\/www.cambridgeenglish.org\/exams\/key\/\">Key English Test<\/a>):\u00a0niveau \u00e9l\u00e9mentaire (A2 dans le <a href=\"https:\/\/en.wikipedia.org\/wiki\/Common_European_Framework_of_Reference_for_Languages\">CEFR<\/a>)<\/li>\n<li><b>PET<\/b> (<a href=\"https:\/\/www.cambridgeenglish.org\/exams\/preliminary\/\">Preliminary English Test<\/a>):\u00a0niveau interm\u00e9diaire (B1 dans le <a href=\"https:\/\/en.wikipedia.org\/wiki\/Common_European_Framework_of_Reference_for_Languages\">CEFR<\/a>)<\/li>\n<li><b>FCE<\/b> (<a href=\"https:\/\/www.cambridgeenglish.org\/exams\/first\/\">First Certificate in English<\/a>):\u00a0niveau interm\u00e9diaire sup\u00e9rieur (B2 dans le <a href=\"https:\/\/en.wikipedia.org\/wiki\/Common_European_Framework_of_Reference_for_Languages\">CEFR<\/a>)<\/li>\n<li><b>CAE<\/b> (<a href=\"https:\/\/www.cambridgeenglish.org\/exams\/advanced\/\">Certificate in Advanced English<\/a>): niveau avanc\u00e9 (C1 dans le <a href=\"https:\/\/en.wikipedia.org\/wiki\/Common_European_Framework_of_Reference_for_Languages\">CEFR<\/a>)<\/li>\n<li><b>CPE<\/b> (<a href=\"https:\/\/www.cambridgeenglish.org\/exams\/proficiency\/\">Certificate of Proficiency in English<\/a>):\u00a0niveau excellent (C2 dans le <a href=\"https:\/\/en.wikipedia.org\/wiki\/Common_European_Framework_of_Reference_for_Languages\">CEFR<\/a>) d\u2019Anglais pour \u00e9coliers<\/li>\n<\/ul>\n<h3>Anglais pour enfants d&#8217;\u00e2ge scolaire<\/h3>\n<ul>\n<li><b>KET for Schools<\/b> (Key English Test pour les \u00e9coles)<\/li>\n<li><b>PET for Schools<\/b> (Preliminary English Test pour les \u00e9coles)<\/li>\n<li><b>FCE for Schools<\/b> (First Certificate in English (pour les \u00e9coles)<\/li>\n<\/ul>\n<h3 class=\"western\">Anglais commercial<\/h3>\n<ul>\n<li><b>BEC<\/b> (Business English Certificate): constitu\u00e9 par trois niveaux:\n<ul>\n<li><i>Preliminary<\/i>,niveau interm\u00e9diaire (B1 in the <a href=\"https:\/\/en.wikipedia.org\/wiki\/Common_European_Framework_of_Reference_for_Languages\">CEFR<\/a>)<\/li>\n<li><i>Vantage<\/i>,\u00a0niveau interm\u00e9diaire sup\u00e9rieur (B2 dans le <a href=\"https:\/\/en.wikipedia.org\/wiki\/Common_European_Framework_of_Reference_for_Languages\">CEFR<\/a>)<\/li>\n<li><i>Higher<\/i>,\u00a0niveau avanc\u00e9 (C1 dans le <a href=\"https:\/\/en.wikipedia.org\/wiki\/Common_European_Framework_of_Reference_for_Languages\">CEFR<\/a>)<\/li>\n<\/ul>\n<\/li>\n<li><b>BULATS<\/b> (<a href=\"https:\/\/www.bulats.org\/\">Business Language Testing Service<\/a>): service d\u2019\u00e9valuation multi-langue, disponible pour\u00a0anglais,\u00a0fran\u00e7ais,\u00a0allemand\u00a0et\u00a0espagnol<\/li>\n<\/ul>\n<p>&nbsp;<\/p>\n<h3>Anglais financier<\/h3>\n<ul>\n<li><b>ICFE<\/b> (International Certificate in Financial English):examen de haut niveau de connaissance de l\u2019anglais financier, correspondant aux niveaux g\u00e9n\u00e9raux de FCE et CAE d\u2019anglais (B2 et C1 dans le <a href=\"https:\/\/en.wikipedia.org\/wiki\/Common_European_Framework_of_Reference_for_Languages\">CEFR<\/a>)<\/li>\n<\/ul>\n<h3 class=\"western\">Anglais juridique<\/h3>\n<ul>\n<li><a href=\"https:\/\/www.cambridgeenglish.org\/exams\/legal\/\">ILEC<\/a> (International Legal English Certificate):\u00a0examen de haut niveau de connaissance de l\u2019anglais juridique, correspondant aux niveaux g\u00e9n\u00e9raux de FCE et CAE d\u2019anglais (B2 et C1 dans le <a href=\"https:\/\/en.wikipedia.org\/wiki\/Common_European_Framework_of_Reference_for_Languages\">CFER<\/a>)<\/li>\n<\/ul>\n<h3 class=\"western\">Anglais acad\u00e9mique<\/h3>\n<ul>\n<li><a href=\"https:\/\/www.ielts.org\/\">IELTS<\/a> (International English Language Testing System):examen g\u00e9r\u00e9 en collaboration internationale par <a href=\"https:\/\/en.wikipedia.org\/wiki\/British_Council\">British Council<\/a>, Cambridge ESOL, et <a href=\"https:\/\/en.wikipedia.org\/w\/index.php?title=IDP_Education&amp;action=edit&amp;redlink=1\">IDP Education<\/a>, offert dans plus de 400 centres dans 150 Pays<\/li>\n<\/ul>\n<h3 class=\"western\">Anglais pour les jeunes<\/h3>\n<ul>\n<li><b>YLE<\/b> (<a href=\"https:\/\/www.cambridgeenglish.org\/exams\/young-learners-english\/\">Cambridge Young Learners\u2019 English Tests<\/a>): examen d\u2019anglais pour enfants de 7 \u00e0 12 ans.<\/li>\n<\/ul>\n<p>&nbsp;<\/p>\n<p><b>En outre, BSI est active au niveau du TOEFL \u00ae IBT (Internet Based Test) :<\/b><\/p>\n<p>L\u2019examen\u00a0<b>TOEFL \u00ae IBT\u00a0<\/b>est divis\u00e9 en quatre parties de fa\u00e7on \u00e0 tester les capacit\u00e9s linguistiques de compr\u00e9hension et production aussi bien \u00e0 l\u2019\u00e9crit qu\u2019\u00e0 l\u2019oral, avec une br\u00e8ve pause durant l\u2019examen entre la section de compr\u00e9hension et celle de production.<\/p>\n<h3 class=\"western\">Section de compr\u00e9hension<\/h3>\n<ol>\n<li>Reading (compr\u00e9hension \u00e0 l\u2019\u00e9crit)<\/li>\n<li><b>Listening (compr\u00e9hension \u00e0 l\u2019oral)<\/b><\/li>\n<\/ol>\n<h3 class=\"western\">Section de production<\/h3>\n<ol>\n<li>Speaking (production orale)<\/li>\n<li><b>Writing (production \u00e9crite)<\/b><\/li>\n<\/ol>\n","protected":false},"excerpt":{"rendered":"<p>A travers des parcours sp\u00e9cialis\u00e9s, aussi bien dans des classes en pr\u00e9sentiel qu\u2019en modalit\u00e9 blended learning (apprentissage mixte),\u00a0British School International \u00a9 offre des solutions Cambridge comme : KET (Key English Test):\u00a0niveau \u00e9l\u00e9mentaire (A2 dans le CEFR) PET (Preliminary English Test):\u00a0niveau interm\u00e9diaire (B1 dans le CEFR) FCE (First Certificate in English):\u00a0niveau interm\u00e9diaire sup\u00e9rieur (B2 dans le [&hellip;]<\/p>\n","protected":false},"author":2,"featured_media":0,"parent":0,"menu_order":0,"comment_status":"open","ping_status":"open","template":"","meta":{"footnotes":""},"class_list":["post-394","page","type-page","status-publish","hentry"],"_links":{"self":[{"href":"https:\/\/bsinternational.co.uk\/fr\/wp-json\/wp\/v2\/pages\/394\/"}],"collection":[{"href":"https:\/\/bsinternational.co.uk\/fr\/wp-json\/wp\/v2\/pages\/"}],"about":[{"href":"https:\/\/bsinternational.co.uk\/fr\/wp-json\/wp\/v2\/types\/page\/"}],"author":[{"embeddable":true,"href":"https:\/\/bsinternational.co.uk\/fr\/wp-json\/wp\/v2\/users\/2\/"}],"replies":[{"embeddable":true,"href":"https:\/\/bsinternational.co.uk\/fr\/wp-json\/wp\/v2\/comments\/?post=394"}],"version-history":[{"count":1,"href":"https:\/\/bsinternational.co.uk\/fr\/wp-json\/wp\/v2\/pages\/394\/revisions\/"}],"predecessor-version":[{"id":396,"href":"https:\/\/bsinternational.co.uk\/fr\/wp-json\/wp\/v2\/pages\/394\/revisions\/396\/"}],"wp:attachment":[{"href":"https:\/\/bsinternational.co.uk\/fr\/wp-json\/wp\/v2\/media\/?parent=394"}],"curies":[{"name":"wp","href":"https:\/\/api.w.org\/{rel}","templated":true}]}}