{"id":391,"date":"2015-02-20T11:46:22","date_gmt":"2015-02-20T10:46:22","guid":{"rendered":"https:\/\/bsinternational.co.uk\/en\/?page_id=391"},"modified":"2015-09-07T18:23:00","modified_gmt":"2015-09-07T16:23:00","slug":"cours-pour-enfants-et-pour-jeunes","status":"publish","type":"page","link":"https:\/\/bsinternational.co.uk\/fr\/cours-pour-enfants-et-pour-jeunes\/","title":{"rendered":"Cours pour Enfants et pour Jeunes"},"content":{"rendered":"<p><img loading=\"lazy\" decoding=\"async\" class=\"alignright wp-image-124 size-medium\" src=\"https:\/\/bsinternational.co.uk\/wp-content\/uploads\/2014\/06\/kids-graduated3-300x175.gif\" alt=\"[cml_media_alt id='124']kids graduated3[\/cml_media_alt]\" width=\"300\" height=\"175\" \/>Les enfants et les jeunes trouvent \u00e0 la British School International un point de r\u00e9f\u00e9rence important pour leur parcours de d\u00e9veloppement linguistique.<\/p>\n<p>En plus des cours en pr\u00e9sentiel, individuels ou en micro-groupes structur\u00e9s de mani\u00e8re interactive et amusante, bas\u00e9s sur l\u2019apprentissage de l\u2019Anglais \u00e0 travers des sons et des images mais avec une induction grammaticale constante, nos jeunes clients ont la possibilit\u00e9 d\u2019interagir par des activit\u00e9s en ligne et de finaliser le tout \u00e0 la fin de l\u2019ann\u00e9e \u00e0 travers les examens de l\u2019 Universit\u00e9 de Cambridge.<\/p>\n<ul>\n<li>YOUNG LEARNERS : STARTERS \u2013 MOVERS \u2013 FLYERS<\/li>\n<li>KET<\/li>\n<li>PET<\/li>\n<li>FCE<\/li>\n<li>CAE<\/li>\n<li>IELTS<br \/>\net l\u2019examen TOEFL<\/li>\n<\/ul>\n<p>Les Enseignants sont p\u00e9dagogiquement pr\u00e9par\u00e9s selon l\u2019\u00e2ge des \u00e9l\u00e8ves.<\/p>\n","protected":false},"excerpt":{"rendered":"<p>Les enfants et les jeunes trouvent \u00e0 la British School International un point de r\u00e9f\u00e9rence important pour leur parcours de d\u00e9veloppement linguistique. En plus des cours en pr\u00e9sentiel, individuels ou en micro-groupes structur\u00e9s de mani\u00e8re interactive et amusante, bas\u00e9s sur l\u2019apprentissage de l\u2019Anglais \u00e0 travers des sons et des images mais avec une induction grammaticale [&hellip;]<\/p>\n","protected":false},"author":2,"featured_media":0,"parent":0,"menu_order":0,"comment_status":"open","ping_status":"open","template":"","meta":{"footnotes":""},"class_list":["post-391","page","type-page","status-publish","hentry"],"_links":{"self":[{"href":"https:\/\/bsinternational.co.uk\/fr\/wp-json\/wp\/v2\/pages\/391\/"}],"collection":[{"href":"https:\/\/bsinternational.co.uk\/fr\/wp-json\/wp\/v2\/pages\/"}],"about":[{"href":"https:\/\/bsinternational.co.uk\/fr\/wp-json\/wp\/v2\/types\/page\/"}],"author":[{"embeddable":true,"href":"https:\/\/bsinternational.co.uk\/fr\/wp-json\/wp\/v2\/users\/2\/"}],"replies":[{"embeddable":true,"href":"https:\/\/bsinternational.co.uk\/fr\/wp-json\/wp\/v2\/comments\/?post=391"}],"version-history":[{"count":3,"href":"https:\/\/bsinternational.co.uk\/fr\/wp-json\/wp\/v2\/pages\/391\/revisions\/"}],"predecessor-version":[{"id":947,"href":"https:\/\/bsinternational.co.uk\/fr\/wp-json\/wp\/v2\/pages\/391\/revisions\/947\/"}],"wp:attachment":[{"href":"https:\/\/bsinternational.co.uk\/fr\/wp-json\/wp\/v2\/media\/?parent=391"}],"curies":[{"name":"wp","href":"https:\/\/api.w.org\/{rel}","templated":true}]}}