{"id":388,"date":"2015-02-20T11:38:28","date_gmt":"2015-02-20T10:38:28","guid":{"rendered":"https:\/\/bsinternational.co.uk\/en\/?page_id=388"},"modified":"2015-09-04T21:12:51","modified_gmt":"2015-09-04T19:12:51","slug":"les-enseignants-et-les-langues","status":"publish","type":"page","link":"https:\/\/bsinternational.co.uk\/fr\/les-enseignants-et-les-langues\/","title":{"rendered":"Les Enseignants et les Langues"},"content":{"rendered":"<p><a href=\"https:\/\/bsinternational.co.uk\/wp-content\/uploads\/2014\/06\/docenti.jpg\"><img loading=\"lazy\" decoding=\"async\" class=\"alignnone size-full wp-image-191\" src=\"https:\/\/bsinternational.co.uk\/wp-content\/uploads\/2014\/06\/docenti.jpg\" alt=\"[cml_media_alt id='191']docenti[\/cml_media_alt]\" width=\"600\" height=\"399\" srcset=\"https:\/\/bsinternational.co.uk\/wp-content\/uploads\/2014\/06\/docenti-300x199.jpg 300w, https:\/\/bsinternational.co.uk\/wp-content\/uploads\/2014\/06\/docenti.jpg 600w\" sizes=\"(max-width: 600px) 100vw, 600px\" \/><\/a><\/p>\n<p>&nbsp;<\/p>\n<p>Les\u00a0<strong>Enseignants British School International sont l\u2019un des principaux fleurons de notre organisation<\/strong> :<br \/>\nVoici les conditions qui leur sont requises :<\/p>\n<p>&nbsp;<\/p>\n<ul>\n<li>Ma\u00eetrise de la langue maternelle<\/li>\n<li>Licence<\/li>\n<li>Habilitation Internationale<\/li>\n<li>Exp\u00e9rience pluriannuelle dans l\u2019Enseignement de l\u2019Anglais aux Adultes ou aux Enfants ou dans le Monde Business<\/li>\n<li>R\u00e9sidence fixe dans la zone o\u00f9 les cours sont donn\u00e9s<\/li>\n<li>Autorit\u00e9<\/li>\n<li>Psychologie<\/li>\n<li>Capacit\u00e9 de motiver la Classe<\/li>\n<li>Rendre les Cours Interactifs et Amusants<\/li>\n<li>Capacit\u00e9 de focaliser les points de force et les points de faiblesse des Apprenants, de leur faire prendre conscience et en m\u00eame temps de les tranquilliser durant la communication<\/li>\n<li>Capacit\u00e9 de transf\u00e9rer les informations de fa\u00e7on lin\u00e9aire et agr\u00e9able<\/li>\n<\/ul>\n<p><a href=\"https:\/\/bsinternational.co.uk\/wp-content\/uploads\/2014\/06\/meetings.jpg\"><img loading=\"lazy\" decoding=\"async\" class=\"alignnone size-full wp-image-192\" src=\"https:\/\/bsinternational.co.uk\/wp-content\/uploads\/2014\/06\/meetings.jpg\" alt=\"[cml_media_alt id='192']meetings[\/cml_media_alt]\" width=\"275\" height=\"183\" \/><\/a><\/p>\n<p>Durant la phase d\u2019admission, tous les Enseignants sont soumis \u00e0 un Test de S\u00e9lection puis suivent des cours de formation continue.<\/p>\n<div id=\"s3gt_translate_tooltip\" style=\"left: 0px; top: 1039px;\"><\/div>\n","protected":false},"excerpt":{"rendered":"<p>&nbsp; Les\u00a0Enseignants British School International sont l\u2019un des principaux fleurons de notre organisation : Voici les conditions qui leur sont requises : &nbsp; Ma\u00eetrise de la langue maternelle Licence Habilitation Internationale Exp\u00e9rience pluriannuelle dans l\u2019Enseignement de l\u2019Anglais aux Adultes ou aux Enfants ou dans le Monde Business R\u00e9sidence fixe dans la zone o\u00f9 les cours [&hellip;]<\/p>\n","protected":false},"author":2,"featured_media":0,"parent":0,"menu_order":0,"comment_status":"open","ping_status":"open","template":"","meta":{"footnotes":""},"class_list":["post-388","page","type-page","status-publish","hentry"],"_links":{"self":[{"href":"https:\/\/bsinternational.co.uk\/fr\/wp-json\/wp\/v2\/pages\/388\/"}],"collection":[{"href":"https:\/\/bsinternational.co.uk\/fr\/wp-json\/wp\/v2\/pages\/"}],"about":[{"href":"https:\/\/bsinternational.co.uk\/fr\/wp-json\/wp\/v2\/types\/page\/"}],"author":[{"embeddable":true,"href":"https:\/\/bsinternational.co.uk\/fr\/wp-json\/wp\/v2\/users\/2\/"}],"replies":[{"embeddable":true,"href":"https:\/\/bsinternational.co.uk\/fr\/wp-json\/wp\/v2\/comments\/?post=388"}],"version-history":[{"count":1,"href":"https:\/\/bsinternational.co.uk\/fr\/wp-json\/wp\/v2\/pages\/388\/revisions\/"}],"predecessor-version":[{"id":390,"href":"https:\/\/bsinternational.co.uk\/fr\/wp-json\/wp\/v2\/pages\/388\/revisions\/390\/"}],"wp:attachment":[{"href":"https:\/\/bsinternational.co.uk\/fr\/wp-json\/wp\/v2\/media\/?parent=388"}],"curies":[{"name":"wp","href":"https:\/\/api.w.org\/{rel}","templated":true}]}}