{"id":385,"date":"2015-02-20T11:33:27","date_gmt":"2015-02-20T10:33:27","guid":{"rendered":"https:\/\/bsinternational.co.uk\/en\/?page_id=385"},"modified":"2015-09-04T20:51:26","modified_gmt":"2015-09-04T18:51:26","slug":"cours-pour-adultes","status":"publish","type":"page","link":"https:\/\/bsinternational.co.uk\/fr\/cours-pour-adultes\/","title":{"rendered":"Cours pour Adultes"},"content":{"rendered":"<p>Nos Clients ont \u00e0 disposition toute une s\u00e9rie de solutions qui leur permettent d\u2019am\u00e9liorer rapidement leur connaissance de l\u2019Anglais, en toute facilit\u00e9 et de mani\u00e8re amusante.\u00f9<\/p>\n<p>Les cours en pr\u00e9sentiel sont constitu\u00e9s soit par la solution en mini-groupes soit par des cours individuels qui peuvent \u00eatre donn\u00e9s m\u00eame directement pr\u00e8s le domicile de l\u2019Apprenant (Habitation ou Entreprise).<\/p>\n<p>Particuli\u00e8rement int\u00e9ressante est la solution low-cost English Interactive, qui permet de jouir d\u2019un social english avec une r\u00e9vision grammaticale dans des groupes sympathiques, en ayant la possibilit\u00e9 de r\u00e9server la session hebdomadaire chaque fois pour des jours et \u00e0 des horaires diff\u00e9rents.<\/p>\n<p>Par contre, il existe une offre tr\u00e8s vaste pour ceux qui veulent int\u00e9grer ou remplacer la modalit\u00e9 en pr\u00e9sentiel par des programmes de formation mixte\u00a0:<\/p>\n<ul>\n<li>formation \u00e0 distance assist\u00e9e par un Enseignant d\u00e9di\u00e9 qui revoit et corrige \u00e0 la main le travail produit par l\u2019Etudiant<\/li>\n<li>formation t\u00e9l\u00e9phonique, avec la possibilit\u00e9 de contacter l\u2019Etudiant non seulement sur un num\u00e9ro fixe mais aussi sur un portable.<\/li>\n<li>formation en classe virtuelle individuelle sur des sujets choisis par l\u2019Etudiant<\/li>\n<li>formation en classe virtuelle en micro-groupe<\/li>\n<li>programmes e-learning de general english<\/li>\n<li>programmes en e-learning de business english<\/li>\n<li>programmes en e-learning de technical english<\/li>\n<\/ul>\n<p><img loading=\"lazy\" decoding=\"async\" class=\"alignnone wp-image-69 size-full\" src=\"https:\/\/bsinternational.co.uk\/wp-content\/uploads\/2014\/06\/technology.jpg\" alt=\"Woman's Eye and World Globes\" width=\"1280\" height=\"879\" srcset=\"https:\/\/bsinternational.co.uk\/wp-content\/uploads\/2014\/06\/technology-300x206.jpg 300w, https:\/\/bsinternational.co.uk\/wp-content\/uploads\/2014\/06\/technology-1024x703.jpg 1024w, https:\/\/bsinternational.co.uk\/wp-content\/uploads\/2014\/06\/technology.jpg 1280w\" sizes=\"(max-width: 1280px) 100vw, 1280px\" \/><\/p>\n","protected":false},"excerpt":{"rendered":"<p>Nos Clients ont \u00e0 disposition toute une s\u00e9rie de solutions qui leur permettent d\u2019am\u00e9liorer rapidement leur connaissance de l\u2019Anglais, en toute facilit\u00e9 et de mani\u00e8re amusante.\u00f9 Les cours en pr\u00e9sentiel sont constitu\u00e9s soit par la solution en mini-groupes soit par des cours individuels qui peuvent \u00eatre donn\u00e9s m\u00eame directement pr\u00e8s le domicile de l\u2019Apprenant (Habitation [&hellip;]<\/p>\n","protected":false},"author":6,"featured_media":0,"parent":0,"menu_order":0,"comment_status":"open","ping_status":"open","template":"","meta":{"footnotes":""},"class_list":["post-385","page","type-page","status-publish","hentry"],"_links":{"self":[{"href":"https:\/\/bsinternational.co.uk\/fr\/wp-json\/wp\/v2\/pages\/385\/"}],"collection":[{"href":"https:\/\/bsinternational.co.uk\/fr\/wp-json\/wp\/v2\/pages\/"}],"about":[{"href":"https:\/\/bsinternational.co.uk\/fr\/wp-json\/wp\/v2\/types\/page\/"}],"author":[{"embeddable":true,"href":"https:\/\/bsinternational.co.uk\/fr\/wp-json\/wp\/v2\/users\/6\/"}],"replies":[{"embeddable":true,"href":"https:\/\/bsinternational.co.uk\/fr\/wp-json\/wp\/v2\/comments\/?post=385"}],"version-history":[{"count":2,"href":"https:\/\/bsinternational.co.uk\/fr\/wp-json\/wp\/v2\/pages\/385\/revisions\/"}],"predecessor-version":[{"id":789,"href":"https:\/\/bsinternational.co.uk\/fr\/wp-json\/wp\/v2\/pages\/385\/revisions\/789\/"}],"wp:attachment":[{"href":"https:\/\/bsinternational.co.uk\/fr\/wp-json\/wp\/v2\/media\/?parent=385"}],"curies":[{"name":"wp","href":"https:\/\/api.w.org\/{rel}","templated":true}]}}