{"id":257,"date":"2015-01-14T14:43:58","date_gmt":"2015-01-14T13:43:58","guid":{"rendered":"https:\/\/bsinternational.co.uk\/?page_id=257"},"modified":"2015-09-07T17:42:57","modified_gmt":"2015-09-07T15:42:57","slug":"profil-de-la-compagnie","status":"publish","type":"page","link":"https:\/\/bsinternational.co.uk\/fr\/profil-de-la-compagnie\/","title":{"rendered":"Profil de la compagnie"},"content":{"rendered":"<p>Gr\u00e2ce au grand avantage technologique acquis au cours des derni\u00e8res ann\u00e9es, BSI permet \u00e0 ses \u00e9tudiants de communiquer en Langue Anglaise de mani\u00e8re simple et naturelle et dans de tr\u00e8s brefs d\u00e9lais. BSI a depuis longtemps r\u00e9solus les probl\u00e8mes de manque de temps et d\u2019exigences de mobilit\u00e9 par l\u2019int\u00e9gration des parcours dans une Classe pr\u00e9sentielle \u00e0 l\u2019aide de technologies avanc\u00e9es :<\/p>\n<ul>\n<li>formation \u00e0 distance assist\u00e9e par un Enseignant d\u00e9di\u00e9 qui revoit et corrige \u00e0 la main le travail produit par l\u2019Etudiant<\/li>\n<li>formation t\u00e9l\u00e9phonique, avec la possibilit\u00e9 de contacter l\u2019Etudiant non seulement sur un num\u00e9ro fixe mais aussi sur un portable<\/li>\n<li>formation en classe virtuelle individuelle sur des sujets choisis par l\u2019Etudiant<\/li>\n<li>formation en classe virtuelle en micro-groupe<\/li>\n<li>programmes e-learning de general english<\/li>\n<li>programmes en e-learning de business english<\/li>\n<li>programmes en e-learning de technical english<\/li>\n<\/ul>\n<p><img loading=\"lazy\" decoding=\"async\" class=\" wp-image-99 size-medium alignright\" src=\"https:\/\/bsinternational.co.uk\/wp-content\/uploads\/2014\/06\/cele-mai-bune-tablete-sub-1-000-ron-acum-pe-piata-galerie-foto_5-300x191.jpg\" alt=\"[cml_media_alt id='99']cele-mai-bune-tablete-sub-1-000-ron-acum-pe-piata-galerie-foto_5[\/cml_media_alt]\" width=\"300\" height=\"191\" srcset=\"https:\/\/bsinternational.co.uk\/wp-content\/uploads\/2014\/06\/cele-mai-bune-tablete-sub-1-000-ron-acum-pe-piata-galerie-foto_5-300x191.jpg 300w, https:\/\/bsinternational.co.uk\/wp-content\/uploads\/2014\/06\/cele-mai-bune-tablete-sub-1-000-ron-acum-pe-piata-galerie-foto_5.jpg 652w\" sizes=\"(max-width: 300px) 100vw, 300px\" \/>Des solutions en Classe pr\u00e9sentielle \u2013 Blended Learning et E-Learning permettent \u00e0 British School International \u00a9 de s\u2019adapter aux exigences de ses Apprenants et gr\u00e2ce \u00e0 la m\u00e9thode innovante N.R.M. \u00a9 (Natural Rapid Method) de motiver ces derniers \u00e0 travers des parcours interactifs et amusants, toujours li\u00e9s \u00e0 des contextes, en leur faisant absorber au fur et \u00e0 mesure, \u00e0 travers des sons et des images, des mots et des structures de la langue anglaise. L\u2019 apprentissage devient ainsi naturel et la Grammaire est un outil important sans \u00eatre le but de l\u2019action de formation, qui par contre am\u00e8ne imm\u00e9diatement les Etudiants \u00e0 penser directement en Anglais, sans passer par leur langue maternelle. \u00a0 Les Enseignants British School International \u00a9 sont s\u00e9lectionn\u00e9s non seulement en fonction de leur exp\u00e9rience pluriannuelle dans l\u2019enseignement de la langue Anglaise dans des Entreprises ou pr\u00e8s des Particuliers, en faisant une diff\u00e9renciation absolue entre Adultes et Enfants, mais aussi et surtout en fonction de leur capacit\u00e9 d\u2019adopter et d\u2019utiliser de mani\u00e8re efficace la m\u00e9thode N.R.M. \u00a9. En plus de crit\u00e8res pr\u00e9cis d\u2019\u00e9valuation de leur Curriculum Vitae (Licence et habilitation \u00e0 l\u2019Enseignement de l\u2019Anglais aux Etrangers), tous les Enseignants sont soumis \u00e0 des tests s\u00e9v\u00e8res de s\u00e9lection.<\/p>\n","protected":false},"excerpt":{"rendered":"<p>Gr\u00e2ce au grand avantage technologique acquis au cours des derni\u00e8res ann\u00e9es, BSI permet \u00e0 ses \u00e9tudiants de communiquer en Langue Anglaise de mani\u00e8re simple et naturelle et dans de tr\u00e8s brefs d\u00e9lais. BSI a depuis longtemps r\u00e9solus les probl\u00e8mes de manque de temps et d\u2019exigences de mobilit\u00e9 par l\u2019int\u00e9gration des parcours dans une Classe pr\u00e9sentielle [&hellip;]<\/p>\n","protected":false},"author":2,"featured_media":0,"parent":0,"menu_order":0,"comment_status":"open","ping_status":"open","template":"","meta":{"footnotes":""},"class_list":["post-257","page","type-page","status-publish","hentry"],"_links":{"self":[{"href":"https:\/\/bsinternational.co.uk\/fr\/wp-json\/wp\/v2\/pages\/257\/"}],"collection":[{"href":"https:\/\/bsinternational.co.uk\/fr\/wp-json\/wp\/v2\/pages\/"}],"about":[{"href":"https:\/\/bsinternational.co.uk\/fr\/wp-json\/wp\/v2\/types\/page\/"}],"author":[{"embeddable":true,"href":"https:\/\/bsinternational.co.uk\/fr\/wp-json\/wp\/v2\/users\/2\/"}],"replies":[{"embeddable":true,"href":"https:\/\/bsinternational.co.uk\/fr\/wp-json\/wp\/v2\/comments\/?post=257"}],"version-history":[{"count":8,"href":"https:\/\/bsinternational.co.uk\/fr\/wp-json\/wp\/v2\/pages\/257\/revisions\/"}],"predecessor-version":[{"id":919,"href":"https:\/\/bsinternational.co.uk\/fr\/wp-json\/wp\/v2\/pages\/257\/revisions\/919\/"}],"wp:attachment":[{"href":"https:\/\/bsinternational.co.uk\/fr\/wp-json\/wp\/v2\/media\/?parent=257"}],"curies":[{"name":"wp","href":"https:\/\/api.w.org\/{rel}","templated":true}]}}