{"id":1815,"date":"2024-10-07T11:36:05","date_gmt":"2024-10-07T10:36:05","guid":{"rendered":"https:\/\/bsinternational.co.uk\/?page_id=1815"},"modified":"2024-10-07T11:36:05","modified_gmt":"2024-10-07T10:36:05","slug":"services-dinterpretation-et-de-traduction","status":"publish","type":"page","link":"https:\/\/bsinternational.co.uk\/fr\/services-dinterpretation-et-de-traduction\/","title":{"rendered":"Services d&#8217;interpr\u00e9tation et de traduction"},"content":{"rendered":"<p>Gr\u00e2ce \u00e0 son r\u00e9seau international de professionnels, BSI fournit des services de traduction et d&#8217;interpr\u00e9tation dans toutes les langues: Interpr\u00e9tation de n\u00e9gociation, Interpr\u00e9tation cons\u00e9cutive, Interpr\u00e9tation simultan\u00e9e; Traductions commerciales et Traductions techniques.<br \/>\nDevis sur demande en fonction du type d&#8217;intervention<\/p>\n<p>Langues trait\u00e9es pour l&#8217;interpr\u00e9tation et les traductions vers et depuis l&#8217;anglais et en mode interlangues: Anglais, Fran\u00e7ais, Allemand, Espagnol, Portugais, Italien, N\u00e9erlandais, Danois, Su\u00e9dois, Norv\u00e9gien, Russe, Polonais, Ukrainien, Serbo-croate, Grecque, Arabe, Chinois, Japonais, Cor\u00e9en<\/p>\n<p><img loading=\"lazy\" decoding=\"async\" src=\"https:\/\/bsinternational.co.uk\/wp-content\/uploads\/2024\/10\/57e30a06-04f6-4794-b29a-91e9fe6a08b1.jpg\" alt=\"\" width=\"1600\" height=\"1066\" class=\"alignnone size-full wp-image-1807\" srcset=\"https:\/\/bsinternational.co.uk\/wp-content\/uploads\/2024\/10\/57e30a06-04f6-4794-b29a-91e9fe6a08b1-200x133.jpg 200w, https:\/\/bsinternational.co.uk\/wp-content\/uploads\/2024\/10\/57e30a06-04f6-4794-b29a-91e9fe6a08b1-300x200.jpg 300w, https:\/\/bsinternational.co.uk\/wp-content\/uploads\/2024\/10\/57e30a06-04f6-4794-b29a-91e9fe6a08b1-400x267.jpg 400w, https:\/\/bsinternational.co.uk\/wp-content\/uploads\/2024\/10\/57e30a06-04f6-4794-b29a-91e9fe6a08b1-600x400.jpg 600w, https:\/\/bsinternational.co.uk\/wp-content\/uploads\/2024\/10\/57e30a06-04f6-4794-b29a-91e9fe6a08b1-768x512.jpg 768w, https:\/\/bsinternational.co.uk\/wp-content\/uploads\/2024\/10\/57e30a06-04f6-4794-b29a-91e9fe6a08b1-800x533.jpg 800w, https:\/\/bsinternational.co.uk\/wp-content\/uploads\/2024\/10\/57e30a06-04f6-4794-b29a-91e9fe6a08b1-1024x682.jpg 1024w, https:\/\/bsinternational.co.uk\/wp-content\/uploads\/2024\/10\/57e30a06-04f6-4794-b29a-91e9fe6a08b1-1200x800.jpg 1200w, https:\/\/bsinternational.co.uk\/wp-content\/uploads\/2024\/10\/57e30a06-04f6-4794-b29a-91e9fe6a08b1-1536x1023.jpg 1536w, https:\/\/bsinternational.co.uk\/wp-content\/uploads\/2024\/10\/57e30a06-04f6-4794-b29a-91e9fe6a08b1.jpg 1600w\" sizes=\"(max-width: 1600px) 100vw, 1600px\" \/><\/p>\n<p>Les professionnels auxquels nous faisons appel sont de langue maternelle dans la langue cible ou, dans certains cas, parfaitement bilingues, chacun \u00e9tant sp\u00e9cialis\u00e9 dans des domaines sectoriels pr\u00e9cis; en ce qui concerne l&#8217;interpr\u00e9tation, les domaines professionnels distinguent diff\u00e9rents modes de service, la n\u00e9gociation, l&#8217;interpr\u00e9tation cons\u00e9cutive et l&#8217;interpr\u00e9tation simultan\u00e9e en cabine.<\/p>\n","protected":false},"excerpt":{"rendered":"<p>Gr\u00e2ce \u00e0 son r\u00e9seau international de professionnels, BSI fournit des services de traduction et d&#8217;interpr\u00e9tation dans toutes les langues: Interpr\u00e9tation de n\u00e9gociation, Interpr\u00e9tation cons\u00e9cutive, Interpr\u00e9tation simultan\u00e9e; Traductions commerciales et Traductions techniques. Devis sur demande en fonction du type d&#8217;intervention Langues trait\u00e9es pour l&#8217;interpr\u00e9tation et les traductions vers et depuis l&#8217;anglais et en mode interlangues: Anglais, [&hellip;]<\/p>\n","protected":false},"author":2,"featured_media":0,"parent":0,"menu_order":0,"comment_status":"closed","ping_status":"closed","template":"","meta":{"footnotes":""},"class_list":["post-1815","page","type-page","status-publish","hentry"],"_links":{"self":[{"href":"https:\/\/bsinternational.co.uk\/fr\/wp-json\/wp\/v2\/pages\/1815\/"}],"collection":[{"href":"https:\/\/bsinternational.co.uk\/fr\/wp-json\/wp\/v2\/pages\/"}],"about":[{"href":"https:\/\/bsinternational.co.uk\/fr\/wp-json\/wp\/v2\/types\/page\/"}],"author":[{"embeddable":true,"href":"https:\/\/bsinternational.co.uk\/fr\/wp-json\/wp\/v2\/users\/2\/"}],"replies":[{"embeddable":true,"href":"https:\/\/bsinternational.co.uk\/fr\/wp-json\/wp\/v2\/comments\/?post=1815"}],"version-history":[{"count":1,"href":"https:\/\/bsinternational.co.uk\/fr\/wp-json\/wp\/v2\/pages\/1815\/revisions\/"}],"predecessor-version":[{"id":1816,"href":"https:\/\/bsinternational.co.uk\/fr\/wp-json\/wp\/v2\/pages\/1815\/revisions\/1816\/"}],"wp:attachment":[{"href":"https:\/\/bsinternational.co.uk\/fr\/wp-json\/wp\/v2\/media\/?parent=1815"}],"curies":[{"name":"wp","href":"https:\/\/api.w.org\/{rel}","templated":true}]}}