{"id":770,"date":"2015-05-02T23:10:22","date_gmt":"2015-05-02T21:10:22","guid":{"rendered":"https:\/\/bsinternational.co.uk\/es\/classlearn-aula-presencial\/"},"modified":"2015-09-04T21:17:04","modified_gmt":"2015-09-04T19:17:04","slug":"classlearn-aula-presencial","status":"publish","type":"page","link":"https:\/\/bsinternational.co.uk\/es\/classlearn-aula-presencial\/","title":{"rendered":"ClassLearn \u00a9 \u2013 Aula presencial"},"content":{"rendered":"<p><img loading=\"lazy\" decoding=\"async\" class=\"alignnone size-large wp-image-76\" src=\"https:\/\/bsinternational.co.uk\/wp-content\/uploads\/2014\/06\/j04228031-1024x1024.jpg\" alt=\"j04228031\" width=\"1024\" height=\"1024\" srcset=\"https:\/\/bsinternational.co.uk\/wp-content\/uploads\/2014\/06\/j04228031-45x45.jpg 45w, https:\/\/bsinternational.co.uk\/wp-content\/uploads\/2014\/06\/j04228031-150x150.jpg 150w, https:\/\/bsinternational.co.uk\/wp-content\/uploads\/2014\/06\/j04228031-230x230.jpg 230w, https:\/\/bsinternational.co.uk\/wp-content\/uploads\/2014\/06\/j04228031-300x300.jpg 300w, https:\/\/bsinternational.co.uk\/wp-content\/uploads\/2014\/06\/j04228031.jpg 1024w\" sizes=\"(max-width: 1024px) 100vw, 1024px\" \/><\/p>\n<h2>Qu\u00e9<\/h2>\n<p><strong>CLASSLEARN \u00a9<\/strong> es la soluci\u00f3n de ingl\u00e9s frontal en <strong>Aula<\/strong> con tu profesor nativo, estudiada para todas las personas que prefieren interactuar con el propio docente de persona. Las clases pueden ser en <strong>Grupo<\/strong> o <strong>Individuales<\/strong>, en funci\u00f3n de tus necesidades y preferencias.<\/p>\n<p>Con<strong> CLASSLEARN \u00a9<\/strong> aprendes ingl\u00e9s <strong>conversando, socializando y divirti\u00e9ndote<\/strong>, Nunca ha sido tan f\u00e1cil aprender la lengua inglesa. Todo esto est\u00e1 garantizado por la profesionalidad<strong> BRITISH SCHOOL INTERNATIONAL\u00ae.<\/strong><\/p>\n<p>Finalizado el curso recibir\u00e1s un<strong> certificado<\/strong> seg\u00fan el nivel ling\u00fc\u00edstico que hayas alcanzado, emitido por <strong>BRITISH SCHOOL INTERNATIONAL\u00ae<\/strong>, de acuerdo con los<strong> Niveles del Consejo de Europa.<\/strong><\/p>\n<h2>C\u00f3mo<\/h2>\n<p><strong>CLASSLEARN \u00a9<\/strong> como todos los productos ofrecidos por <strong>BRITISH SCHOOL INTERNATIONAL\u00ae<\/strong> te ofrece <strong>novedades exclusivas y completamente originales<\/strong>:<\/p>\n<p>Mediante<strong> LANGUAGE PROCESS \u00a9<\/strong> se analiza tu exacto nivel de conocimientos de la lengua inglesa, de acuerdo con los<strong> Niveles del Consejo de Europa<\/strong>, con el fin de ofrecerte lo que realmente necesitas, siguiendo tus<strong> necesidades y preferencias<\/strong>.<\/p>\n<h2>Cu\u00e1ndo<\/h2>\n<p>La duraci\u00f3n del curso <strong>CLASSLEARN \u00a9<\/strong> se personaliza en base a tus propias necesidades: adem\u00e1s podr\u00e1s elegir los d\u00edas y los horarios de participaci\u00f3n a las clases.<\/p>\n<p>Encontrar\u00e1s m\u00e1s detalles sobre nuestra soluci\u00f3n<strong> CLASSLEARN \u00a9<\/strong> PULSANDO AQU\u00cc.<\/p>\n","protected":false},"excerpt":{"rendered":"<p>Qu\u00e9 CLASSLEARN \u00a9 es la soluci\u00f3n de ingl\u00e9s frontal en Aula con tu profesor nativo, estudiada para todas las personas que prefieren interactuar con el propio docente de persona. Las clases pueden ser en Grupo o Individuales, en funci\u00f3n de tus necesidades y preferencias. Con CLASSLEARN \u00a9 aprendes ingl\u00e9s conversando, socializando y divirti\u00e9ndote, Nunca ha [&hellip;]<\/p>\n","protected":false},"author":2,"featured_media":0,"parent":0,"menu_order":0,"comment_status":"open","ping_status":"open","template":"","meta":{"footnotes":""},"class_list":["post-770","page","type-page","status-publish","hentry"],"_links":{"self":[{"href":"https:\/\/bsinternational.co.uk\/es\/wp-json\/wp\/v2\/pages\/770\/"}],"collection":[{"href":"https:\/\/bsinternational.co.uk\/es\/wp-json\/wp\/v2\/pages\/"}],"about":[{"href":"https:\/\/bsinternational.co.uk\/es\/wp-json\/wp\/v2\/types\/page\/"}],"author":[{"embeddable":true,"href":"https:\/\/bsinternational.co.uk\/es\/wp-json\/wp\/v2\/users\/2\/"}],"replies":[{"embeddable":true,"href":"https:\/\/bsinternational.co.uk\/es\/wp-json\/wp\/v2\/comments\/?post=770"}],"version-history":[{"count":1,"href":"https:\/\/bsinternational.co.uk\/es\/wp-json\/wp\/v2\/pages\/770\/revisions\/"}],"predecessor-version":[{"id":778,"href":"https:\/\/bsinternational.co.uk\/es\/wp-json\/wp\/v2\/pages\/770\/revisions\/778\/"}],"wp:attachment":[{"href":"https:\/\/bsinternational.co.uk\/es\/wp-json\/wp\/v2\/media\/?parent=770"}],"curies":[{"name":"wp","href":"https:\/\/api.w.org\/{rel}","templated":true}]}}