{"id":490,"date":"2015-05-03T21:06:46","date_gmt":"2015-05-03T19:06:46","guid":{"rendered":"https:\/\/bsinternational.co.uk\/en\/?page_id=490"},"modified":"2015-09-07T18:07:20","modified_gmt":"2015-09-07T16:07:20","slug":"speak-write-cursos-on-demand","status":"publish","type":"page","link":"https:\/\/bsinternational.co.uk\/es\/speak-write-cursos-on-demand\/","title":{"rendered":"Speak &#038; Write! \u00a9 \u2013 Cursos on demand"},"content":{"rendered":"<h2>Qu\u00e9<\/h2>\n<p><a href=\"https:\/\/bsinternational.co.uk\/wp-content\/uploads\/2014\/06\/speakwrite.jpg\"><img loading=\"lazy\" decoding=\"async\" class=\"wp-image-148 size-full alignright\" src=\"https:\/\/bsinternational.co.uk\/wp-content\/uploads\/2014\/06\/speakwrite.jpg\" alt=\"[cml_media_alt id='148']speakwrite[\/cml_media_alt]\" width=\"200\" height=\"204\" srcset=\"https:\/\/bsinternational.co.uk\/wp-content\/uploads\/2014\/06\/speakwrite-45x45.jpg 45w, https:\/\/bsinternational.co.uk\/wp-content\/uploads\/2014\/06\/speakwrite.jpg 200w\" sizes=\"(max-width: 200px) 100vw, 200px\" \/><\/a><strong>Speak &amp; Write! \u00a9<\/strong> es el innovativo curso de <strong>ingl\u00e9s flexible y modular, aconsejado desde el nivel A 2 hasta el nivel C2 del<a href=\"https:\/\/it.wikipedia.org\/wiki\/Quadro_comune_europeo_di_riferimento_per_la_conoscenza_delle_lingue\"> Cefr CoE <\/a><\/strong> para todas aquellas personas que <strong>necesitan<\/strong> comunicar en lengua inglesa de forma flexible, ya sea por cuestiones de tiempo que de geograf\u00eda.<\/p>\n<p>El usuario de <strong>Speak &amp; Write! \u00a9 <\/strong>puede decidir de vez en vez si realizar una lecci\u00f3n telef\u00f3nica, participar al aula virtual o cargar sus propios ejercicios de writing, que ser\u00e1 revisados y corregidos por el profesor asignado.<\/p>\n<p>Con <strong>Speak &amp; Write! \u00a9 <\/strong>el estudiante desarrolla de forma constante su actividad de fluency y la revisi\u00f3n ling\u00fc\u00edstica: los profesores British School International est\u00e1n a disposici\u00f3n de lunes a viernes, desde las 13.00 h hasta las 24.00 h, e incluso el estudiante puede participar a la lecci\u00f3n <em>last minute<\/em>.<\/p>\n<h2>C\u00f3mo<\/h2>\n<p><a href=\"https:\/\/bsinternational.co.uk\/wp-content\/uploads\/2014\/06\/SpeakWrite.png\"><img loading=\"lazy\" decoding=\"async\" class=\" size-full wp-image-177 alignright\" src=\"https:\/\/bsinternational.co.uk\/wp-content\/uploads\/2014\/06\/SpeakWrite.png\" alt=\"[cml_media_alt id='177']Speak&amp;Write[\/cml_media_alt]\" width=\"194\" height=\"164\" srcset=\"https:\/\/bsinternational.co.uk\/wp-content\/uploads\/2014\/06\/SpeakWrite-66x56.png 66w, https:\/\/bsinternational.co.uk\/wp-content\/uploads\/2014\/06\/SpeakWrite.png 194w\" sizes=\"(max-width: 194px) 100vw, 194px\" \/><\/a>La<strong> modalidad Individual<\/strong> permite al estudiante elegir de vez en vez entre la soluci\u00f3n Telephone (a discreci\u00f3n del estudiante podr\u00e1 ser contactado a su tel\u00e9fono fijo a su m\u00f3vil), Virtual Classroom y Writing: Los programas y las sesiones se personalizan, en funci\u00f3n de las necesidades del estudiante.<\/p>\n<p>La <strong>modalidad Group<\/strong> permite, a un costo muy limitado, participar a las clases virtuales reducidas de un m\u00e1x. de 4 participantes, siempre con profesor nativo; el usuario accediendo a la Agenda puede elegir tanto la lecci\u00f3n a la que participar correspondiente a su nivel como el argumento que m\u00e1s le interese.<\/p>\n<p>En el caso de sesi\u00f3n telef\u00f3nica, el profesor se pondr\u00e1 en contacto con el estudiante; en el caso del aula virtual, el estudiante podr\u00e1 acceder pulsando simplemente el enlace de la Agenda: gracias al sistema flash player, no ser\u00e1 necesario instalar ning\u00fan programa, ser\u00e1 suficiente disponer de unos auriculares y un micr\u00f3fono. Para las sesiones de Writing, el estudiante simplemente podr\u00e1 pulsar sobre el documento o hacer un copy &amp; paste y pulsar \u201cEnter\u201d para recibir despu\u00e9s de pocos d\u00edas la correcci\u00f3n en la que se indicar\u00e1n en rojo los errores, en verde c\u00f3mo se deber\u00eda haber construido la frase y en azul los comentarios y la remisi\u00f3n al enlace gramatical.<\/p>\n<h2>Cu\u00e1ndo<\/h2>\n<p>El estudiante puede acceder al \u00e1rea Writing durante 24 horas al d\u00eda y 7 d\u00edas a la semana. El acceso al \u00c1rea Speaking est\u00e1 activo de lunes a viernes, desde las 13.00 horas hasta las 24.00 horas; para reservar la lecci\u00f3n telef\u00f3nica o en el aula virtual es suficiente seleccionar la <strong>fecha<\/strong> y la <strong>hora disponible<\/strong>.<\/p>\n<h2>Nota<\/h2>\n<p><a href=\"https:\/\/bsinternational.co.uk\/wp-content\/uploads\/2014\/06\/EduCentre-logo011.png\"><img loading=\"lazy\" decoding=\"async\" class=\"  wp-image-172 alignright\" src=\"https:\/\/bsinternational.co.uk\/wp-content\/uploads\/2014\/06\/EduCentre-logo011.png\" alt=\"[cml_media_alt id='172']EduCentre-logo01[\/cml_media_alt]\" width=\"204\" height=\"85\" srcset=\"https:\/\/bsinternational.co.uk\/wp-content\/uploads\/2014\/06\/EduCentre-logo011-300x124.png 300w, https:\/\/bsinternational.co.uk\/wp-content\/uploads\/2014\/06\/EduCentre-logo011-1024x425.png 1024w, https:\/\/bsinternational.co.uk\/wp-content\/uploads\/2014\/06\/EduCentre-logo011.png 1124w\" sizes=\"(max-width: 204px) 100vw, 204px\" \/><\/a>La secci\u00f3n <strong>Speak &amp; Write! \u00a9 <\/strong> se integra a las secciones<strong> My Activity <strong>\u00a9 <\/strong><\/strong>y<strong> My Course <strong>\u00a9, <\/strong><\/strong>dentro de la Plataforma <strong><strong>EduCentre <strong><strong>\u00a9 que combina la Formaci\u00f3n a Distancia Asistida (FADA), con los cursos e-learning, el \u00e1rea telef\u00f3nica, el aula virtual y el aula presencial.<\/strong><\/strong><\/strong><\/strong><\/p>\n<p>&nbsp;<\/p>\n<p>Adem\u00e1s, el estudiante podr\u00e1 acceder al Laboratorio Ling\u00fc\u00edstico Virtual (<strong>My Lab <strong>\u00a9<\/strong> <\/strong>)<strong> disfrutando de forma ilimitada<\/strong> y durante<strong> 12 meses<\/strong> de las actividades Audio \u2013 Video e Interactivas para mejorar sus competencias de Listening Comprehension, Reading, Writing, Grammar, Vocabulary y Pronunciation.<\/p>\n","protected":false},"excerpt":{"rendered":"<p>Qu\u00e9 Speak &amp; Write! \u00a9 es el innovativo curso de ingl\u00e9s flexible y modular, aconsejado desde el nivel A 2 hasta el nivel C2 del Cefr CoE para todas aquellas personas que necesitan comunicar en lengua inglesa de forma flexible, ya sea por cuestiones de tiempo que de geograf\u00eda. El usuario de Speak &amp; Write! [&hellip;]<\/p>\n","protected":false},"author":2,"featured_media":0,"parent":0,"menu_order":0,"comment_status":"open","ping_status":"open","template":"","meta":{"footnotes":""},"class_list":["post-490","page","type-page","status-publish","hentry"],"_links":{"self":[{"href":"https:\/\/bsinternational.co.uk\/es\/wp-json\/wp\/v2\/pages\/490\/"}],"collection":[{"href":"https:\/\/bsinternational.co.uk\/es\/wp-json\/wp\/v2\/pages\/"}],"about":[{"href":"https:\/\/bsinternational.co.uk\/es\/wp-json\/wp\/v2\/types\/page\/"}],"author":[{"embeddable":true,"href":"https:\/\/bsinternational.co.uk\/es\/wp-json\/wp\/v2\/users\/2\/"}],"replies":[{"embeddable":true,"href":"https:\/\/bsinternational.co.uk\/es\/wp-json\/wp\/v2\/comments\/?post=490"}],"version-history":[{"count":3,"href":"https:\/\/bsinternational.co.uk\/es\/wp-json\/wp\/v2\/pages\/490\/revisions\/"}],"predecessor-version":[{"id":939,"href":"https:\/\/bsinternational.co.uk\/es\/wp-json\/wp\/v2\/pages\/490\/revisions\/939\/"}],"wp:attachment":[{"href":"https:\/\/bsinternational.co.uk\/es\/wp-json\/wp\/v2\/media\/?parent=490"}],"curies":[{"name":"wp","href":"https:\/\/api.w.org\/{rel}","templated":true}]}}