{"id":487,"date":"2015-05-03T20:52:45","date_gmt":"2015-05-03T18:52:45","guid":{"rendered":"https:\/\/bsinternational.co.uk\/en\/?page_id=487"},"modified":"2015-09-05T09:21:55","modified_gmt":"2015-09-05T07:21:55","slug":"my-activity-cursos-fad-personalizados","status":"publish","type":"page","link":"https:\/\/bsinternational.co.uk\/es\/my-activity-cursos-fad-personalizados\/","title":{"rendered":"My Activity \u00a9 \u2013 Cursos FAD personalizados"},"content":{"rendered":"<p><a href=\"https:\/\/bsinternational.co.uk\/wp-content\/uploads\/2014\/06\/myactivity.jpg\"><img loading=\"lazy\" decoding=\"async\" class=\"wp-image-149 size-full aligncenter\" src=\"https:\/\/bsinternational.co.uk\/wp-content\/uploads\/2014\/06\/myactivity.jpg\" alt=\"[cml_media_alt id='149']myactivity[\/cml_media_alt]\" width=\"200\" height=\"204\" srcset=\"https:\/\/bsinternational.co.uk\/wp-content\/uploads\/2014\/06\/myactivity-45x45.jpg 45w, https:\/\/bsinternational.co.uk\/wp-content\/uploads\/2014\/06\/myactivity.jpg 200w\" sizes=\"(max-width: 200px) 100vw, 200px\" \/><\/a><\/p>\n<h2 style=\"color: #4c4c4c;\">Qu\u00e9<\/h2>\n<p style=\"color: #4c4c4c;\"><strong>My Activity \u00a9<\/strong> es uno de los sistemas m\u00e1s avanzados en el panorama internacional para el aprendizaje de la lengua inglesa. El Sistema revoluciona el mundo de la Formaci\u00f3n a Distancia, ya no es el usuario quien debe adaptarse a un curso predefinido. Con <strong>My Activity \u00a9<\/strong><strong> <\/strong>se construye un programa basado en competencias de<strong> writing &#8211; listening &#8211; grammar &#8211; vocabulary <\/strong>y<strong> reading personalizado en funci\u00f3n de las necesidades del estudiante.<\/strong><\/p>\n<p style=\"color: #4c4c4c;\">Mediante un atento <strong>Needs Analysis<\/strong> vse individ\u00faan las \u00e1reas socio-profesionales o socio-culturales en las que el usuario necesita utilizar la lengua, definiendo \u00e9l mismo la importancia y la frecuencia en las que comunicar el lengua: en base a estas informaciones y el nivel obtenido durante la <strong>fase Testing <\/strong>se crea un espec\u00edfico programa compuesto de actividades Audio \u2013 Video \u2013 P\u00e1ginas Interactivas y Documentos.<\/p>\n<p style=\"color: #4c4c4c;\">Las actividades se estructuran como sigue:<\/p>\n<p style=\"color: #4c4c4c;\">Instrucciones &gt; Actividades (Video \/ Audio \/ Interactiva) de Reading \/ Grammar \/ Vocabulary \/ Listening \u00a0> Output del estudiante en cuanto al Writing &gt; Revisi\u00f3n y Correcci\u00f3n que realiza el profesor designado. <\/p>\n<p style=\"color: #4c4c4c;\">Los niveles aconsejados para el curso <strong>My Activity \u00a9<\/strong> van desde el nivel A2 al nivel C2 del Consejo de Europa.<\/p>\n<p style=\"color: #4c4c4c;\"><strong>My Activity \u00a9<\/strong> es la soluci\u00f3n ideal para desarrollar competencias en el sector business as\u00ed como para la preparaci\u00f3n de los ex\u00e1menes con miras a obtener los <strong>certificazioni Cambridge<\/strong> (PET &#8211; FCE &#8211; CAE &#8211; CPE) y el Certificado <strong>TOEFL \u00ae<\/strong><\/p>\n<h2><\/h2>\n<h2>C\u00f3mo<\/h2>\n<p style=\"color: #4c4c4c;\"><strong><strong>My Activity \u00a9<\/strong> <\/strong>es accesible desde cualquier ordenador, windows, mac e linux. El usuario recibe, seg\u00fan una fecha establecida (semanal o bisemanal, como previamente elegido) la tareas que se debe realizar y sucesivamente las correcciones y las revisiones del trabajo realizado as\u00ed como los nuevos tareas.<\/p>\n<h2 style=\"color: #4c4c4c;\"><a href=\"https:\/\/bsinternational.co.uk\/wp-content\/uploads\/2014\/06\/mycourse2.png\"><img loading=\"lazy\" decoding=\"async\" class=\"size-full wp-image-175 aligncenter\" src=\"https:\/\/bsinternational.co.uk\/wp-content\/uploads\/2014\/06\/mycourse2.png\" alt=\"[cml_media_alt id='175']mycourse2[\/cml_media_alt]\" width=\"200\" height=\"170\" srcset=\"https:\/\/bsinternational.co.uk\/wp-content\/uploads\/2014\/06\/mycourse2-66x56.png 66w, https:\/\/bsinternational.co.uk\/wp-content\/uploads\/2014\/06\/mycourse2.png 200w\" sizes=\"(max-width: 200px) 100vw, 200px\" \/><\/a><\/h2>\n<h2 style=\"color: #4c4c4c;\">Cu\u00e1ndo<\/h2>\n<p style=\"color: #4c4c4c;\"><strong>El usuario decide cu\u00e1ndo acceder.<\/strong> Es mucho m\u00e1s que sencillo: el curso est\u00e1 <strong>siempre a su disposici\u00f3n, 24 horas al d\u00eda y durante los 7 d\u00edas de la semana, con accesos comprobados y garantizados.<\/strong><\/p>\n<p style=\"color: #4c4c4c;\">Adem\u00e1s, para mejorar las habilidades de Speaking, <strong>My Activity \u00a9<\/strong><strong> <\/strong>se puede integrar con clases en el Aula Presencial (<strong>ClassLearn \u00a9<\/strong>) o con las actividades de <strong>Speak &amp; Write \u00a9<\/strong> que permiten elegir de vez en vez si participar a cursos telef\u00f3nicos o a sesiones en el aula virtual.<\/p>\n<h2 style=\"color: #333333;\">Nota<\/h2>\n<p style=\"color: #333333;\">La secci\u00f3n <strong>My Activity <strong>\u00a9  <\/strong><\/strong>se\u00a0integra a las secciones<strong> <strong> <\/strong><\/strong><strong>My Course <strong>\u00a9 <\/strong><\/strong>y<strong><strong> Speak &amp; Write! \u00a9  <\/strong><\/strong>dentro de la Plataforma <strong><strong>EduCentre <strong><strong>\u00a9 <\/strong><\/strong><\/strong><\/strong> que combina la Formaci\u00f3n a Distancia Asistida (FADA), con los cursos e-learning, el \u00e1rea telef\u00f3nica, el\u00a0aula virtual y el aula presencial.<\/p>\n<p style=\"color: #333333;\"><a href=\"https:\/\/bsinternational.co.uk\/wp-content\/uploads\/2014\/06\/EduCentre-logo011.png\"><img loading=\"lazy\" decoding=\"async\" class=\"alignnone  wp-image-172\" src=\"https:\/\/bsinternational.co.uk\/wp-content\/uploads\/2014\/06\/EduCentre-logo011.png\" alt=\"[cml_media_alt id='172']EduCentre-logo01[\/cml_media_alt]\" width=\"204\" height=\"85\" srcset=\"https:\/\/bsinternational.co.uk\/wp-content\/uploads\/2014\/06\/EduCentre-logo011-300x124.png 300w, https:\/\/bsinternational.co.uk\/wp-content\/uploads\/2014\/06\/EduCentre-logo011-1024x425.png 1024w, https:\/\/bsinternational.co.uk\/wp-content\/uploads\/2014\/06\/EduCentre-logo011.png 1124w\" sizes=\"(max-width: 204px) 100vw, 204px\" \/><\/a><\/p>\n<p style=\"color: #333333;\">Adem\u00e1s, el estudiante podr\u00e1 acceder al Laboratorio Ling\u00fc\u00edstico Virtual (<strong>My Lab <strong>\u00a9<\/strong> <\/strong>)<strong> disfrutando de forma ilimitada<\/strong> y durante<strong> 12 meses<\/strong> de las actividades Audio \u2013 Video e Interactivas para mejorar sus competencias de Listening Comprehension, Reading, Writing, Grammar, Vocabulary y Pronunciation.<\/p>\n","protected":false},"excerpt":{"rendered":"<p>Qu\u00e9 My Activity \u00a9 es uno de los sistemas m\u00e1s avanzados en el panorama internacional para el aprendizaje de la lengua inglesa. El Sistema revoluciona el mundo de la Formaci\u00f3n a Distancia, ya no es el usuario quien debe adaptarse a un curso predefinido. Con My Activity \u00a9 se construye un programa basado en competencias [&hellip;]<\/p>\n","protected":false},"author":2,"featured_media":0,"parent":0,"menu_order":0,"comment_status":"open","ping_status":"open","template":"","meta":{"footnotes":""},"class_list":["post-487","page","type-page","status-publish","hentry"],"_links":{"self":[{"href":"https:\/\/bsinternational.co.uk\/es\/wp-json\/wp\/v2\/pages\/487\/"}],"collection":[{"href":"https:\/\/bsinternational.co.uk\/es\/wp-json\/wp\/v2\/pages\/"}],"about":[{"href":"https:\/\/bsinternational.co.uk\/es\/wp-json\/wp\/v2\/types\/page\/"}],"author":[{"embeddable":true,"href":"https:\/\/bsinternational.co.uk\/es\/wp-json\/wp\/v2\/users\/2\/"}],"replies":[{"embeddable":true,"href":"https:\/\/bsinternational.co.uk\/es\/wp-json\/wp\/v2\/comments\/?post=487"}],"version-history":[{"count":1,"href":"https:\/\/bsinternational.co.uk\/es\/wp-json\/wp\/v2\/pages\/487\/revisions\/"}],"predecessor-version":[{"id":489,"href":"https:\/\/bsinternational.co.uk\/es\/wp-json\/wp\/v2\/pages\/487\/revisions\/489\/"}],"wp:attachment":[{"href":"https:\/\/bsinternational.co.uk\/es\/wp-json\/wp\/v2\/media\/?parent=487"}],"curies":[{"name":"wp","href":"https:\/\/api.w.org\/{rel}","templated":true}]}}