{"id":484,"date":"2015-05-02T23:40:11","date_gmt":"2015-05-02T21:40:11","guid":{"rendered":"https:\/\/bsinternational.co.uk\/en\/?page_id=484"},"modified":"2015-09-05T10:01:13","modified_gmt":"2015-09-05T08:01:13","slug":"my-course-e-learning","status":"publish","type":"page","link":"https:\/\/bsinternational.co.uk\/es\/my-course-e-learning\/","title":{"rendered":"My Course \u00a9 \u2013 E-Learning"},"content":{"rendered":"<p><a href=\"https:\/\/bsinternational.co.uk\/wp-content\/uploads\/2014\/06\/mycourse.jpg\"><img loading=\"lazy\" decoding=\"async\" class=\"wp-image-150 size-full aligncenter\" src=\"https:\/\/bsinternational.co.uk\/wp-content\/uploads\/2014\/06\/mycourse.jpg\" alt=\"[cml_media_alt id='150']mycourse[\/cml_media_alt]\" width=\"200\" height=\"204\" srcset=\"https:\/\/bsinternational.co.uk\/wp-content\/uploads\/2014\/06\/mycourse-45x45.jpg 45w, https:\/\/bsinternational.co.uk\/wp-content\/uploads\/2014\/06\/mycourse.jpg 200w\" sizes=\"(max-width: 200px) 100vw, 200px\" \/><\/a><\/p>\n<p>&nbsp;<\/p>\n<h2 style=\"color: #4c4c4c;\">Qu\u00e9<\/h2>\n<p style=\"color: #4c4c4c;\"><strong>My Course \u00a9<\/strong> es el curso de\u00a0ingl\u00e9s online que permite mejorar r\u00e1pidamente los conocimientos de la lengua inglesa desde el nivel A1 principiante hasta el nivel B2 intermedio-avanzado del Consejo de Europa<strong>.<\/strong><\/p>\n<p style=\"color: #4c4c4c;\">Los usuarios pueden elegir entre un curso General y de Business English, ambos centrados en m\u00f3dulos y unidades con ejercicios interactivos y multimediales, que permiten desarrollar las habilidades de Listening &#8211; Reading &#8211; Grammar &#8211; Vocabulary and Writing.<\/p>\n<p style=\"color: #4c4c4c;\">Los cursos son din\u00e1micos, con repetidas pruebas de control para comprobar el aprendizaje adquirido y los puntos que se deben mejorar.<\/p>\n<h2>C\u00f3mo<\/h2>\n<p style=\"color: #4c4c4c;\"><strong><strong>My Course<\/strong> \u00a9 <\/strong>es accesible desde cualquier tipo de ordenador, windows, mac y linux , sin necesidad de descargar programas aplicativos. El curso General English cuenta con una versi\u00f3n para Tabletas y Smartphone de tipo Android. Naturalmente se accede al curso desde cualquier lugar.<\/p>\n<h2 style=\"color: #4c4c4c;\"><a href=\"https:\/\/bsinternational.co.uk\/wp-content\/uploads\/2014\/06\/Uomo-al-PC.jpg\"><img loading=\"lazy\" decoding=\"async\" class=\"size-full wp-image-135 aligncenter\" src=\"https:\/\/bsinternational.co.uk\/wp-content\/uploads\/2014\/06\/Uomo-al-PC.jpg\" alt=\"[cml_media_alt id='135']Uomo al PC[\/cml_media_alt]\" width=\"275\" height=\"183\" \/><\/a><\/h2>\n<h2 style=\"color: #4c4c4c;\">Cu\u00e1ndo<\/h2>\n<p style=\"color: #4c4c4c;\"><strong>\u00a1Cu\u00e1ndo lo decides t\u00fa!<\/strong> Es muy sencillo: el curso est\u00e1 <strong>siempre a tu disposici\u00f3n, 24 horas al d\u00eda y durante los 7 d\u00edas de la semana, con accesos comprobados y garantizados.<\/strong><\/p>\n<p style=\"color: #4c4c4c;\">Adem\u00e1s, para mejorar tus habilidades de Speaking, <strong>My Course<\/strong><strong> \u00a9 <\/strong>puedes integrar con clases en el Aula\u00a0Presencial (<strong>ClassLearn \u00a9<\/strong>) o con actividades <strong>Speak &amp; Write \u00a9<\/strong> que te permiten elegir de vez en vez si participar a cursos telef\u00f3nicos o a sesiones en el aula virtual.<\/p>\n<h2 style=\"color: #333333;\">Nota Bene<\/h2>\n<p style=\"color: #333333;\">La secci\u00f3n <strong><strong>My Course <strong>\u00a9<\/strong>  <\/strong><\/strong>se integra a la secciones<strong> <strong> <\/strong><\/strong><strong><strong> My Activity <strong>\u00a9 <\/strong><\/strong><\/strong>y<strong><strong> Speak &amp; Write! \u00a9  <\/strong><\/strong>dentro de la Plataforma <strong><strong>EduCentre <strong><strong>\u00a9 <\/strong><\/strong><\/strong><\/strong> que combina la Formaci\u00f3n a Distancia Asistida (FADA) con las sesiones e-learning, el \u00e1rea telef\u00f3nica,\u00a0el aula virtual y el aula presencial.<\/p>\n<p style=\"color: #333333;\"><a href=\"https:\/\/bsinternational.co.uk\/wp-content\/uploads\/2014\/06\/EduCentre-logo011.png\"><img loading=\"lazy\" decoding=\"async\" class=\"alignnone  wp-image-172\" src=\"https:\/\/bsinternational.co.uk\/wp-content\/uploads\/2014\/06\/EduCentre-logo011.png\" alt=\"[cml_media_alt id='172']EduCentre-logo01[\/cml_media_alt]\" width=\"204\" height=\"85\" srcset=\"https:\/\/bsinternational.co.uk\/wp-content\/uploads\/2014\/06\/EduCentre-logo011-300x124.png 300w, https:\/\/bsinternational.co.uk\/wp-content\/uploads\/2014\/06\/EduCentre-logo011-1024x425.png 1024w, https:\/\/bsinternational.co.uk\/wp-content\/uploads\/2014\/06\/EduCentre-logo011.png 1124w\" sizes=\"(max-width: 204px) 100vw, 204px\" \/><\/a><\/p>\n<p style=\"color: #333333;\">Adem\u00e1s, el estudiante podr\u00e1 acceder al Laboratorio Ling\u00fc\u00edstico Virtual (<strong>My Lab <strong>\u00a9<\/strong> <\/strong>)<strong> disfrutando<\/strong><strong> de forma ilimitada<\/strong> y durante<strong> 12 meses<\/strong>  de actividades Audio \u2013 Video e Interactivas para mejorar sus competencias de Listening Comprehension, Reading, Writing, Grammar, Vocabulary y Pronunciation.<\/p>\n","protected":false},"excerpt":{"rendered":"<p>&nbsp; Qu\u00e9 My Course \u00a9 es el curso de\u00a0ingl\u00e9s online que permite mejorar r\u00e1pidamente los conocimientos de la lengua inglesa desde el nivel A1 principiante hasta el nivel B2 intermedio-avanzado del Consejo de Europa. Los usuarios pueden elegir entre un curso General y de Business English, ambos centrados en m\u00f3dulos y unidades con ejercicios interactivos [&hellip;]<\/p>\n","protected":false},"author":2,"featured_media":0,"parent":0,"menu_order":0,"comment_status":"open","ping_status":"closed","template":"","meta":{"footnotes":""},"class_list":["post-484","page","type-page","status-publish","hentry"],"_links":{"self":[{"href":"https:\/\/bsinternational.co.uk\/es\/wp-json\/wp\/v2\/pages\/484\/"}],"collection":[{"href":"https:\/\/bsinternational.co.uk\/es\/wp-json\/wp\/v2\/pages\/"}],"about":[{"href":"https:\/\/bsinternational.co.uk\/es\/wp-json\/wp\/v2\/types\/page\/"}],"author":[{"embeddable":true,"href":"https:\/\/bsinternational.co.uk\/es\/wp-json\/wp\/v2\/users\/2\/"}],"replies":[{"embeddable":true,"href":"https:\/\/bsinternational.co.uk\/es\/wp-json\/wp\/v2\/comments\/?post=484"}],"version-history":[{"count":1,"href":"https:\/\/bsinternational.co.uk\/es\/wp-json\/wp\/v2\/pages\/484\/revisions\/"}],"predecessor-version":[{"id":486,"href":"https:\/\/bsinternational.co.uk\/es\/wp-json\/wp\/v2\/pages\/484\/revisions\/486\/"}],"wp:attachment":[{"href":"https:\/\/bsinternational.co.uk\/es\/wp-json\/wp\/v2\/media\/?parent=484"}],"curies":[{"name":"wp","href":"https:\/\/api.w.org\/{rel}","templated":true}]}}