{"id":481,"date":"2015-05-02T23:24:00","date_gmt":"2015-05-02T21:24:00","guid":{"rendered":"https:\/\/bsinternational.co.uk\/en\/?page_id=481"},"modified":"2015-09-04T21:07:07","modified_gmt":"2015-09-04T19:07:07","slug":"esp-seminarios-de-ingles-eficaz","status":"publish","type":"page","link":"https:\/\/bsinternational.co.uk\/es\/esp-seminarios-de-ingles-eficaz\/","title":{"rendered":"ESP \u00a9 \u2013 Seminarios de Ingl\u00e9s Eficaz"},"content":{"rendered":"<p><img loading=\"lazy\" decoding=\"async\" class=\"alignnone size-full wp-image-81\" src=\"https:\/\/bsinternational.co.uk\/wp-content\/uploads\/2014\/06\/j04226381.jpg\" alt=\"Businesspeople in Meeting\" width=\"1280\" height=\"863\" srcset=\"https:\/\/bsinternational.co.uk\/wp-content\/uploads\/2014\/06\/j04226381-300x202.jpg 300w, https:\/\/bsinternational.co.uk\/wp-content\/uploads\/2014\/06\/j04226381-1024x690.jpg 1024w, https:\/\/bsinternational.co.uk\/wp-content\/uploads\/2014\/06\/j04226381.jpg 1280w\" sizes=\"(max-width: 1280px) 100vw, 1280px\" \/><\/p>\n<h2>Qu\u00e9<\/h2>\n<p>Los seminarios<strong> ESP SEMINARS \u00a9<\/strong> son sesiones de trabajo estudiadas con el objetivo de <strong>ofrecer a los usuarios una participaci\u00f3n m\u00e1s eficaz en situaciones espec\u00edficas en lengua inglesa.<\/strong><\/p>\n<p>Los seminarios<strong> ESP SEMINARS \u00a9<\/strong> te permiten aprender y utilizar la lengua inglesa con el fin de alcanzar unos <strong>conocimientos serios y profesionales <\/strong>con los que puedas comunicar en situaciones concretas, como por ejemplo:<\/p>\n<ul>\n<li>Effective Presentations<\/li>\n<li>Effective Negotiations<\/li>\n<li>Effective Meetings<\/li>\n<li>Cross Culture<\/li>\n<li>Socializing<\/li>\n<li>Effective Writing<\/li>\n<li>Phone Conferences<\/li>\n<\/ul>\n<p>Adem\u00e1s, los <strong>ESP SEMINARS \u00a9<\/strong> ofrecen a la empresa la posibilidad de elegir una <strong>temas espec\u00edficos que se desarrollar\u00e1n de forma personalizada<\/strong> en funci\u00f3n de sus propias <strong>necesidades<\/strong>.<\/p>\n<h2>C\u00f3mo<\/h2>\n<p><strong>Duraci\u00f3n<\/strong>: el Workshop se compone, normalmente, de bloques de 4 a 16 horas (con sesiones de 4 o de 8 horas)<\/p>\n<p><strong>Nivel de acceso<\/strong>: m\u00ednimo para iniciar Intermediate (inicial B2)<\/p>\n<p><strong>Enfoque<\/strong>: interactivo contextualizado<\/p>\n<p><strong>Lengua<\/strong>: Ingl\u00e9s \/ Franc\u00e9s<\/p>\n<p><strong>M\u00e9todo<\/strong>: Direct Method certificado por <strong>BRITISH SCHOOL INTERNATIONAL\u00ae<\/strong> con gesti\u00f3n circular del Grupo<\/p>\n<p><strong>An\u00e1lisis de las necesidades<\/strong>: incluido<\/p>\n<p><strong>Prueba escrita + Prueba oral<\/strong>: incluida<\/p>\n<p><strong>Material did\u00e1ctico para cada participante<\/strong>: incluido<\/p>\n<p><strong>Docente<\/strong>: Formador Profesional Nativo habilitado y certificado <strong>BRITISH SCHOOL INTERNATIONAL\u00ae<\/strong><\/p>\n<h2>Cu\u00e1ndo<\/h2>\n<p><strong>ESP SEMINARS \u00a9<\/strong> ha sido estudiado formando bloques que comprenden de<strong> 4 e le 16 ore<\/strong> (con sesiones de entre 4 y 8 horas)<\/p>\n","protected":false},"excerpt":{"rendered":"<p>Qu\u00e9 Los seminarios ESP SEMINARS \u00a9 son sesiones de trabajo estudiadas con el objetivo de ofrecer a los usuarios una participaci\u00f3n m\u00e1s eficaz en situaciones espec\u00edficas en lengua inglesa. Los seminarios ESP SEMINARS \u00a9 te permiten aprender y utilizar la lengua inglesa con el fin de alcanzar unos conocimientos serios y profesionales con los que [&hellip;]<\/p>\n","protected":false},"author":2,"featured_media":0,"parent":0,"menu_order":0,"comment_status":"open","ping_status":"open","template":"","meta":{"footnotes":""},"class_list":["post-481","page","type-page","status-publish","hentry"],"_links":{"self":[{"href":"https:\/\/bsinternational.co.uk\/es\/wp-json\/wp\/v2\/pages\/481\/"}],"collection":[{"href":"https:\/\/bsinternational.co.uk\/es\/wp-json\/wp\/v2\/pages\/"}],"about":[{"href":"https:\/\/bsinternational.co.uk\/es\/wp-json\/wp\/v2\/types\/page\/"}],"author":[{"embeddable":true,"href":"https:\/\/bsinternational.co.uk\/es\/wp-json\/wp\/v2\/users\/2\/"}],"replies":[{"embeddable":true,"href":"https:\/\/bsinternational.co.uk\/es\/wp-json\/wp\/v2\/comments\/?post=481"}],"version-history":[{"count":1,"href":"https:\/\/bsinternational.co.uk\/es\/wp-json\/wp\/v2\/pages\/481\/revisions\/"}],"predecessor-version":[{"id":483,"href":"https:\/\/bsinternational.co.uk\/es\/wp-json\/wp\/v2\/pages\/481\/revisions\/483\/"}],"wp:attachment":[{"href":"https:\/\/bsinternational.co.uk\/es\/wp-json\/wp\/v2\/media\/?parent=481"}],"curies":[{"name":"wp","href":"https:\/\/api.w.org\/{rel}","templated":true}]}}