{"id":474,"date":"2015-05-02T22:49:31","date_gmt":"2015-05-02T20:49:31","guid":{"rendered":"https:\/\/bsinternational.co.uk\/en\/?page_id=474"},"modified":"2015-09-05T09:45:48","modified_gmt":"2015-09-05T07:45:48","slug":"british-class-interactive-english","status":"publish","type":"page","link":"https:\/\/bsinternational.co.uk\/es\/british-class-interactive-english\/","title":{"rendered":"British Class! \u00a9 &#8211; Interactive English"},"content":{"rendered":"<p><a href=\"https:\/\/bsinternational.co.uk\/wp-content\/uploads\/2014\/06\/UnionJack.jpg\"><img loading=\"lazy\" decoding=\"async\" class=\"wp-image-180 aligncenter\" src=\"https:\/\/bsinternational.co.uk\/wp-content\/uploads\/2014\/06\/UnionJack.jpg\" alt=\"[cml_media_alt id='180']UnionJack[\/cml_media_alt]\" width=\"193\" height=\"264\" \/><\/a><\/p>\n<p><strong>British Class! \u00a9 &#8211; Interactive English<\/strong> courses by British School International allow you to speak English with<strong> certified mother-tongue teachers in small groups where you can easily meet new friends, learn fast, and also have fun.<\/strong><\/p>\n<p>&nbsp;<\/p>\n<p>Cada semana podr\u00e1s <strong>modificar los d\u00edas y los horarios de tus clases<\/strong>, incluso en el mismo d\u00eda; todo con la mayor flexibilidad.<\/p>\n<p><a href=\"https:\/\/bsinternational.co.uk\/wp-content\/uploads\/2014\/06\/corsi-aula.jpg\"><img loading=\"lazy\" decoding=\"async\" class=\"alignnone wp-image-181 size-medium\" src=\"https:\/\/bsinternational.co.uk\/wp-content\/uploads\/2014\/06\/corsi-aula-300x226.jpg\" alt=\"[cml_media_alt id='181']corsi-aula[\/cml_media_alt]\" width=\"300\" height=\"226\" srcset=\"https:\/\/bsinternational.co.uk\/wp-content\/uploads\/2014\/06\/corsi-aula-300x226.jpg 300w, https:\/\/bsinternational.co.uk\/wp-content\/uploads\/2014\/06\/corsi-aula.jpg 600w\" sizes=\"(max-width: 300px) 100vw, 300px\" \/><\/a><\/p>\n<p>Adem\u00e1s del curso interactivo en el Aula, donde podr\u00e1s <strong>conversar<\/strong> y mejorar la <strong>gram\u00e1tica y el l\u00e9xico<\/strong>, tendr\u00e1s a tu disposici\u00f3n el <strong>curso online My Course<\/strong> que te permitir\u00e1 reforzar y consolidar todo lo que has aprendido en el Aula.<\/p>\n<p>Las sesiones en el Aula se podr\u00e1n <strong>eservar incluso <em>last minute*<\/em> accediendo a la agenda online<\/strong> desde el banner de arriba (&#8220;<strong>British Class! <span style=\"color: #333333;\"><strong>\u00a9<\/strong> Interactive English <\/span><\/strong> &gt; <strong>ENTER<\/strong>&#8220;)<\/p>\n<p>Con <span style=\"color: #333333;\"><strong>British Class! \u00a9 &#8211; Interactive English<\/strong> <\/span>por fin podr\u00e1s comunicar en ingl\u00e9s con flexibilidad, participando a interesantes sesiones interactivas en el aula: las clases podr\u00e1n ser individuales o en grupos de hasta un m\u00e1ximo de 15 personas, dependiendo del n\u00famero de personas que reserven la lecci\u00f3n; en caso de m\u00e1s de 15 participantes el sistema de reservas bloquea lo slot\u00a0\u00a0para garantizar la mejor interactividad del grupo.<\/p>\n<p style=\"color: #494949;\">Se incluyen el <strong>est, el an\u00e1lisis de los objetivos, el curso online My Course <span style=\"color: #333333;\">\u00a9 <\/span> y el acceso ilimitado durante 12 meses al Laboratorio Ling\u00fc\u00edstico Virtual My Lab <span style=\"color: #333333;\">\u00a9<\/span><\/strong> para desarrollar las competencias de <strong>listening, reading, writing, vocabulary, grammar.<\/strong><\/p>\n<p> <a href=\"https:\/\/bsinternational.co.uk\/wp-content\/uploads\/2014\/06\/audio.jpg\"><img loading=\"lazy\" decoding=\"async\" class=\"alignnone size-full wp-image-184\" src=\"https:\/\/bsinternational.co.uk\/wp-content\/uploads\/2014\/06\/audio.jpg\" alt=\"[cml_media_alt id='184']audio[\/cml_media_alt]\" width=\"225\" height=\"225\" srcset=\"https:\/\/bsinternational.co.uk\/wp-content\/uploads\/2014\/06\/audio-45x45.jpg 45w, https:\/\/bsinternational.co.uk\/wp-content\/uploads\/2014\/06\/audio-150x150.jpg 150w, https:\/\/bsinternational.co.uk\/wp-content\/uploads\/2014\/06\/audio.jpg 225w\" sizes=\"(max-width: 225px) 100vw, 225px\" \/><\/a> <a href=\"https:\/\/bsinternational.co.uk\/wp-content\/uploads\/2014\/06\/audio2.jpg\"><img loading=\"lazy\" decoding=\"async\" class=\"alignnone size-full wp-image-183\" src=\"https:\/\/bsinternational.co.uk\/wp-content\/uploads\/2014\/06\/audio2.jpg\" alt=\"[cml_media_alt id='183']audio2[\/cml_media_alt]\" width=\"228\" height=\"221\" srcset=\"https:\/\/bsinternational.co.uk\/wp-content\/uploads\/2014\/06\/audio2-45x45.jpg 45w, https:\/\/bsinternational.co.uk\/wp-content\/uploads\/2014\/06\/audio2.jpg 228w\" sizes=\"(max-width: 228px) 100vw, 228px\" \/><\/a><\/p>\n<p>&nbsp;<\/p>\n<p>Por fin podr\u00e1s hablar ingl\u00e9s con flexibilidad, participando a interesantes <strong>sesiones ling\u00fc\u00edsticas en el Aula presencial<\/strong> que se celebran durante la semana incluso los s\u00e1bados por la ma\u00f1ana, todo ello en un ambiente dedicado a la formaci\u00f3n: la sede de British School International\u00a0se encuentra en zona Moscova<strong>, en pleno centro de Mil\u00e1n<\/strong>, en via di Porta Tenaglia al nr 3 (Tel 02-660.16.384 ; Email:<a href=\"mailto:milan@bsinternational.eu\">milan@bsinternational.eu<\/a>).<\/p>\n<p>&nbsp;<\/p>\n<p>Adem\u00e1s, tendr\u00e1s a tu disposici\u00f3n el curso online My Course\u00a0de British School International con el que podr\u00e1s mejorar y consolidar tu ingl\u00e9s, <strong>perfeccionando el l\u00e9xico, la comprensi\u00f3n auditiva, la gram\u00e1tica, la comprensi\u00f3n lectora y la expresi\u00f3n escrita!<\/strong><\/p>\n<p>&nbsp;<\/p>\n<p>Adem\u00e1s de My Course , la oferta te da derecho a acceder al <strong>test Cambridge<\/strong>, <strong>a la Certificaci\u00f3n del Consejo de Europa British School<\/strong> (CEFR COE \u00a9) y convertirte en<strong> BSI\u00a0Member, que ponen a tu disposici\u00f3n toda una serie de facilitaciones y descuentos.<\/strong><\/p>\n<p>&nbsp;<\/p>\n<p><strong>INSTRUCCIONES<\/strong><\/p>\n<p><strong>Acceder a todos los servicios incluidos en el paquete British Class! \u00a9 &#8211; Interactive English\u00a0es muy sencillo<\/strong> :<\/p>\n<p>Una vez adquirido el Coupon, dir\u00edgete a nuestra sede situada en Porta Tenaglia 3, 20121 Mil\u00e1n (M2 Moscova): el personal de British School International te permitir\u00e1 acceder a la p\u00e1gina de inscripci\u00f3n y al Test\u00a0Ling\u00fc\u00edstico.<\/p>\n<p>Seg\u00fan el nivel que hayas obtenido (Basic, <em>ingl\u00e9s base<\/em>; Elementary, <em>ingl\u00e9s elemental-falso principiante,<\/em> o Advanced (<em>(ingl\u00e9s intermedio-avanzado),<\/em> podr\u00e1s acceder a la Agenda de reserva donde encontrar\u00e1s los horarios correspondientes a tu nivel para cada d\u00eda y para cada aula (Basic, Elementary, Advanced).<\/p>\n<p>Podr\u00e1s entrar en la Agenda en cualquier momento, sencillamente desde <strong><a href=\"https:\/\/bsinternational.co.uk\">www.bsinternational.eu<\/a><\/strong>, pulsando en el banner situado en la parte alta derecha &#8220;<strong>British Class! \u00a9 Interactive English <\/strong> &gt; <strong>ENTER<\/strong>&#8221; introduciendo el c\u00f3digo  del Coupon y el C\u00f3digo de Seguridad; a partir de este momento podr\u00e1s :<\/p>\n<ol>\n<li>1. Reservar tu clase semanal en el aula: entrando en el men\u00fa y pulsando  <strong>ClassRoom<\/strong>, ser\u00e1 suficiente que selecciones el d\u00eda y el horario que prefieras: indicando la reserva ser\u00e1s recibido por tu profesor y tus compa\u00f1eros de clase. Todas las semanas podr\u00e1s cambiar la fecha reservada (d\u00eda y hora)\u00a0seg\u00fan tus necesidades.<\/li>\n<li>2. Acceder al Curso a distancia <strong>My Course<\/strong> de British School International: desde el men\u00fa, pulsando <strong>My Course<\/strong> podr\u00e1s acceder al Curso durante las 24 horas del d\u00eda, todos los d\u00edas de la semana, durante toda la duraci\u00f3n del deal: el examen de acceso que has realizado durante la inscripci\u00f3n te ayudar\u00e1 a elegir el nivel que mejor se adapta a tus necesidades. En funci\u00f3n del paquete que hayas adquirido podr\u00e1s acceder al curso durante 6 \u00f3 12 meses.<\/li>\n<\/ol>\n<p>&nbsp;<\/p>\n<p><strong>Aula Presencial:<\/strong> nuestras aulas, situadas en Mil\u00e1n, en Via di Porta Tenaglia, nr 3, se encuentran cerca de la metropolitana M2 L\u00ednea Verde, (Moscova) a tan solo 150 metros de nuestra sede o con otros medios de superficie. Si llegas en coche, tendr\u00e1s diferentes posibilidades de aparcamiento cubiertos. Todas las semanas tienes derecho a una sesi\u00f3n en el Aula presencial; las reservas se cierran al alcanzar un m\u00e1ximo de 15 participantes; en la agenda se indica si la sesi\u00f3n es de nivel Basic (<em>ingl\u00e9s elementary<\/em>) o Advanced\u00a0(ingl\u00e9s intermedio-avanzado).<\/p>\n<p>Las franjas horarias disponibles durante la semana, de lunes a viernes son:<\/p>\n<ul>\n<li>Franja horaria 17.30-18.30<\/li>\n<li>Franja horaria 18.30-19.30<\/li>\n<li>Franja horaria 19.30-20.30<\/li>\n<li>Franja horaria 20.30-21.30<\/li>\n<\/ul>\n<p>Los horarios disponibles los s\u00e1bados por la ma\u00f1ana son:<\/p>\n<ul>\n<li>Franja horaria 10.00-11.00<\/li>\n<li>Franja horaria 11.00-12.00<\/li>\n<\/ul>\n<p>Podr\u00e1s modificar la frecuencia de asistencia cada vez que lo necesites; si no utilizar tu cr\u00e9dito durante la semana o en caso de reservas realizadas con retraso para sesiones ya al completo (m\u00e1x. 15 participantes inscritos), no dan derecho a la recuperaci\u00f3n de la sesi\u00f3n no realizada; desde el momento que activas el curso, una vez vencido el plazo de calendario adquirido (6\/12 meses), no podr\u00e1s acceder a la reserva de la sesi\u00f3n en el Aula Presencial.<\/p>\n<p>&nbsp;<\/p>\n<p><strong>Curso a distancia British School: My Course <\/strong>es un inovativo sistema para aprender r\u00e1pidamente inglese, basado en la integraci\u00f3n entre un curso de aprendizaje seguro y completo. Se trata de un curso did\u00e1ctico basado en est\u00edmulos <strong>audio-video y textuales<\/strong> mediante los que el usuario aprende vocabulario y estructuras ling\u00fc\u00edsticas <strong>de forma natural y contextual<\/strong>por medio de una serie de <strong>ejercicios divertidos.<\/strong> Los contenidos did\u00e1cticos se toman de la vida real <strong>con ejemplos y casos concretos de situaciones reales, <\/strong>que el estudiante percibe como cercanas: el progreso se monitoriza mediante una atenta secci\u00f3n de informes.<\/p>\n<p>El curso se estructura seg\u00fan los diferentes <strong>niveles oficiales del Consejo de Europa<\/strong> &#8211; Common European Framework  &#8211;  incluyendo los intervalos entre el Nivel A1 (Principiante) al Nivel B2 (Intermediate), franjas en las que ya ser\u00e1 posible hablar en ingl\u00e9s con una cierta soltura. Una vez concluido el curso se entregar\u00e1 el <strong>Certificado de Nivel del Consejo de Europa.<\/strong><\/p>\n<p>&nbsp;<\/p>\n<p><strong>Test Cambridge: <\/strong>finalizado el curso, deber\u00e1s enviar un correo electr\u00f3nico a<strong>  <strong><a href=\"mailto:milan@bsinternational.eu\">milan@bsinternational.eu<\/a><\/strong><\/strong>, indicando tu nombre-apellido-c\u00f3digo coupon y c\u00f3digo de seguridad, para que la secretar\u00eda British School International pueda activar la licencia para el acceso al Examen Cambridge: una vez realizado el examen, te enviaremos el record con el Certificado de Nivel del Consejo de Europa.<\/p>\n<p>&nbsp;<\/p>\n<p><strong>Cu\u00e1ndo empieza British Class! \u00a9 &#8211; Interactive English<\/strong>: a partir del 17 de noviembre 2014, tan pronto como hayas formalizado la inscripci\u00f3n pagando la cuota asociativa de \u20ac 25,00 y realizado el test de nivel (horarios de secretar\u00eda del lunes a jueves 09.00-13.00 y 14.00-18.00; Viernes 9.00-13.00 e 14.00-17.00)<br \/>\n&nbsp;<\/p>\n<p><strong>Periodos en los que no se ofrecen lecciones<\/strong>: 08.12.14; 22.12.14 \u2013 14.01.15; vacaciones de Semana Santa, desde el jueves 02.04.15 hasta el s\u00e1bado 11.04.15 ; desde el 27 de abril 2015 hasta el 2 de mayo 2015; 01- 02.06.15; desde el lunes 27.07.15 hasta el s\u00e1bado 12.09.15; 01.11.15; 07-08.12.15; desde el 21.12.15 hasta el 15.01.16.<\/p>\n<p>Duraci\u00f3n de los paquetes: los paquetes de 6 y 12 meses tambi\u00e9n incluyen las semanas en las que no se han previsto lecciones:<\/p>\n<ul>\n<li>la duraci\u00f3n efectiva del paquete de 6 meses es de 20 lecciones en aula presencial\u00a0(que deber\u00e1n realizarse en 6 meses de calendario)\u00a0+ 6 meses de calendario de acceso al Laboratorio Ling\u00fc\u00edstico Virtual;<\/li>\n<li>la duraci\u00f3n efectiva del paquete de 12 meses es de 40 lecciones en aula presencial (que deber\u00e1n realizarse en 6 meses de calendario) + 12 meses de calendario de acceso al Laboratorio Ling\u00fc\u00edstico Virtual;<\/li>\n<\/ul>\n<p><strong>Cuota BSI Member: obligatoria para poder activar el curso; <\/strong>esta cuota promocional para los usuarios Groupon es de \u20ac 25,00 en vez de \u20ac 85,00; convirti\u00e9ndote en BSI\u00a0Member tienes derecho al acceso ilimitado durante 12 meses al\u00a0Laboratorio Ling\u00fc\u00edstico Virtual, My Lab donde podr\u00e1s practicar sin l\u00edmites, as\u00ed como a los descuentos para los cursos British School International y a invitaciones para las jornadas de <em>Open Days<\/em>\u00a0y otras iniciativas de la escuela)<\/p>\n<p>&nbsp;<\/p>\n<p>* las lecciones se pueden reservar incluso last minute siempre que no se haya alcanzado el n\u00famero m\u00e1ximo de inscritos previstos de 15 participantes.<\/p>\n","protected":false},"excerpt":{"rendered":"<p>British Class! \u00a9 &#8211; Interactive English courses by British School International allow you to speak English with certified mother-tongue teachers in small groups where you can easily meet new friends, learn fast, and also have fun. &nbsp; Cada semana podr\u00e1s modificar los d\u00edas y los horarios de tus clases, incluso en el mismo d\u00eda; todo [&hellip;]<\/p>\n","protected":false},"author":2,"featured_media":0,"parent":0,"menu_order":0,"comment_status":"open","ping_status":"closed","template":"","meta":{"footnotes":""},"class_list":["post-474","page","type-page","status-publish","hentry"],"_links":{"self":[{"href":"https:\/\/bsinternational.co.uk\/es\/wp-json\/wp\/v2\/pages\/474\/"}],"collection":[{"href":"https:\/\/bsinternational.co.uk\/es\/wp-json\/wp\/v2\/pages\/"}],"about":[{"href":"https:\/\/bsinternational.co.uk\/es\/wp-json\/wp\/v2\/types\/page\/"}],"author":[{"embeddable":true,"href":"https:\/\/bsinternational.co.uk\/es\/wp-json\/wp\/v2\/users\/2\/"}],"replies":[{"embeddable":true,"href":"https:\/\/bsinternational.co.uk\/es\/wp-json\/wp\/v2\/comments\/?post=474"}],"version-history":[{"count":2,"href":"https:\/\/bsinternational.co.uk\/es\/wp-json\/wp\/v2\/pages\/474\/revisions\/"}],"predecessor-version":[{"id":477,"href":"https:\/\/bsinternational.co.uk\/es\/wp-json\/wp\/v2\/pages\/474\/revisions\/477\/"}],"wp:attachment":[{"href":"https:\/\/bsinternational.co.uk\/es\/wp-json\/wp\/v2\/media\/?parent=474"}],"curies":[{"name":"wp","href":"https:\/\/api.w.org\/{rel}","templated":true}]}}