{"id":470,"date":"2015-05-02T14:53:09","date_gmt":"2015-05-02T12:53:09","guid":{"rendered":"https:\/\/bsinternational.co.uk\/en\/?page_id=470"},"modified":"2015-09-04T21:08:48","modified_gmt":"2015-09-04T19:08:48","slug":"el-metodo-n-r-m","status":"publish","type":"page","link":"https:\/\/bsinternational.co.uk\/es\/el-metodo-n-r-m\/","title":{"rendered":"El M\u00e9todo N.R.M. \u00a9"},"content":{"rendered":"<p style=\"color: #000000;\">Nuestra <strong>Metodolog\u00eda<\/strong> desde siempre es\u00a0de tipo <strong>contextual<\/strong>: el aprendizaje de la Lengua se realiza mediante la introducci\u00f3n de <strong>situaciones<\/strong> (contextos) que pueden ser:<\/p>\n<ul style=\"color: #000000;\">\n<li><strong>generales<\/strong> (niveles base)<\/li>\n<li><strong>mixtas<\/strong> (generales y business)<\/li>\n<li>por niveles <strong>pre-intermediate<\/strong> e <strong>intermedio-avanzado (business).<\/strong><\/li>\n<\/ul>\n<p><span style=\"color: #000000;\">Mediante planteamientos <\/span><strong style=\"color: #000000;\">agradables, <\/strong><strong style=\"color: #000000;\">divertidos<\/strong><span style=\"color: #000000;\"> y <\/span><strong style=\"color: #000000;\">estimulantes<\/strong><span style=\"color: #000000;\"> el estudiante aumenta <\/span><strong style=\"color: #000000;\">su motivaci\u00f3n<\/strong><span style=\"color: #000000;\"> e <\/span><span style=\"color: #000000;\"><span id=\"i6e3b9m_6\" class=\"i6e3b9m\">opera<\/span> <\/span><span style=\"color: #000000;\">interact\u00faa de forma<\/span><strong style=\"color: #000000;\"> lineal <\/strong><span style=\"color: #000000;\">y <strong>serena<\/strong>.<\/span><\/p>\n<p style=\"color: #000000;\">Este planteamiento metodol\u00f3gico se proyecta y desarrolla <strong>constantemente<\/strong> con el fin de adaptarlo a las innovaciones tecnol\u00f3gicas que acompa\u00f1an los cursos en el aula (Blended Learning, Video Comunicaci\u00f3n, etc.), para adaptarse a las nuevas exigencias del mercado en constante evoluci\u00f3n.<\/p>\n<p><a href=\"https:\/\/bsinternational.co.uk\/wp-content\/uploads\/2014\/06\/j04226381.jpg\"><img loading=\"lazy\" decoding=\"async\" class=\"alignnone wp-image-81 size-medium\" src=\"https:\/\/bsinternational.co.uk\/wp-content\/uploads\/2014\/06\/j04226381-300x202.jpg\" alt=\"[cml_media_alt id='81']Businesspeople in Meeting[\/cml_media_alt]\" width=\"300\" height=\"202\" srcset=\"https:\/\/bsinternational.co.uk\/wp-content\/uploads\/2014\/06\/j04226381-300x202.jpg 300w, https:\/\/bsinternational.co.uk\/wp-content\/uploads\/2014\/06\/j04226381-1024x690.jpg 1024w, https:\/\/bsinternational.co.uk\/wp-content\/uploads\/2014\/06\/j04226381.jpg 1280w\" sizes=\"(max-width: 300px) 100vw, 300px\" \/><\/a><\/p>\n<p style=\"color: #000000;\"><strong>Metodolog\u00eda contextual por situaciones <\/strong><\/p>\n<p style=\"color: #000000;\">En las <strong>Situaciones<\/strong> propuestas se introduce el l\u00e9xico y las estructuras espec\u00edficas necesarias: el profesor nativo <strong>explica en lengua<\/strong> las estructuras y el l\u00e9xico que se pueden encontrar en dicha situaci\u00f3n, siguiendo para ello un <strong>planteamiento pr\u00e1ctico<\/strong><strong style=\"color: #000080;\">.<\/strong><\/p>\n<p style=\"color: #000000;\">Despu\u00e9s de esto normalmente sigue <strong>una nueva situaci\u00f3n<\/strong> en la que se pone en pr\u00e1ctica todo lo aprendido y<strong> se enfocan los puntos de repaso.<\/strong><\/p>\n<p style=\"color: #000000;\"><a href=\"https:\/\/bsinternational.co.uk\/wp-content\/uploads\/2014\/06\/technology.jpg\"><img loading=\"lazy\" decoding=\"async\" class=\"wp-image-69 size-medium aligncenter\" src=\"https:\/\/bsinternational.co.uk\/wp-content\/uploads\/2014\/06\/technology-300x206.jpg\" alt=\"[cml_media_alt id='69']Woman's Eye and World Globes[\/cml_media_alt]\" width=\"300\" height=\"206\" srcset=\"https:\/\/bsinternational.co.uk\/wp-content\/uploads\/2014\/06\/technology-300x206.jpg 300w, https:\/\/bsinternational.co.uk\/wp-content\/uploads\/2014\/06\/technology-1024x703.jpg 1024w, https:\/\/bsinternational.co.uk\/wp-content\/uploads\/2014\/06\/technology.jpg 1280w\" sizes=\"(max-width: 300px) 100vw, 300px\" \/><\/a><a style=\"color: #000000;\" href=\"https:\/\/bsinternational.co.uk\/wp-content\/uploads\/2011\/12\/j0399742.jpg\"><br \/>\n<\/a><\/p>\n<p style=\"color: #000000;\"><strong>La importancia de la consolidaci\u00f3n <\/strong><\/p>\n<div>\n<p style=\"color: #000000;\">Es <strong>fundamental<\/strong> contar con la posibilidad de <strong>poder entrar<\/strong> lo m\u00e1s posible en la lengua, para as\u00ed agilizar el aprendizaje, por lo que las ocasiones de contacto con la lengua son <strong>de gran importancia<\/strong>.<\/p>\n<p><span style=\"color: #000000;\">Nuestra organizaci\u00f3n, poniendo a disposici\u00f3n de cada uno de los usuarios el<strong> Laboratorio Ling\u00fc\u00edstico Virtual<\/strong><\/span><span style=\"color: #000000;\">, ofrece al estudiante un <strong>n\u00famero<\/strong> <\/span><strong style=\"color: #000000;\">ilimitado<\/strong><strong style=\"color: #000000;\">de est\u00edmulos ling\u00fc\u00edsticos multimediales<\/strong><span style=\"color: #000000;\"> (video<\/span><span style=\"color: #000000;\"> y audio) as\u00ed como <\/span><strong style=\"color: #000000;\">textuales interactivos<\/strong><span style=\"color: #000000;\">.<\/span><\/p>\n<p style=\"color: #000000;\"><a href=\"https:\/\/bsinternational.co.uk\/wp-content\/uploads\/2014\/06\/speaking.jpg\"><img loading=\"lazy\" decoding=\"async\" class=\"alignnone size-full wp-image-120\" src=\"https:\/\/bsinternational.co.uk\/wp-content\/uploads\/2014\/06\/speaking.jpg\" alt=\"[cml_media_alt id='120']speaking[\/cml_media_alt]\" width=\"225\" height=\"224\" srcset=\"https:\/\/bsinternational.co.uk\/wp-content\/uploads\/2014\/06\/speaking-45x45.jpg 45w, https:\/\/bsinternational.co.uk\/wp-content\/uploads\/2014\/06\/speaking-150x150.jpg 150w, https:\/\/bsinternational.co.uk\/wp-content\/uploads\/2014\/06\/speaking.jpg 225w\" sizes=\"(max-width: 225px) 100vw, 225px\" \/><\/a><\/p>\n<p style=\"color: #000000;\">\n<\/div>\n","protected":false},"excerpt":{"rendered":"<p>Nuestra Metodolog\u00eda desde siempre es\u00a0de tipo contextual: el aprendizaje de la Lengua se realiza mediante la introducci\u00f3n de situaciones (contextos) que pueden ser: generales (niveles base) mixtas (generales y business) por niveles pre-intermediate e intermedio-avanzado (business). Mediante planteamientos agradables, divertidos y estimulantes el estudiante aumenta su motivaci\u00f3n e opera interact\u00faa de forma lineal y serena. [&hellip;]<\/p>\n","protected":false},"author":2,"featured_media":0,"parent":0,"menu_order":0,"comment_status":"open","ping_status":"open","template":"","meta":{"footnotes":""},"class_list":["post-470","page","type-page","status-publish","hentry"],"_links":{"self":[{"href":"https:\/\/bsinternational.co.uk\/es\/wp-json\/wp\/v2\/pages\/470\/"}],"collection":[{"href":"https:\/\/bsinternational.co.uk\/es\/wp-json\/wp\/v2\/pages\/"}],"about":[{"href":"https:\/\/bsinternational.co.uk\/es\/wp-json\/wp\/v2\/types\/page\/"}],"author":[{"embeddable":true,"href":"https:\/\/bsinternational.co.uk\/es\/wp-json\/wp\/v2\/users\/2\/"}],"replies":[{"embeddable":true,"href":"https:\/\/bsinternational.co.uk\/es\/wp-json\/wp\/v2\/comments\/?post=470"}],"version-history":[{"count":1,"href":"https:\/\/bsinternational.co.uk\/es\/wp-json\/wp\/v2\/pages\/470\/revisions\/"}],"predecessor-version":[{"id":473,"href":"https:\/\/bsinternational.co.uk\/es\/wp-json\/wp\/v2\/pages\/470\/revisions\/473\/"}],"wp:attachment":[{"href":"https:\/\/bsinternational.co.uk\/es\/wp-json\/wp\/v2\/media\/?parent=470"}],"curies":[{"name":"wp","href":"https:\/\/api.w.org\/{rel}","templated":true}]}}