{"id":463,"date":"2015-04-27T18:58:33","date_gmt":"2015-04-27T16:58:33","guid":{"rendered":"https:\/\/bsinternational.co.uk\/en\/?page_id=463"},"modified":"2015-09-05T09:29:12","modified_gmt":"2015-09-05T07:29:12","slug":"servicio-para-las-escuelas-de-idiomas-y-universidades","status":"publish","type":"page","link":"https:\/\/bsinternational.co.uk\/es\/servicio-para-las-escuelas-de-idiomas-y-universidades\/","title":{"rendered":"Servicio para las Escuelas de Idiomas y Universidades"},"content":{"rendered":"<p><a href=\"https:\/\/bsinternational.co.uk\/wp-content\/uploads\/2014\/06\/Technology_management_LG_FOC.png\"><img loading=\"lazy\" decoding=\"async\" class=\"alignnone size-full wp-image-67\" src=\"https:\/\/bsinternational.co.uk\/wp-content\/uploads\/2014\/06\/Technology_management_LG_FOC.png\" alt=\"[cml_media_alt id='67']Technology_management_LG_FOC[\/cml_media_alt]\" width=\"700\" height=\"255\" srcset=\"https:\/\/bsinternational.co.uk\/wp-content\/uploads\/2014\/06\/Technology_management_LG_FOC-300x109.png 300w, https:\/\/bsinternational.co.uk\/wp-content\/uploads\/2014\/06\/Technology_management_LG_FOC.png 700w\" sizes=\"(max-width: 700px) 100vw, 700px\" \/><\/a><\/p>\n<p>British School International \u00a9 ofrece a las Escuelas y a las Universidades toda una serie de interesantes servicios, lo que permite garantizar a los usuarios una oferta completa, a 360\u00b0, ya sea en el \u00e1mbito B2C, ya sea en el \u00e1mbito B2B, mejorando la eficiencia interna y, por lo tanto, la competitividad.<\/p>\n<p><strong> &#8220;Service Package&#8221;<\/strong><\/p>\n<p><a href=\"https:\/\/bsinternational.co.uk\/wp-content\/uploads\/2014\/06\/Union-Jack-Gift-Box.jpg\"><img loading=\"lazy\" decoding=\"async\" class=\"alignnone wp-image-199 size-thumbnail\" src=\"https:\/\/bsinternational.co.uk\/wp-content\/uploads\/2014\/06\/Union-Jack-Gift-Box-150x150.jpg\" alt=\"[cml_media_alt id='199']Union Jack Gift Box[\/cml_media_alt]\" width=\"150\" height=\"150\" srcset=\"https:\/\/bsinternational.co.uk\/wp-content\/uploads\/2014\/06\/Union-Jack-Gift-Box-45x45.jpg 45w, https:\/\/bsinternational.co.uk\/wp-content\/uploads\/2014\/06\/Union-Jack-Gift-Box-150x150.jpg 150w, https:\/\/bsinternational.co.uk\/wp-content\/uploads\/2014\/06\/Union-Jack-Gift-Box-230x230.jpg 230w, https:\/\/bsinternational.co.uk\/wp-content\/uploads\/2014\/06\/Union-Jack-Gift-Box-300x300.jpg 300w, https:\/\/bsinternational.co.uk\/wp-content\/uploads\/2014\/06\/Union-Jack-Gift-Box.jpg 500w\" sizes=\"(max-width: 150px) 100vw, 150px\" \/><\/a><\/p>\n<p>En el <span style=\"background-color: #ffffff;\"> &#8220;Service Package&#8221;<\/span> se incluye:<\/p>\n<ol>\n<li>Examen de acceso British o Cambridge seg\u00fan elecci\u00f3n.<\/li>\n<li>M\u00f3dulo autom\u00e1tico para el An\u00e1lisis de las Competencias Objetivo del Usuario (Privado \/ Empresa)<\/li>\n<li>M\u00f3dulo autom\u00e1tico para la composici\u00f3n de la clase y para la realizaci\u00f3n del Training Plan<\/li>\n<li>Elaboraci\u00f3n del Contrato por Proyectos y\/o del Contrato de Prestaci\u00f3n de Servicios para Profesores Aut\u00f3nomos (Partita Iva) y del Contrato de suministro para profesores titulares de empresa<\/li>\n<li>Funciones organizativas<\/li>\n<li>M\u00f3dulo de Feedback progresivo para la comprobaci\u00f3n del grado de satisfacci\u00f3n de cada estudiante, de la clase, as\u00ed como de toda la poblaci\u00f3n interesada en un Training Plan<\/li>\n<li>Posibilidad de introducir las presencias y las ausencias en el m\u00f3dulo online (exportable en excel) que se enlaza con el resto de los informes.<\/li>\n<li>Examen final British o Cambridge, Cambridge EPT<\/li>\n<li>Informe gr\u00e1fico de radar en el que se indican (ejem.  Socializar, Presentar, Gestionar una Reuni\u00f3n, Escribir, etc.) la capacidad inicial  del usuario, el objetivo que se desea alcanzar a largo plazo y el objetivo conseguido durante el ciclo.<\/li>\n<li>Informe de matriz donde se indican de forma anal\u00edtica los niveles de competencia inicial, final y el objetivo con la descripci\u00f3n del Training Plan realizado y los factores de prestaci\u00f3n del usuario<\/li>\n<li>Certificado final del Consejo de Europa<\/li>\n<li>Diferentes funcionalidades para el control de la gesti\u00f3n <\/li>\n<li>Licencias para Cursos online de General English<\/li>\n<li>Licencias para Cursos E-Learning de Business English<\/li>\n<li>Licencias para Cursos Telef\u00f3nicos <\/li>\n<li>Licencias para Cursos en Formaci\u00f3n a Distancia Asistida<\/li>\n<li>Licencias para Soluciones Blended N.R.M. <span style=\"background-color: #ffffff;\">\u00a9<\/span><\/li>\n<li>18. Acceso al Laboratorio Ling\u00fc\u00edstico Virtual (My Lab\u00a0<span style=\"background-color: #ffffff;\">\u00a9) para todos los cursos<\/span><\/li>\n<\/ol>\n<p>&nbsp;<\/p>\n<p>Todo ello a un valor per c\u00e1pita <strong>extremamente competitivo<\/strong> por cada uno de los usuarios en gesti\u00f3n.<\/p>\n<p><a href=\"https:\/\/bsinternational.co.uk\/wp-content\/uploads\/2014\/06\/hands2.jpg\"><img loading=\"lazy\" decoding=\"async\" class=\"alignnone size-full wp-image-200\" src=\"https:\/\/bsinternational.co.uk\/wp-content\/uploads\/2014\/06\/hands2.jpg\" alt=\"[cml_media_alt id='200']hands2[\/cml_media_alt]\" width=\"450\" height=\"450\" srcset=\"https:\/\/bsinternational.co.uk\/wp-content\/uploads\/2014\/06\/hands2-45x45.jpg 45w, https:\/\/bsinternational.co.uk\/wp-content\/uploads\/2014\/06\/hands2-150x150.jpg 150w, https:\/\/bsinternational.co.uk\/wp-content\/uploads\/2014\/06\/hands2-230x230.jpg 230w, https:\/\/bsinternational.co.uk\/wp-content\/uploads\/2014\/06\/hands2-300x300.jpg 300w, https:\/\/bsinternational.co.uk\/wp-content\/uploads\/2014\/06\/hands2.jpg 450w\" sizes=\"(max-width: 450px) 100vw, 450px\" \/><\/a><\/p>\n<p>De esta forma se ahorra tiempo y trabajo, incrementando la eficiencia en la organizaci\u00f3n y, adem\u00e1s la oferta formativa que se ofrece a los usuarios es completa y m\u00e1s competitiva respecto a lo que hoy en d\u00eda ofrece el mercado, accediendo as\u00ed a nuevos mercados e incrementando los actuales segmentos de actuaci\u00f3n.<\/p>\n","protected":false},"excerpt":{"rendered":"<p>British School International \u00a9 ofrece a las Escuelas y a las Universidades toda una serie de interesantes servicios, lo que permite garantizar a los usuarios una oferta completa, a 360\u00b0, ya sea en el \u00e1mbito B2C, ya sea en el \u00e1mbito B2B, mejorando la eficiencia interna y, por lo tanto, la competitividad. &#8220;Service Package&#8221; En [&hellip;]<\/p>\n","protected":false},"author":2,"featured_media":0,"parent":0,"menu_order":0,"comment_status":"open","ping_status":"open","template":"","meta":{"footnotes":""},"class_list":["post-463","page","type-page","status-publish","hentry"],"_links":{"self":[{"href":"https:\/\/bsinternational.co.uk\/es\/wp-json\/wp\/v2\/pages\/463\/"}],"collection":[{"href":"https:\/\/bsinternational.co.uk\/es\/wp-json\/wp\/v2\/pages\/"}],"about":[{"href":"https:\/\/bsinternational.co.uk\/es\/wp-json\/wp\/v2\/types\/page\/"}],"author":[{"embeddable":true,"href":"https:\/\/bsinternational.co.uk\/es\/wp-json\/wp\/v2\/users\/2\/"}],"replies":[{"embeddable":true,"href":"https:\/\/bsinternational.co.uk\/es\/wp-json\/wp\/v2\/comments\/?post=463"}],"version-history":[{"count":1,"href":"https:\/\/bsinternational.co.uk\/es\/wp-json\/wp\/v2\/pages\/463\/revisions\/"}],"predecessor-version":[{"id":465,"href":"https:\/\/bsinternational.co.uk\/es\/wp-json\/wp\/v2\/pages\/463\/revisions\/465\/"}],"wp:attachment":[{"href":"https:\/\/bsinternational.co.uk\/es\/wp-json\/wp\/v2\/media\/?parent=463"}],"curies":[{"name":"wp","href":"https:\/\/api.w.org\/{rel}","templated":true}]}}