{"id":460,"date":"2015-04-27T18:38:25","date_gmt":"2015-04-27T16:38:25","guid":{"rendered":"https:\/\/bsinternational.co.uk\/en\/?page_id=460"},"modified":"2015-09-05T09:49:09","modified_gmt":"2015-09-05T07:49:09","slug":"cambridge-exams-y-certificaciones-internacionales","status":"publish","type":"page","link":"https:\/\/bsinternational.co.uk\/es\/cambridge-exams-y-certificaciones-internacionales\/","title":{"rendered":"Cambridge Exams y Certificaciones Internacionales"},"content":{"rendered":"<p>British School International \u00a9, gracias a sus cursos especializados, tanto en el aula presencial como en modalidad blended learning,\u00a0ofrece soluciones Cambridge como:<\/p>\n<ul>\n<li><b>KET<\/b> (<a style=\"color: #0b0080;\" title=\"Key English Test\" href=\"https:\/\/it.wikipedia.org\/wiki\/Key_English_Test\">Key English Test<\/a>): nivel elemental (A2 seg\u00fan el <a style=\"color: #0b0080;\" title=\"Quadro comune europeo di riferimento per la conoscenza delle lingue\" href=\"https:\/\/it.wikipedia.org\/wiki\/Quadro_comune_europeo_di_riferimento_per_la_conoscenza_delle_lingue\">QCER<\/a>)<\/li>\n<li><b>PET<\/b> (<a style=\"color: #0b0080;\" title=\"Preliminary English Test\" href=\"https:\/\/it.wikipedia.org\/wiki\/Preliminary_English_Test\">Preliminary English Test<\/a>): nivel intermedio (B1 seg\u00fan el <a style=\"color: #0b0080;\" title=\"Quadro comune europeo di riferimento per la conoscenza delle lingue\" href=\"https:\/\/it.wikipedia.org\/wiki\/Quadro_comune_europeo_di_riferimento_per_la_conoscenza_delle_lingue\">QCER<\/a>)<\/li>\n<li><b>FCE<\/b> (<a style=\"color: #0b0080;\" title=\"First Certificate in English\" href=\"https:\/\/it.wikipedia.org\/wiki\/First_Certificate_in_English\">First Certificate in English<\/a>): nivel intermedio superior (B2 seg\u00fan el <a style=\"color: #0b0080;\" title=\"Quadro comune europeo di riferimento per la conoscenza delle lingue\" href=\"https:\/\/it.wikipedia.org\/wiki\/Quadro_comune_europeo_di_riferimento_per_la_conoscenza_delle_lingue\">QCER<\/a>)<\/li>\n<li><b>CAE<\/b> (<a style=\"color: #0b0080;\" title=\"Certificate in Advanced English\" href=\"https:\/\/it.wikipedia.org\/wiki\/Certificate_in_Advanced_English\">Certificate in Advanced English<\/a>): nivel avanzado (C1 seg\u00fan el <a style=\"color: #0b0080;\" title=\"Quadro comune europeo di riferimento per la conoscenza delle lingue\" href=\"https:\/\/it.wikipedia.org\/wiki\/Quadro_comune_europeo_di_riferimento_per_la_conoscenza_delle_lingue\">QCER<\/a>)<\/li>\n<li><b>CPE<\/b> (<a style=\"color: #0b0080;\" title=\"Certificate of Proficiency in English\" href=\"https:\/\/it.wikipedia.org\/wiki\/Certificate_of_Proficiency_in_English\">Certificate of Proficiency in English<\/a>): nivel excelente (C2 seg\u00fan el <a style=\"color: #0b0080;\" title=\"Quadro comune europeo di riferimento per la conoscenza delle lingue\" href=\"https:\/\/it.wikipedia.org\/wiki\/Quadro_comune_europeo_di_riferimento_per_la_conoscenza_delle_lingue\">QCER<\/a>) Ingl\u00e9s para ni\u00f1os en edad escolar<\/li>\n<li><b>KET for Schools<\/b> (Key English Test para colegios)<\/li>\n<li><b>PET for Schools<\/b> (Preliminary English Test para colegios)<\/li>\n<li><b>FCE for Schools<\/b> (First Certificate in English para colegios)<br \/>\n<h3 style=\"font-weight: bold; color: black;\"><\/h3>\n<\/li>\n<\/ul>\n<h3><\/h3>\n<h3><span id=\"Inglese_commerciale\" class=\"mw-headline\">Ingl\u00e9s comercial<\/span><\/h3>\n<ul>\n<li><b>BEC<\/b> (Business English Certificate): consta de tres niveles:\n<ul>\n<li><i>Preliminary<\/i>, nivel intermedio (B1 seg\u00fan el <a style=\"color: #0b0080;\" title=\"Quadro comune europeo di riferimento per la conoscenza delle lingue\" href=\"https:\/\/it.wikipedia.org\/wiki\/Quadro_comune_europeo_di_riferimento_per_la_conoscenza_delle_lingue\">QCER<\/a>)<\/li>\n<li><i>Vantage<\/i>, nivel intermedio superior (B2 seg\u00fan el <a style=\"color: #0b0080;\" title=\"Quadro comune europeo di riferimento per la conoscenza delle lingue\" href=\"https:\/\/it.wikipedia.org\/wiki\/Quadro_comune_europeo_di_riferimento_per_la_conoscenza_delle_lingue\">QCER<\/a>)<\/li>\n<li><i>Higher<\/i>, nivel avanzado (C1 seg\u00fan el <a style=\"color: #0b0080;\" title=\"Quadro comune europeo di riferimento per la conoscenza delle lingue\" href=\"https:\/\/it.wikipedia.org\/wiki\/Quadro_comune_europeo_di_riferimento_per_la_conoscenza_delle_lingue\">QCER<\/a>)<\/li>\n<\/ul>\n<\/li>\n<li><b>BULATS<\/b> (<a style=\"color: #0b0080;\" title=\"Business Language Testing Service\" href=\"https:\/\/it.wikipedia.org\/wiki\/Business_Language_Testing_Service\">Business Language Testing Service<\/a>): servicio de evaluaci\u00f3n multi-lengua, disponible para <a style=\"color: #0b0080;\" title=\"Lingua inglese\" href=\"https:\/\/it.wikipedia.org\/wiki\/Lingua_inglese\">ingl\u00e9s<\/a>, <a style=\"color: #0b0080;\" title=\"Lingua francese\" href=\"https:\/\/it.wikipedia.org\/wiki\/Lingua_francese\">franc\u00e9s<\/a>, <a style=\"color: #0b0080;\" title=\"Lingua tedesca\" href=\"https:\/\/it.wikipedia.org\/wiki\/Lingua_tedesca\">talem\u00e1n<\/a> e <a style=\"color: #0b0080;\" title=\"Lingua spagnola\" href=\"https:\/\/it.wikipedia.org\/wiki\/Lingua_spagnola\">sespa\u00f1ol<\/a>.<\/li>\n<\/ul>\n<p>&nbsp;<\/p>\n<p><strong>Ingl\u00e9s financiero<\/strong><\/p>\n<ul>\n<li><b>ICFE<\/b> (International Certificate in Financial English) examen de nivel elevado sobre conocimientos del ingl\u00e9s financiero, que corresponde a los niveles FCE y CAE del ingl\u00e9s general (B2 y C1 seg\u00fan el <a style=\"color: #0b0080;\" title=\"Quadro comune europeo di riferimento per la conoscenza delle lingue\" href=\"https:\/\/it.wikipedia.org\/wiki\/Quadro_comune_europeo_di_riferimento_per_la_conoscenza_delle_lingue\">QCER<\/a>)<\/li>\n<\/ul>\n<h3><\/h3>\n<h3><span id=\"Inglese_legale\" class=\"mw-headline\">Ingl\u00e9s legal<\/span><\/h3>\n<ul>\n<li><b><a style=\"color: #0b0080;\" title=\"International Legal English Certificate\" href=\"https:\/\/it.wikipedia.org\/wiki\/International_Legal_English_Certificate\">ILEC<\/a><\/b> (International Legal English Certificate): examen de nivel elevado sobre conocimientos del ingl\u00e9s jur\u00eddico, que corresponde a los niveles FCE y CAE del ingl\u00e9s general (B2 y C1 seg\u00fan el <a style=\"color: #0b0080;\" title=\"Quadro comune europeo di riferimento per la conoscenza delle lingue\" href=\"https:\/\/it.wikipedia.org\/wiki\/Quadro_comune_europeo_di_riferimento_per_la_conoscenza_delle_lingue\">QCER<\/a>)<\/li>\n<\/ul>\n<h3><\/h3>\n<h3><span id=\"Inglese_accademico\" class=\"mw-headline\">Ingl\u00e9s acad\u00e9mico<\/span><\/h3>\n<ul>\n<li><b><a style=\"color: #0b0080;\" title=\"IELTS\" href=\"https:\/\/it.wikipedia.org\/wiki\/IELTS\">IELTS<\/a><\/b> (International English Language Testing System): examen realizado con la colaboraci\u00f3n internacional entre <a style=\"color: #0b0080;\" title=\"British Council\" href=\"https:\/\/it.wikipedia.org\/wiki\/British_Council\">British Council<\/a>, Cambridge ESOL, e <a class=\"new\" style=\"color: #a55858;\" title=\"IDP Education (la pagina non esiste)\" href=\"https:\/\/it.wikipedia.org\/w\/index.php?title=IDP_Education&amp;action=edit&amp;redlink=1\">IDP Education<\/a>, ofrecido en m\u00e1s de 400 centros en 150 pa\u00edses.<\/li>\n<\/ul>\n<h3><\/h3>\n<h3><span id=\"Young_Learners.27_English\" class=\"mw-headline\">Young Learners&#8217; English<\/span><\/h3>\n<ul>\n<li><b>YLE<\/b> (<a class=\"new\" style=\"color: #a55858;\" title=\"Cambridge Young Learners' English Tests (la pagina non esiste)\" href=\"https:\/\/it.wikipedia.org\/w\/index.php?title=Cambridge_Young_Learners%27_English_Tests&amp;action=edit&amp;redlink=1\">Cambridge Young Learners&#8217; English Tests<\/a>): examen de ingl\u00e9s para ni\u00f1os de 7 a 12 a\u00f1os.<\/li>\n<\/ul>\n<p>&nbsp;<\/p>\n<p><strong>Adem\u00e1s, BSI opera en el mundo TOEFL \u00ae IBT (Internet Based Test):<\/strong><\/p>\n<p>El examen <strong>TOEFL \u00ae IBT <\/strong>se divide en cuatro partes con el fin de comprobar las competencias ling\u00fc\u00edsticas de comprensi\u00f3n y producci\u00f3n tanto escrita como oral, con una breve pausa durante el examen entre la sesi\u00f3n de comprensi\u00f3n y la de producci\u00f3n.<\/p>\n<h3 style=\"font-weight: bold; color: black;\"><span id=\"Sezione_di_comprensione\" class=\"mw-headline\">Sesi\u00f3n de comprensi\u00f3n<\/span><\/h3>\n<ol>\n<li>Reading (comprensi\u00f3n escrita)<\/li>\n<li><strong>Listening (comprensi\u00f3n oral)<\/strong><\/li>\n<\/ol>\n<h3 style=\"font-weight: bold; color: black;\"><span id=\"Sezione_di_produzione\" class=\"mw-headline\">Sesi\u00f3n de producci\u00f3n<\/span><\/h3>\n<ol>\n<li>Speaking (producci\u00f3n oral)<\/li>\n<li><strong>Writing (producci\u00f3n escrita)<\/strong><\/li>\n<\/ol>\n","protected":false},"excerpt":{"rendered":"<p>British School International \u00a9, gracias a sus cursos especializados, tanto en el aula presencial como en modalidad blended learning,\u00a0ofrece soluciones Cambridge como: KET (Key English Test): nivel elemental (A2 seg\u00fan el QCER) PET (Preliminary English Test): nivel intermedio (B1 seg\u00fan el QCER) FCE (First Certificate in English): nivel intermedio superior (B2 seg\u00fan el QCER) CAE [&hellip;]<\/p>\n","protected":false},"author":2,"featured_media":0,"parent":0,"menu_order":0,"comment_status":"open","ping_status":"open","template":"","meta":{"footnotes":""},"class_list":["post-460","page","type-page","status-publish","hentry"],"_links":{"self":[{"href":"https:\/\/bsinternational.co.uk\/es\/wp-json\/wp\/v2\/pages\/460\/"}],"collection":[{"href":"https:\/\/bsinternational.co.uk\/es\/wp-json\/wp\/v2\/pages\/"}],"about":[{"href":"https:\/\/bsinternational.co.uk\/es\/wp-json\/wp\/v2\/types\/page\/"}],"author":[{"embeddable":true,"href":"https:\/\/bsinternational.co.uk\/es\/wp-json\/wp\/v2\/users\/2\/"}],"replies":[{"embeddable":true,"href":"https:\/\/bsinternational.co.uk\/es\/wp-json\/wp\/v2\/comments\/?post=460"}],"version-history":[{"count":1,"href":"https:\/\/bsinternational.co.uk\/es\/wp-json\/wp\/v2\/pages\/460\/revisions\/"}],"predecessor-version":[{"id":461,"href":"https:\/\/bsinternational.co.uk\/es\/wp-json\/wp\/v2\/pages\/460\/revisions\/461\/"}],"wp:attachment":[{"href":"https:\/\/bsinternational.co.uk\/es\/wp-json\/wp\/v2\/media\/?parent=460"}],"curies":[{"name":"wp","href":"https:\/\/api.w.org\/{rel}","templated":true}]}}