{"id":457,"date":"2015-04-27T18:13:27","date_gmt":"2015-04-27T16:13:27","guid":{"rendered":"https:\/\/bsinternational.co.uk\/en\/?page_id=457"},"modified":"2015-09-07T18:24:55","modified_gmt":"2015-09-07T16:24:55","slug":"cursos-para-ninos-y-adolescentes","status":"publish","type":"page","link":"https:\/\/bsinternational.co.uk\/es\/cursos-para-ninos-y-adolescentes\/","title":{"rendered":"Cursos para ni\u00f1os y Adolescentes"},"content":{"rendered":"<p><img loading=\"lazy\" decoding=\"async\" class=\"alignright wp-image-124 size-medium\" src=\"https:\/\/bsinternational.co.uk\/wp-content\/uploads\/2014\/06\/kids-graduated3-300x175.gif\" alt=\"[cml_media_alt id='124']kids graduated3[\/cml_media_alt]\" width=\"300\" height=\"175\" \/>Los ni\u00f1os y los adolescentes encuentran en British School International un importante punto de referencia en su formaci\u00f3n ling\u00fc\u00edstica.<br \/>\nAdem\u00e1s de los cursos presenciales, individuales o en peque\u00f1os grupos, estructurados en modo interactivo y divertido, basados en el aprendizaje de la lengua inglesa a trav\u00e9s de audios e im\u00e1genes con un constante uso de las formas gramaticales, nuestros peque\u00f1os usuarios tienen la posibilidad de perfeccionar sus conocimientos mediante actividades online y concluir el a\u00f1o con los ex\u00e1menes de la Universidad de Cambridge:<\/p>\n<ul>\n<li>YOUNG LEARNERS : STARTERS \u2013 MOVERS \u2013 FLYERS;<\/li>\n<li>KET<\/li>\n<li>PET<\/li>\n<li>FCE<\/li>\n<li>CAE<\/li>\n<li>IELTS<\/li>\n<\/ul>\n<p>y el examen TOEFL.<\/p>\n<p>Los profesores est\u00e1n preparados pedag\u00f3gicamente seg\u00fan las diferentes edades de los estudiantes.<\/p>\n","protected":false},"excerpt":{"rendered":"<p>Los ni\u00f1os y los adolescentes encuentran en British School International un importante punto de referencia en su formaci\u00f3n ling\u00fc\u00edstica. Adem\u00e1s de los cursos presenciales, individuales o en peque\u00f1os grupos, estructurados en modo interactivo y divertido, basados en el aprendizaje de la lengua inglesa a trav\u00e9s de audios e im\u00e1genes con un constante uso de las [&hellip;]<\/p>\n","protected":false},"author":2,"featured_media":0,"parent":0,"menu_order":0,"comment_status":"open","ping_status":"open","template":"","meta":{"footnotes":""},"class_list":["post-457","page","type-page","status-publish","hentry"],"_links":{"self":[{"href":"https:\/\/bsinternational.co.uk\/es\/wp-json\/wp\/v2\/pages\/457\/"}],"collection":[{"href":"https:\/\/bsinternational.co.uk\/es\/wp-json\/wp\/v2\/pages\/"}],"about":[{"href":"https:\/\/bsinternational.co.uk\/es\/wp-json\/wp\/v2\/types\/page\/"}],"author":[{"embeddable":true,"href":"https:\/\/bsinternational.co.uk\/es\/wp-json\/wp\/v2\/users\/2\/"}],"replies":[{"embeddable":true,"href":"https:\/\/bsinternational.co.uk\/es\/wp-json\/wp\/v2\/comments\/?post=457"}],"version-history":[{"count":3,"href":"https:\/\/bsinternational.co.uk\/es\/wp-json\/wp\/v2\/pages\/457\/revisions\/"}],"predecessor-version":[{"id":949,"href":"https:\/\/bsinternational.co.uk\/es\/wp-json\/wp\/v2\/pages\/457\/revisions\/949\/"}],"wp:attachment":[{"href":"https:\/\/bsinternational.co.uk\/es\/wp-json\/wp\/v2\/media\/?parent=457"}],"curies":[{"name":"wp","href":"https:\/\/api.w.org\/{rel}","templated":true}]}}