{"id":454,"date":"2015-04-26T23:14:30","date_gmt":"2015-04-26T21:14:30","guid":{"rendered":"https:\/\/bsinternational.co.uk\/en\/?page_id=454"},"modified":"2015-09-04T21:14:23","modified_gmt":"2015-09-04T19:14:23","slug":"los-profesores-y-las-lenguas","status":"publish","type":"page","link":"https:\/\/bsinternational.co.uk\/es\/los-profesores-y-las-lenguas\/","title":{"rendered":"Los profesores y las Lenguas"},"content":{"rendered":"<p><a href=\"https:\/\/bsinternational.co.uk\/wp-content\/uploads\/2014\/06\/docenti.jpg\"><img loading=\"lazy\" decoding=\"async\" class=\"alignnone size-full wp-image-191\" src=\"https:\/\/bsinternational.co.uk\/wp-content\/uploads\/2014\/06\/docenti.jpg\" alt=\"[cml_media_alt id='191']docenti[\/cml_media_alt]\" width=\"600\" height=\"399\" srcset=\"https:\/\/bsinternational.co.uk\/wp-content\/uploads\/2014\/06\/docenti-300x199.jpg 300w, https:\/\/bsinternational.co.uk\/wp-content\/uploads\/2014\/06\/docenti.jpg 600w\" sizes=\"(max-width: 600px) 100vw, 600px\" \/><\/a><\/p>\n<p>&nbsp;<\/p>\n<p>Los <strong>profesores British School International son el principal punto de fuerza de nuestra organizaci\u00f3n:<\/strong><\/p>\n<p>Estos son sus requisitos:<\/p>\n<ul>\n<li>Nativo<\/li>\n<li>Licenciatura<\/li>\n<li>Habilitaci\u00f3n Internacional<\/li>\n<li>Experiencia plurienal en la ense\u00f1anza de la Lengua Inglesa a Adultos, a Ni\u00f1os o en el sector Business<\/li>\n<li>Residencia fija en la zona en la zona de ense\u00f1anza<\/li>\n<li>Capacidad de gesti\u00f3n de la clase <\/li>\n<li>Psicolog\u00eda<\/li>\n<li>Capacidad de motivar la Clase<\/li>\n<li>Capacidad de hacer las clases interactivas y divertidas<\/li>\n<li>Capacidad de focalizar los puntos fuertes  y los aspectos m\u00e1s d\u00e9biles de los estudiantes, haci\u00e9ndoles tomar conciencia de ello y a la vez moderar la comunicaci\u00f3n<\/li>\n<li>Capacidad de transmitir las informaciones de forma lineal y agradable<\/li>\n<\/ul>\n<p><a href=\"https:\/\/bsinternational.co.uk\/wp-content\/uploads\/2014\/06\/meetings.jpg\"><img loading=\"lazy\" decoding=\"async\" class=\"alignnone size-full wp-image-192\" src=\"https:\/\/bsinternational.co.uk\/wp-content\/uploads\/2014\/06\/meetings.jpg\" alt=\"[cml_media_alt id='192']meetings[\/cml_media_alt]\" width=\"275\" height=\"183\" \/><\/a><\/p>\n<p>Todos los profesores en fase de admisi\u00f3n se someten a una prueba de selecci\u00f3n y realizan cursos de actualizaci\u00f3n.<\/p>\n","protected":false},"excerpt":{"rendered":"<p>&nbsp; Los profesores British School International son el principal punto de fuerza de nuestra organizaci\u00f3n: Estos son sus requisitos: Nativo Licenciatura Habilitaci\u00f3n Internacional Experiencia plurienal en la ense\u00f1anza de la Lengua Inglesa a Adultos, a Ni\u00f1os o en el sector Business Residencia fija en la zona en la zona de ense\u00f1anza Capacidad de gesti\u00f3n de [&hellip;]<\/p>\n","protected":false},"author":2,"featured_media":0,"parent":0,"menu_order":0,"comment_status":"open","ping_status":"open","template":"","meta":{"footnotes":""},"class_list":["post-454","page","type-page","status-publish","hentry"],"_links":{"self":[{"href":"https:\/\/bsinternational.co.uk\/es\/wp-json\/wp\/v2\/pages\/454\/"}],"collection":[{"href":"https:\/\/bsinternational.co.uk\/es\/wp-json\/wp\/v2\/pages\/"}],"about":[{"href":"https:\/\/bsinternational.co.uk\/es\/wp-json\/wp\/v2\/types\/page\/"}],"author":[{"embeddable":true,"href":"https:\/\/bsinternational.co.uk\/es\/wp-json\/wp\/v2\/users\/2\/"}],"replies":[{"embeddable":true,"href":"https:\/\/bsinternational.co.uk\/es\/wp-json\/wp\/v2\/comments\/?post=454"}],"version-history":[{"count":1,"href":"https:\/\/bsinternational.co.uk\/es\/wp-json\/wp\/v2\/pages\/454\/revisions\/"}],"predecessor-version":[{"id":456,"href":"https:\/\/bsinternational.co.uk\/es\/wp-json\/wp\/v2\/pages\/454\/revisions\/456\/"}],"wp:attachment":[{"href":"https:\/\/bsinternational.co.uk\/es\/wp-json\/wp\/v2\/media\/?parent=454"}],"curies":[{"name":"wp","href":"https:\/\/api.w.org\/{rel}","templated":true}]}}