{"id":451,"date":"2015-04-26T23:02:28","date_gmt":"2015-04-26T21:02:28","guid":{"rendered":"https:\/\/bsinternational.co.uk\/en\/?page_id=451"},"modified":"2015-09-07T17:45:14","modified_gmt":"2015-09-07T15:45:14","slug":"perfil-de-la-empresa","status":"publish","type":"page","link":"https:\/\/bsinternational.co.uk\/es\/perfil-de-la-empresa\/","title":{"rendered":"Perfil de la empresa"},"content":{"rendered":"<p>British School International Ltd \u00a9 es desde hace a\u00f1os el punto de referencia mundial en la Did\u00e1ctica y la Metodolog\u00eda de la Lengua Inglesa.<\/p>\n<p>La gran experiencia tecnol\u00f3gica acumulada durante los \u00faltimos a\u00f1os hace posible que los estudiantes de BSI puedan comunicar en Lengua Inglesa de forma sencilla y natural en un breve plazo de tiempo.<\/p>\n<p>BSI ha solucionado los problemas de falta de tiempo y las necesidades de desplazamiento de los estudiantes gracias a la combinaci\u00f3n de cursos de estudio en Aula presencial\u00a0con las tecnolog\u00edas m\u00e1s avanzadas:<\/p>\n<ul>\n<li>formaci\u00f3n a distancia asistida directamente por un profesor, que comprueba y corrige manualmente el trabajo realizado por el estudiante<\/li>\n<li>formaci\u00f3n telef\u00f3nica con la posibilidad de contactar con el estudiante tanto a un n\u00famero fijo como a un n\u00famero de tel\u00e9fono m\u00f3vil<\/li>\n<li>formaci\u00f3n individual en aula virtual sobre temas elegidos por el estudiante<\/li>\n<li>formaci\u00f3n en aula virtual en micro-grupos<\/li>\n<li>programas en e-learning de general english<\/li>\n<li>programas en e-learning de business english<\/li>\n<li>programas en e-learning de technical english<\/li>\n<\/ul>\n<p>&nbsp;<\/p>\n<p><img loading=\"lazy\" decoding=\"async\" class=\" wp-image-99 size-medium alignright\" src=\"https:\/\/bsinternational.co.uk\/wp-content\/uploads\/2014\/06\/cele-mai-bune-tablete-sub-1-000-ron-acum-pe-piata-galerie-foto_5-300x191.jpg\" alt=\"[cml_media_alt id='99']cele-mai-bune-tablete-sub-1-000-ron-acum-pe-piata-galerie-foto_5[\/cml_media_alt]\" width=\"300\" height=\"191\" srcset=\"https:\/\/bsinternational.co.uk\/wp-content\/uploads\/2014\/06\/cele-mai-bune-tablete-sub-1-000-ron-acum-pe-piata-galerie-foto_5-300x191.jpg 300w, https:\/\/bsinternational.co.uk\/wp-content\/uploads\/2014\/06\/cele-mai-bune-tablete-sub-1-000-ron-acum-pe-piata-galerie-foto_5.jpg 652w\" sizes=\"(max-width: 300px) 100vw, 300px\" \/><\/p>\n<p>Las soluciones en el Aula presencial \u2013 Blended Learning y E-Learning \u2013 permiten a British School International \u00a9 adaptarse a las exigencia de sus propios usuarios y gracias al innovador m\u00e9todo N.R.M. \u00a9 (Natural Rapid Method) motivar a sus estudiantes mediante actividades interactivas y divertidas, siempre relacionadas a diferentes contextos, consiguiendo que el estudiante asimile el l\u00e9xico y las estructuras de la lengua inglesa mediante audios e im\u00e1genes.<\/p>\n<p>De esta forma el aprendizaje se realiza de forma natural y la gram\u00e1tica, instrumento importante aunque no el fin de la acci\u00f3n formativa, est\u00e1 dirigida a llevar al Estudiante a pensar directamente en Ingl\u00e9s en breve tiempo, sin utilizar su propia lengua madre.<\/p>\n<p>&nbsp;<\/p>\n<p>Los Profesores British School International \u00a9 han sido seleccionado teniendo en cuenta su experiencia plurienal en la ense\u00f1anza de la lengua inglesa, en empresas o dando clases particulares, con una espec\u00edfica diferenciaci\u00f3n entre la ense\u00f1anza a adultos y a ni\u00f1os, pero sobre todo en base a la capacidad de adoptar y utilizar eficazmente el m\u00e9todo\u00a0N.R.M. \u00a9. Adem\u00e1s de criterios curriculares precisos (Licenciatura y habilitaci\u00f3n a la ense\u00f1anza de la lengua inglesa a extranjeros), todos los profesores deben realizar severas pruebas de selecci\u00f3n.<\/p>\n","protected":false},"excerpt":{"rendered":"<p>British School International Ltd \u00a9 es desde hace a\u00f1os el punto de referencia mundial en la Did\u00e1ctica y la Metodolog\u00eda de la Lengua Inglesa. La gran experiencia tecnol\u00f3gica acumulada durante los \u00faltimos a\u00f1os hace posible que los estudiantes de BSI puedan comunicar en Lengua Inglesa de forma sencilla y natural en un breve plazo de [&hellip;]<\/p>\n","protected":false},"author":2,"featured_media":0,"parent":0,"menu_order":0,"comment_status":"open","ping_status":"open","template":"","meta":{"footnotes":""},"class_list":["post-451","page","type-page","status-publish","hentry"],"_links":{"self":[{"href":"https:\/\/bsinternational.co.uk\/es\/wp-json\/wp\/v2\/pages\/451\/"}],"collection":[{"href":"https:\/\/bsinternational.co.uk\/es\/wp-json\/wp\/v2\/pages\/"}],"about":[{"href":"https:\/\/bsinternational.co.uk\/es\/wp-json\/wp\/v2\/types\/page\/"}],"author":[{"embeddable":true,"href":"https:\/\/bsinternational.co.uk\/es\/wp-json\/wp\/v2\/users\/2\/"}],"replies":[{"embeddable":true,"href":"https:\/\/bsinternational.co.uk\/es\/wp-json\/wp\/v2\/comments\/?post=451"}],"version-history":[{"count":4,"href":"https:\/\/bsinternational.co.uk\/es\/wp-json\/wp\/v2\/pages\/451\/revisions\/"}],"predecessor-version":[{"id":922,"href":"https:\/\/bsinternational.co.uk\/es\/wp-json\/wp\/v2\/pages\/451\/revisions\/922\/"}],"wp:attachment":[{"href":"https:\/\/bsinternational.co.uk\/es\/wp-json\/wp\/v2\/media\/?parent=451"}],"curies":[{"name":"wp","href":"https:\/\/api.w.org\/{rel}","templated":true}]}}