{"id":448,"date":"2015-04-26T22:49:33","date_gmt":"2015-04-26T20:49:33","guid":{"rendered":"https:\/\/bsinternational.co.uk\/en\/?page_id=448"},"modified":"2015-09-07T13:09:30","modified_gmt":"2015-09-07T11:09:30","slug":"conviertete-en-un-centro-british-school-int","status":"publish","type":"page","link":"https:\/\/bsinternational.co.uk\/es\/conviertete-en-un-centro-british-school-int\/","title":{"rendered":"Convi\u00e9rtete en un Centro British School Int."},"content":{"rendered":"<div class=\"fusion-one-half fusion-layout-column fusion-spacing-yes\" style=\"margin-top:0px;margin-bottom:20px;\"><div class=\"fusion-column-wrapper\"><p>Convi\u00e9rtete en un Centro British School International \u00a9: dispondr\u00e1s del paquete completo de Servicios y Recursos y ver\u00e1s aumentar r\u00e1pidamente tus cuotas de mercado y facturado.<\/p>\n<div class=\"fusion-clearfix\"><\/div><\/div><\/div><div class=\"fusion-one-half fusion-layout-column fusion-column-last fusion-spacing-yes\" style=\"margin-top:0px;margin-bottom:20px;\"><div class=\"fusion-column-wrapper\"><span class=\"fusion-imageframe imageframe-none imageframe-1 hover-type-none\"> <img decoding=\"async\" alt=\"\" src=\"https:\/\/bsinternational.co.uk\/wp-content\/uploads\/2015\/07\/logo1.png\" class=\"img-responsive\"width=\"233\" height=\"94\"\/><\/span><div class=\"fusion-clearfix\"><\/div><\/div><\/div><div class=\"fusion-clearfix\"><\/div><div class=\"fusion-one-full fusion-layout-column fusion-column-last fusion-spacing-yes\" style=\"margin-top:0px;margin-bottom:20px;\"><div class=\"fusion-column-wrapper\"><p><strong>&#8220;Service Brand&#8221;<\/strong><br \/>\nEn el <span style=\"background-color: #ffffff;\"> &#8220;Service Brand&#8221;<\/span> se incluye:<\/p>\n<ol>\n<li>Uso de la Marca British School International \u00a9<\/li>\n<li>2. Ex\u00e1menes para la Certificaci\u00f3n Internacional, tanto presencial como en modalidad blended (ex\u00e1menes online con supervisi\u00f3n presencial) reconocido por el Ministerio de Educaci\u00f3n<\/li>\n<li>Creaci\u00f3n del material publicitario (Cartel Adultos \u2013 Ni\u00f1os \u2013 Individuales ) \u2013 Layout Folder \u2013 Material de Comunicaci\u00f3n\u2013 Folletos<\/li>\n<li>Ex\u00e1menes de acceso British Cambridge, seg\u00fan elecci\u00f3n<\/li>\n<li>M\u00f3dulo autom\u00e1tico para el an\u00e1lisis de las competencias objetivo del usuario (Privado \/ Empresa)<\/li>\n<li>M\u00f3dulo autom\u00e1tico para la composici\u00f3n de la clase y para la realizaci\u00f3n del Training Plan<\/li>\n<li>Elaboraci\u00f3n del Contrato por Proyectos y\/o del Contrato de Prestaciones de Servicio para profesores aut\u00f3nomos (Partita Iva) y del Contrato de suministro para profesores titulares de empresa<\/li>\n<li>Funciones organizativas<\/li>\n<li>M\u00f3dulo de Feedback progresivo para la comprobaci\u00f3n del grado de satisfacci\u00f3n de cada estudiante, de la clase, as\u00ed como de toda la poblaci\u00f3n interesada en un Training Plan<\/li>\n<li>Posibilidad de introducir las presencias y las ausencias en el m\u00f3dulo online (exportable in excel) que se enlaza con el resto de los informes.<\/li>\n<li>Examen final British o Cambridge, Cambridge EPT<\/li>\n<li>Informe gr\u00e1fico de radar en el que se indican (ejem. Socializar, Presentar, Gestionar una Reuni\u00f3n, Escribir, etc.) la capacidad inicial del usuario, el objetivo que se desea alcanzar a largo periodo y el objetivo alcanzado durante el ciclo.<\/li>\n<li>Informe de matriz donde se indican de forma anal\u00edtica los niveles de competencia inicial, final y el objetivo con la descripci\u00f3n del Training Plan realizado y los factores de prestaci\u00f3nperformance del usuario<\/li>\n<li>Certificado Final del Consejo de Europa<\/li>\n<li>Diferentes funcionalidades para el control de la gesti\u00f3n<\/li>\n<li>Licencias para Cursos online de General English<\/li>\n<li>Licencias para Cursos E-Learning de Business English<\/li>\n<li>Licencias para Cursos Telef\u00f3nicos<\/li>\n<li>Licencias para Cursos de Formaci\u00f3n a Distancia Asistida<\/li>\n<li>Licencias para Soluciones Blended N.R.M.<span style=\"background-color: #ffffff;\">\u00a9<\/span><\/li>\n<li>Acceso al Laboratorio Ling\u00fc\u00edstico Virtual (My Lab <span style=\"background-color: #ffffff;\">\u00a9) para todos los cursos<\/span><\/li>\n<\/ol>\n<p>Todo ello a un valor per c\u00e1pita <strong>extremamente competitivo<\/strong> por cada uno de los usuarios en gesti\u00f3n.<\/p>\n<p><a href=\"https:\/\/bsinternational.co.uk\/wp-content\/uploads\/2014\/06\/BritishSchoolInternational.jpg\"><img loading=\"lazy\" decoding=\"async\" class=\"alignnone size-full wp-image-205\" src=\"https:\/\/bsinternational.co.uk\/wp-content\/uploads\/2014\/06\/BritishSchoolInternational.jpg\" alt=\"&#091;cml_media_alt id='205'&#093;BritishSchoolInternational&#091;\/cml_media_alt&#093;\" width=\"590\" height=\"238\" srcset=\"https:\/\/bsinternational.co.uk\/wp-content\/uploads\/2014\/06\/BritishSchoolInternational-300x121.jpg 300w, https:\/\/bsinternational.co.uk\/wp-content\/uploads\/2014\/06\/BritishSchoolInternational.jpg 590w\" sizes=\"(max-width: 590px) 100vw, 590px\" \/><\/a><\/p>\n<p>Gracias a un avanzad\u00edsimo servicio did\u00e1ctico y a una oferta completa, en poco tiempo ver\u00e1s aumentar las ventas y el facturado de tu escuela, con la fidelizaci\u00f3n de tus propios clientes, quienes estar\u00e1n a\u00fan m\u00e1s satisfechos de la elecci\u00f3n realizada.<\/p>\n<p>Ponte en contacto con nosotros para recibir la propuesta comercial<\/p>\n<div class=\"fusion-clearfix\"><\/div><\/div><\/div><div class=\"fusion-clearfix\"><\/div>\n","protected":false},"excerpt":{"rendered":"","protected":false},"author":2,"featured_media":0,"parent":0,"menu_order":0,"comment_status":"open","ping_status":"open","template":"","meta":{"footnotes":""},"class_list":["post-448","page","type-page","status-publish","hentry"],"_links":{"self":[{"href":"https:\/\/bsinternational.co.uk\/es\/wp-json\/wp\/v2\/pages\/448\/"}],"collection":[{"href":"https:\/\/bsinternational.co.uk\/es\/wp-json\/wp\/v2\/pages\/"}],"about":[{"href":"https:\/\/bsinternational.co.uk\/es\/wp-json\/wp\/v2\/types\/page\/"}],"author":[{"embeddable":true,"href":"https:\/\/bsinternational.co.uk\/es\/wp-json\/wp\/v2\/users\/2\/"}],"replies":[{"embeddable":true,"href":"https:\/\/bsinternational.co.uk\/es\/wp-json\/wp\/v2\/comments\/?post=448"}],"version-history":[{"count":2,"href":"https:\/\/bsinternational.co.uk\/es\/wp-json\/wp\/v2\/pages\/448\/revisions\/"}],"predecessor-version":[{"id":906,"href":"https:\/\/bsinternational.co.uk\/es\/wp-json\/wp\/v2\/pages\/448\/revisions\/906\/"}],"wp:attachment":[{"href":"https:\/\/bsinternational.co.uk\/es\/wp-json\/wp\/v2\/media\/?parent=448"}],"curies":[{"name":"wp","href":"https:\/\/api.w.org\/{rel}","templated":true}]}}