{"id":445,"date":"2015-04-26T22:30:42","date_gmt":"2015-04-26T20:30:42","guid":{"rendered":"https:\/\/bsinternational.co.uk\/en\/?page_id=445"},"modified":"2015-09-04T20:57:57","modified_gmt":"2015-09-04T18:57:57","slug":"cursos-para-adultos","status":"publish","type":"page","link":"https:\/\/bsinternational.co.uk\/es\/cursos-para-adultos\/","title":{"rendered":"Cursos para Adultos"},"content":{"rendered":"<p>Nuestros usuarios disponen de toda una serie de soluciones que les permite mejorar r\u00e1pidamente su ingl\u00e9s, de forma f\u00e1cil y divertida.<\/p>\n<p>Los cursos presenciales ofrecen soluciones tanto en grupos reducidos como cursos individuales, que pueden incluso realizarse directamente en el domicilio del estudiante (casa o empresa).<br \/>\nDe gran inter\u00e9s es la soluci\u00f3n low-cost English Interactive que ofrece actividades de tipo social english con repasos gramaticales en divertidos grupos, con posibilidad de reservar la sesi\u00f3n semanal de vez en vez y en d\u00edas y horarios diferentes.<\/p>\n<p>Para aquellos estudiantes que quieran integrar o sustituir la modalidad presencial con \u00e1mbitos de tipo blended, ofrecemos una amplia oferta:<\/p>\n<ul style=\"color: #4c4c4c;\">\n<li>formaci\u00f3n a distancia asistida directamente por un profesor que comprueba y corrige manualmente el trabajo realizado por el estudiante<\/li>\n<li>formaci\u00f3n telef\u00f3nica con la posibilidad de llamar al estudiante tanto a un n\u00famero de tel\u00e9fono fijo como a un n\u00famero de m\u00f3vil<\/li>\n<li>formaci\u00f3n individual en aula virtual sobre temas elegidos por el estudiante<\/li>\n<li>formaci\u00f3n en aula virtual en micro-grupo<\/li>\n<li>programas en e-learning de general english<\/li>\n<li>programas en e-learning de business english<\/li>\n<li>programas en e-learning de technical english<\/li>\n<\/ul>\n<p><img loading=\"lazy\" decoding=\"async\" class=\"alignnone wp-image-69 size-full\" src=\"https:\/\/bsinternational.co.uk\/wp-content\/uploads\/2014\/06\/technology.jpg\" alt=\"Woman's Eye and World Globes\" width=\"1280\" height=\"879\" srcset=\"https:\/\/bsinternational.co.uk\/wp-content\/uploads\/2014\/06\/technology-300x206.jpg 300w, https:\/\/bsinternational.co.uk\/wp-content\/uploads\/2014\/06\/technology-1024x703.jpg 1024w, https:\/\/bsinternational.co.uk\/wp-content\/uploads\/2014\/06\/technology.jpg 1280w\" sizes=\"(max-width: 1280px) 100vw, 1280px\" \/><\/p>\n","protected":false},"excerpt":{"rendered":"<p>Nuestros usuarios disponen de toda una serie de soluciones que les permite mejorar r\u00e1pidamente su ingl\u00e9s, de forma f\u00e1cil y divertida. Los cursos presenciales ofrecen soluciones tanto en grupos reducidos como cursos individuales, que pueden incluso realizarse directamente en el domicilio del estudiante (casa o empresa). De gran inter\u00e9s es la soluci\u00f3n low-cost English Interactive [&hellip;]<\/p>\n","protected":false},"author":6,"featured_media":0,"parent":0,"menu_order":0,"comment_status":"open","ping_status":"open","template":"","meta":{"footnotes":""},"class_list":["post-445","page","type-page","status-publish","hentry"],"_links":{"self":[{"href":"https:\/\/bsinternational.co.uk\/es\/wp-json\/wp\/v2\/pages\/445\/"}],"collection":[{"href":"https:\/\/bsinternational.co.uk\/es\/wp-json\/wp\/v2\/pages\/"}],"about":[{"href":"https:\/\/bsinternational.co.uk\/es\/wp-json\/wp\/v2\/types\/page\/"}],"author":[{"embeddable":true,"href":"https:\/\/bsinternational.co.uk\/es\/wp-json\/wp\/v2\/users\/6\/"}],"replies":[{"embeddable":true,"href":"https:\/\/bsinternational.co.uk\/es\/wp-json\/wp\/v2\/comments\/?post=445"}],"version-history":[{"count":2,"href":"https:\/\/bsinternational.co.uk\/es\/wp-json\/wp\/v2\/pages\/445\/revisions\/"}],"predecessor-version":[{"id":777,"href":"https:\/\/bsinternational.co.uk\/es\/wp-json\/wp\/v2\/pages\/445\/revisions\/777\/"}],"wp:attachment":[{"href":"https:\/\/bsinternational.co.uk\/es\/wp-json\/wp\/v2\/media\/?parent=445"}],"curies":[{"name":"wp","href":"https:\/\/api.w.org\/{rel}","templated":true}]}}