{"id":1813,"date":"2024-10-07T11:30:19","date_gmt":"2024-10-07T10:30:19","guid":{"rendered":"https:\/\/bsinternational.co.uk\/?page_id=1813"},"modified":"2024-10-07T11:33:43","modified_gmt":"2024-10-07T10:33:43","slug":"servicios-de-interpretacion-y-traduccion","status":"publish","type":"page","link":"https:\/\/bsinternational.co.uk\/es\/servicios-de-interpretacion-y-traduccion\/","title":{"rendered":"Servicios de interpretaci\u00f3n y traducci\u00f3n"},"content":{"rendered":"<p>A trav\u00e9s de su red internacional de profesionales, BSI ofrece servicios de Traducci\u00f3n e Interpretaci\u00f3n en todos los idiomas; m\u00e1s concretamente: Interpretaci\u00f3n de negociaci\u00f3n, Interpretaci\u00f3n consecutiva, Interpretaci\u00f3n simult\u00e1nea; Traducciones comerciales y Traducciones t\u00e9cnicas.<br \/>\nPresupuestos a medida en funci\u00f3n del tipo de intervenci\u00f3n <\/p>\n<p>Lenguas manejadas para la interpretaci\u00f3n y traducci\u00f3n tanto hacia como desde el ingl\u00e9s y en modo interling\u00fc\u00edstico.<br \/>\nIngl\u00e9s, Franc\u00e9s, Alem\u00e1n, Espa\u00f1ol, Portugu\u00e9s, Italiano, Holand\u00e9s, Dan\u00e9s, Sueco, Noruega, Ruso, Polaco, Ucraniano, Serbocroata, Griego, \u00c1rabe, Chino, Japon\u00e9s, Coreano<\/p>\n<p><img loading=\"lazy\" decoding=\"async\" src=\"https:\/\/bsinternational.co.uk\/wp-content\/uploads\/2024\/10\/57e30a06-04f6-4794-b29a-91e9fe6a08b1.jpg\" alt=\"\" width=\"1600\" height=\"1066\" class=\"alignnone size-full wp-image-1807\" srcset=\"https:\/\/bsinternational.co.uk\/wp-content\/uploads\/2024\/10\/57e30a06-04f6-4794-b29a-91e9fe6a08b1-200x133.jpg 200w, https:\/\/bsinternational.co.uk\/wp-content\/uploads\/2024\/10\/57e30a06-04f6-4794-b29a-91e9fe6a08b1-300x200.jpg 300w, https:\/\/bsinternational.co.uk\/wp-content\/uploads\/2024\/10\/57e30a06-04f6-4794-b29a-91e9fe6a08b1-400x267.jpg 400w, https:\/\/bsinternational.co.uk\/wp-content\/uploads\/2024\/10\/57e30a06-04f6-4794-b29a-91e9fe6a08b1-600x400.jpg 600w, https:\/\/bsinternational.co.uk\/wp-content\/uploads\/2024\/10\/57e30a06-04f6-4794-b29a-91e9fe6a08b1-768x512.jpg 768w, https:\/\/bsinternational.co.uk\/wp-content\/uploads\/2024\/10\/57e30a06-04f6-4794-b29a-91e9fe6a08b1-800x533.jpg 800w, https:\/\/bsinternational.co.uk\/wp-content\/uploads\/2024\/10\/57e30a06-04f6-4794-b29a-91e9fe6a08b1-1024x682.jpg 1024w, https:\/\/bsinternational.co.uk\/wp-content\/uploads\/2024\/10\/57e30a06-04f6-4794-b29a-91e9fe6a08b1-1200x800.jpg 1200w, https:\/\/bsinternational.co.uk\/wp-content\/uploads\/2024\/10\/57e30a06-04f6-4794-b29a-91e9fe6a08b1-1536x1023.jpg 1536w, https:\/\/bsinternational.co.uk\/wp-content\/uploads\/2024\/10\/57e30a06-04f6-4794-b29a-91e9fe6a08b1.jpg 1600w\" sizes=\"(max-width: 1600px) 100vw, 1600px\" \/><\/p>\n<p>Los profesionales con los que contamos son nativos en la lengua de llegada o, en algunos casos, perfectamente biling\u00fces, cada uno especializado en \u00e1mbitos sectoriales precisos; en cuanto a la interpretaci\u00f3n, los \u00e1mbitos profesionales distinguen entre distintas modalidades de servicio, negociaci\u00f3n, interpretaci\u00f3n consecutiva y simult\u00e1nea en cabina.<\/p>\n","protected":false},"excerpt":{"rendered":"<p>A trav\u00e9s de su red internacional de profesionales, BSI ofrece servicios de Traducci\u00f3n e Interpretaci\u00f3n en todos los idiomas; m\u00e1s concretamente: Interpretaci\u00f3n de negociaci\u00f3n, Interpretaci\u00f3n consecutiva, Interpretaci\u00f3n simult\u00e1nea; Traducciones comerciales y Traducciones t\u00e9cnicas. Presupuestos a medida en funci\u00f3n del tipo de intervenci\u00f3n Lenguas manejadas para la interpretaci\u00f3n y traducci\u00f3n tanto hacia como desde el ingl\u00e9s [&hellip;]<\/p>\n","protected":false},"author":2,"featured_media":0,"parent":0,"menu_order":0,"comment_status":"closed","ping_status":"closed","template":"","meta":{"footnotes":""},"class_list":["post-1813","page","type-page","status-publish","hentry"],"_links":{"self":[{"href":"https:\/\/bsinternational.co.uk\/es\/wp-json\/wp\/v2\/pages\/1813\/"}],"collection":[{"href":"https:\/\/bsinternational.co.uk\/es\/wp-json\/wp\/v2\/pages\/"}],"about":[{"href":"https:\/\/bsinternational.co.uk\/es\/wp-json\/wp\/v2\/types\/page\/"}],"author":[{"embeddable":true,"href":"https:\/\/bsinternational.co.uk\/es\/wp-json\/wp\/v2\/users\/2\/"}],"replies":[{"embeddable":true,"href":"https:\/\/bsinternational.co.uk\/es\/wp-json\/wp\/v2\/comments\/?post=1813"}],"version-history":[{"count":1,"href":"https:\/\/bsinternational.co.uk\/es\/wp-json\/wp\/v2\/pages\/1813\/revisions\/"}],"predecessor-version":[{"id":1814,"href":"https:\/\/bsinternational.co.uk\/es\/wp-json\/wp\/v2\/pages\/1813\/revisions\/1814\/"}],"wp:attachment":[{"href":"https:\/\/bsinternational.co.uk\/es\/wp-json\/wp\/v2\/media\/?parent=1813"}],"curies":[{"name":"wp","href":"https:\/\/api.w.org\/{rel}","templated":true}]}}